{"id":95662,"date":"2025-11-06T14:05:04","date_gmt":"2025-11-06T13:05:04","guid":{"rendered":"https:\/\/smania.store\/hu\/termek\/montekiddo-faasztal-szett-kisgyermekeknek\/"},"modified":"2026-04-15T11:14:22","modified_gmt":"2026-04-15T09:14:22","slug":"montekiddo-faasztal-szett-kisgyermekeknek","status":"publish","type":"product","link":"https:\/\/smania.store\/hu\/termek\/montekiddo-faasztal-szett-kisgyermekeknek\/","title":{"rendered":"MonteKiddo\u2122 faasztal szett kisgyermekeknek"},"content":{"rendered":"<div class=\"smania_landing_description_title\">\u00daJ! 3 az 1-ben gyerek b\u00fator szett<\/div>\n<div class=\"smania_landing_description_txt\">Kis kezek, nagy \u00e1lmok!<\/div>\n<div class=\"smania_landing_description_subtitle\"> Adjon gyermek\u00e9nek egy t\u00f6k\u00e9letes helyet, ahol \u00fclhet, j\u00e1tszhat, rajzolhat \u00e9s fejl\u0151dhet. A MonteKiddo\u2122 fa asztalk\u00e9szletet k\u00edv\u00e1ncsi kisgyermekek sz\u00e1m\u00e1ra k\u00e9sz\u00edtett\u00fck, \u00e9s \u00fagy tervezt\u00fck, hogy minden egyes l\u00e9pcs\u0151fokkal egy\u00fctt fejl\u0151dj\u00f6n &#8211; a bizonytalan els\u0151 l\u00e9p\u00e9sekt\u0151l a magabiztos kreativit\u00e1sig. Tartalmaz kis t\u00e1rol\u00f3 t\u00e1lc\u00e1kat \u2013 t\u00f6k\u00e9letes ceruz\u00e1khoz, zs\u00edrkr\u00e9t\u00e1khoz \u00e9s apr\u00f3 kincsekhez.<\/div>\n<div class=\"smania_landing_description_list\">\n<ul>\n<li>\u00c1talak\u00edthat\u00f3 sz\u00e9kk\u00e9, asztall\u00e1, l\u00e9pcs\u0151ssz\u00e9kk\u00e9 \u00e9s m\u00e9g t\u00f6bb\u00e9<\/li>\n<li>\u00d6szt\u00f6nzi a f\u00fcggetlens\u00e9get \u00e9s a tanul\u00e1st<\/li>\n<li>Kis t\u00e1lc\u00e1kkal a ceruz\u00e1k, zs\u00edrkr\u00e9t\u00e1k \u00e9s apr\u00f3 t\u00e1rgyak rendszerez\u00e9s\u00e9hez<\/li>\n<li>Egy\u00fctt n\u0151 a gyermekkel ((9 h\u00f3 \u2013 6 \u00e9v))<\/li>\n<li>Biztons\u00e1gos, tart\u00f3s \u00e9s Montessori-ihlet\u00e9s\u0171<\/li>\n<li>Egyszer\u0171 \u00f6sszeszerel\u00e9s, szersz\u00e1mok n\u00e9lk\u00fcl<\/li>\n<\/ul><\/div>\n","protected":false},"excerpt":{"rendered":"<p>K\u00f6nnyen elford\u00edthat\u00f3 \u00e9s megford\u00edthat\u00f3 kialak\u00edt\u00e1s|T\u00f6k\u00e9letes kis helyis\u00e9gekbe|St\u00edlust k\u00f6lcs\u00f6n\u00f6z a gyermekszob\u00e1nak|\u00d6n\u00e1ll\u00f3 j\u00e1t\u00e9kra \u00f6szt\u00f6n\u00f6z|1. darab: 36 \u00d7 33 \u00d7 38 cm|2. darab: 30 \u00d7 28 \u00d7 31 cm|Anyag: 100% term\u00e9szetes gumifa|Aj\u00e1nlott \u00e9letkor: 9 h\u00f3nap &#8211; 6 \u00e9v<\/p>\n","protected":false},"featured_media":95652,"template":"","meta":[],"product_cat":[17],"product_tag":[1650],"acf":[],"_links":{"self":[{"href":"https:\/\/smania.store\/hu\/wp-json\/wp\/v2\/product\/95662"}],"collection":[{"href":"https:\/\/smania.store\/hu\/wp-json\/wp\/v2\/product"}],"about":[{"href":"https:\/\/smania.store\/hu\/wp-json\/wp\/v2\/types\/product"}],"wp:featuredmedia":[{"embeddable":true,"href":"https:\/\/smania.store\/hu\/wp-json\/wp\/v2\/media\/95652"}],"wp:attachment":[{"href":"https:\/\/smania.store\/hu\/wp-json\/wp\/v2\/media?parent=95662"}],"wp:term":[{"taxonomy":"product_cat","embeddable":true,"href":"https:\/\/smania.store\/hu\/wp-json\/wp\/v2\/product_cat?post=95662"},{"taxonomy":"product_tag","embeddable":true,"href":"https:\/\/smania.store\/hu\/wp-json\/wp\/v2\/product_tag?post=95662"}],"curies":[{"name":"wp","href":"https:\/\/api.w.org\/{rel}","templated":true}]}}