{"id":95643,"date":"2025-11-06T07:30:05","date_gmt":"2025-11-06T06:30:05","guid":{"rendered":"https:\/\/smania.store\/hu\/termek\/merrypine-osszecsukhato-elore-feldiszitett-karacsonyfa\/"},"modified":"2025-12-31T19:45:10","modified_gmt":"2025-12-31T18:45:10","slug":"merrypine-osszecsukhato-elore-feldiszitett-karacsonyfa","status":"publish","type":"product","link":"https:\/\/smania.store\/hu\/termek\/merrypine-osszecsukhato-elore-feldiszitett-karacsonyfa\/","title":{"rendered":"MerryPine\u2122 \u00f6sszecsukhat\u00f3, el\u0151re feld\u00edsz\u00edtett kar\u00e1csonyfa"},"content":{"rendered":"<div class=\"smania_landing_description_title\">\u00daJ! Azonnali \u00fcnnepi var\u00e1zslat percek alatt<\/div>\n<div class=\"smania_landing_description_txt\">Kar\u00e1csonyi var\u00e1zslat egy perc alatt &#8211; Semmi gond, csak \u00f6r\u00f6m<\/div>\n<div class=\"smania_landing_description_subtitle\">\u00c9lvezze a gy\u00f6ny\u00f6r\u0171en feld\u00edsz\u00edtett f\u00e1t an\u00e9lk\u00fcl, hogy egy ujj\u00e1t is megmozd\u00edtan\u00e1. A MerryPine\u2122 m\u00e1sodpercek alatt \u00f6sszecsukhat\u00f3, gy\u00f6ny\u00f6r\u0171 d\u00edszekkel, szalagokkal, masnikkal, levelekkel, mikul\u00e1scsillagokkal \u00e9s LED-f\u00e9nyekkel, \u00edgy az \u00fcnnepi d\u00edsz\u00edt\u00e9s k\u00f6nnyed\u00e9n \u00e9s stresszmentesen megy.<\/div>\n<div class=\"smania_landing_description_list\">\n<ul>\n<li>Gyors pop-up kialak\u00edt\u00e1s &#8211; egy perc alatt \u00f6sszeszerelhet\u0151<\/li>\n<li>T\u00e1vir\u00e1ny\u00edthat\u00f3 LED-es l\u00e1mp\u00e1k &#8211; nincs sz\u00fcks\u00e9g hajl\u00edt\u00e1sra vagy ny\u00falk\u00e1l\u00e1sra<\/li>\n<li>El\u0151re d\u00edsz\u00edtett d\u00edszekkel, szalagokkal, masnikkal &#8211; id\u0151t takar\u00edt meg a d\u00edsz\u00edt\u00e9ssel kapcsolatban<\/li>\n<li>Tart\u00f3s, szagtalan PVC &#8211; biztons\u00e1gos a gyermekek \u00e9s a h\u00e1zi\u00e1llatok sz\u00e1m\u00e1ra<\/li>\n<li>T\u00f6k\u00e9letes belt\u00e9ri \u00e9s k\u00fclt\u00e9ri haszn\u00e1latra &#8211; nappaliba, verand\u00e1ra, irod\u00e1ba vagy teraszra<\/li>\n<li>Ide\u00e1lis az id\u0151sek sz\u00e1m\u00e1ra &#8211; kik\u00fcsz\u00f6b\u00f6li a bonyolult \u00f6sszeszerel\u00e9st<\/li>\n<\/ul><\/div>\n","protected":false},"excerpt":{"rendered":"<p>Gyors be\u00e1ll\u00edt\u00e1s|T\u00e1vir\u00e1ny\u00edt\u00f3|El\u0151re d\u00edsz\u00edtett|Tart\u00f3s \u00e9s biztons\u00e1gos|Sz\u00ednek: Ez\u00fcst|Magass\u00e1g: 180 cm|LED f\u00e9nyek: meleg feh\u00e9r|Anyag: PVC, nem m\u00e9rgez\u0151 \u00e9s tart\u00f3s<\/p>\n","protected":false},"featured_media":95632,"template":"","meta":[],"product_cat":[16,21],"product_tag":[1555,1538],"acf":[],"_links":{"self":[{"href":"https:\/\/smania.store\/hu\/wp-json\/wp\/v2\/product\/95643"}],"collection":[{"href":"https:\/\/smania.store\/hu\/wp-json\/wp\/v2\/product"}],"about":[{"href":"https:\/\/smania.store\/hu\/wp-json\/wp\/v2\/types\/product"}],"wp:featuredmedia":[{"embeddable":true,"href":"https:\/\/smania.store\/hu\/wp-json\/wp\/v2\/media\/95632"}],"wp:attachment":[{"href":"https:\/\/smania.store\/hu\/wp-json\/wp\/v2\/media?parent=95643"}],"wp:term":[{"taxonomy":"product_cat","embeddable":true,"href":"https:\/\/smania.store\/hu\/wp-json\/wp\/v2\/product_cat?post=95643"},{"taxonomy":"product_tag","embeddable":true,"href":"https:\/\/smania.store\/hu\/wp-json\/wp\/v2\/product_tag?post=95643"}],"curies":[{"name":"wp","href":"https:\/\/api.w.org\/{rel}","templated":true}]}}