{"id":95553,"date":"2025-11-04T08:51:35","date_gmt":"2025-11-04T07:51:35","guid":{"rendered":"https:\/\/smania.store\/hu\/termek\/taprack-falra-szerelheto-polc-vakuumos-tapadokorongokkal-csaphoz\/"},"modified":"2026-04-08T11:40:42","modified_gmt":"2026-04-08T09:40:42","slug":"taprack-falra-szerelheto-polc-vakuumos-tapadokorongokkal-csaphoz","status":"publish","type":"product","link":"https:\/\/smania.store\/hu\/termek\/taprack-falra-szerelheto-polc-vakuumos-tapadokorongokkal-csaphoz\/","title":{"rendered":"TapRack\u2122 falra szerelhet\u0151 polc v\u00e1kuumos tapad\u00f3korongokkal csaphoz"},"content":{"rendered":"<div class=\"smania_landing_description_title\">\u00daJDONS\u00c1G: Extra hely, f\u00far\u00e1s n\u00e9lk\u00fcl<\/div>\n<div class=\"smania_landing_description_txt\">Szerezzen t\u00f6bb helyet a csap m\u00f6g\u00f6tt, \u00e9s adjon egy kis luxust \u2013 f\u00far\u00e1s n\u00e9lk\u00fcl!<\/div>\n<div class=\"smania_landing_description_subtitle\">R\u00f6gz\u00edtse a falra er\u0151s v\u00e1kuumos tapad\u00f3korongokkal, \u00e9s \u00e9lvezze az extra helyet er\u0151fesz\u00edt\u00e9s n\u00e9lk\u00fcl, luxus megjelen\u00e9ssel!<\/div>\n<div class=\"smania_landing_description_list\">\n<ul>\n<li>Maxim\u00e1lisan kihaszn\u00e1lja a mosogat\u00f3 k\u00f6r\u00fcli helyet<\/li>\n<li>Minden csappal kompatibilis<\/li>\n<li>Biztons\u00e1gos r\u00f6gz\u00edt\u00e9s v\u00e1kuumos tapad\u00f3korongokkal<\/li>\n<li>Korl\u00e1tlanul elt\u00e1vol\u00edthat\u00f3 \u00e9s \u00fajra felszerelhet\u0151<\/li>\n<li>V\u00edz\u00e1ll\u00f3 kialak\u00edt\u00e1s v\u00edzelvezet\u0151 rendszerrel<\/li>\n<\/ul><\/div>\n","protected":false},"excerpt":{"rendered":"<p>Er\u0151s v\u00e1kuumos tapad\u00f3korongok biztos tart\u00e1st ny\u00fajtanak|F\u00far\u00e1s \u00e9s rendetlens\u00e9g n\u00e9lk\u00fcli felszerel\u00e9s|Elt\u00e1vol\u00edthat\u00f3 \u00e9s moshat\u00f3 t\u00e1lca|Luxus hat\u00e1st k\u00f6lcs\u00f6n\u00f6z|T\u00f6k\u00e9letes kis f\u00fcrd\u0151szob\u00e1kba|Sz\u00edn: di\u00f3 \u00e9s fekete|Anyagok: alum\u00ednium \u00f6tv\u00f6zet, szilikon|Polc m\u00e9retei: 40 x 12 x 4 cm|Teherb\u00edr\u00e1s: 3 kg|Alkalmaz\u00e1s: minden sima, lapos fel\u00fclet<\/p>\n","protected":false},"featured_media":95540,"template":"","meta":[],"product_cat":[16],"product_tag":[1555,1538],"acf":[],"_links":{"self":[{"href":"https:\/\/smania.store\/hu\/wp-json\/wp\/v2\/product\/95553"}],"collection":[{"href":"https:\/\/smania.store\/hu\/wp-json\/wp\/v2\/product"}],"about":[{"href":"https:\/\/smania.store\/hu\/wp-json\/wp\/v2\/types\/product"}],"wp:featuredmedia":[{"embeddable":true,"href":"https:\/\/smania.store\/hu\/wp-json\/wp\/v2\/media\/95540"}],"wp:attachment":[{"href":"https:\/\/smania.store\/hu\/wp-json\/wp\/v2\/media?parent=95553"}],"wp:term":[{"taxonomy":"product_cat","embeddable":true,"href":"https:\/\/smania.store\/hu\/wp-json\/wp\/v2\/product_cat?post=95553"},{"taxonomy":"product_tag","embeddable":true,"href":"https:\/\/smania.store\/hu\/wp-json\/wp\/v2\/product_tag?post=95553"}],"curies":[{"name":"wp","href":"https:\/\/api.w.org\/{rel}","templated":true}]}}