{"id":95415,"date":"2025-10-28T12:13:15","date_gmt":"2025-10-28T11:13:15","guid":{"rendered":"https:\/\/smania.store\/hu\/termek\/dreammill-asztali-led-es-vizimalom-szokokut\/"},"modified":"2026-04-12T23:08:32","modified_gmt":"2026-04-12T21:08:32","slug":"dreammill-asztali-led-es-vizimalom-szokokut","status":"publish","type":"product","link":"https:\/\/smania.store\/hu\/termek\/dreammill-asztali-led-es-vizimalom-szokokut\/","title":{"rendered":"DreamMill\u2122 asztali LED-es v\u00edzimalom sz\u00f6k\u0151k\u00fat"},"content":{"rendered":"<div class=\"smania_landing_description_title\">\u00daJ: behozza a term\u00e9szetet a t\u00e9rbe<\/div>\n<div class=\"smania_landing_description_txt\">Alak\u00edtsa \u00e1t ter\u00e9t a nyugalommal<\/div>\n<div class=\"smania_landing_description_subtitle\"> Emelje fel otthon\u00e1t vagy irod\u00e1j\u00e1t a v\u00edzes\u00e9s nyugtat\u00f3 hangjaival \u00e9s az \u00e9jszakai f\u00e9ny gyeng\u00e9d f\u00e9ny\u00e9vel, amelyet \u00fagy terveztek, hogy elolvadjon a stressz \u00e9s nyugodt szent\u00e9lyt teremtsen. T\u00f6k\u00e9letes b\u00e1rmilyen t\u00e9rbe, a kompakt kialak\u00edt\u00e1s biztos\u00edtja, hogy a b\u00e9ke mindig el\u00e9rhet\u0151 k\u00f6zels\u00e9gben legyen. <\/div>\n<div class=\"smania_landing_description_list\">\n<ul>\n<li>Term\u00e9szetes pihen\u00e9s otthon<\/li>\n<li>Stresszold\u00e1s szel\u00edd \u00e1ramlatokkal<\/li>\n<li>Eleganci\u00e1val gazdag\u00edtja a dekor\u00e1ci\u00f3t<\/li>\n<li>Elt\u00fcnteti a napi fesz\u00fclts\u00e9get<\/li>\n<li>Nyugtat\u00f3, stresszmentes l\u00e9gk\u00f6rt teremt<\/li>\n<li>Ide\u00e1lis aj\u00e1nd\u00e9k v\u00e1laszt\u00e1s szeretteinek<\/li>\n<\/ul><\/div>\n","protected":false},"excerpt":{"rendered":"<p>Kiv\u00e1l\u00f3 min\u0151s\u00e9g\u0171, tart\u00f3s gyant\u00e1b\u00f3l k\u00e9sz\u00fclt|Kompakt m\u00e9rete b\u00e1rmilyen asztallapon elf\u00e9r|L\u00e1gy megvil\u00e1g\u00edt\u00e1s a megnyugtat\u00f3 hangulat\u00e9rt|M\u00e9retek: 28 x 26 x 19 cm|S\u00faly: 1,30 kg|Anyag: Kem\u00e9nys\u00e9g: 1,5 mm: Kiv\u00e1l\u00f3 min\u0151s\u00e9g\u0171, tart\u00f3s gyanta<\/p>\n","protected":false},"featured_media":95404,"template":"","meta":[],"product_cat":[16],"product_tag":[1555],"acf":[],"_links":{"self":[{"href":"https:\/\/smania.store\/hu\/wp-json\/wp\/v2\/product\/95415"}],"collection":[{"href":"https:\/\/smania.store\/hu\/wp-json\/wp\/v2\/product"}],"about":[{"href":"https:\/\/smania.store\/hu\/wp-json\/wp\/v2\/types\/product"}],"wp:featuredmedia":[{"embeddable":true,"href":"https:\/\/smania.store\/hu\/wp-json\/wp\/v2\/media\/95404"}],"wp:attachment":[{"href":"https:\/\/smania.store\/hu\/wp-json\/wp\/v2\/media?parent=95415"}],"wp:term":[{"taxonomy":"product_cat","embeddable":true,"href":"https:\/\/smania.store\/hu\/wp-json\/wp\/v2\/product_cat?post=95415"},{"taxonomy":"product_tag","embeddable":true,"href":"https:\/\/smania.store\/hu\/wp-json\/wp\/v2\/product_tag?post=95415"}],"curies":[{"name":"wp","href":"https:\/\/api.w.org\/{rel}","templated":true}]}}