{"id":95372,"date":"2025-10-27T11:44:37","date_gmt":"2025-10-27T10:44:37","guid":{"rendered":"https:\/\/smania.store\/hu\/termek\/tabura-tarolo-ottoman-szett-ketszinu-fedellel\/"},"modified":"2026-04-04T17:39:33","modified_gmt":"2026-04-04T15:39:33","slug":"tabura-tarolo-ottoman-szett-ketszinu-fedellel","status":"publish","type":"product","link":"https:\/\/smania.store\/hu\/termek\/tabura-tarolo-ottoman-szett-ketszinu-fedellel\/","title":{"rendered":"Tabura\u2122 T\u00e1rol\u00f3 ottom\u00e1n szett k\u00e9tsz\u00edn\u0171 fed\u00e9llel"},"content":{"rendered":"<div class=\"smania_landing_description_title\">\u00daJ: Eleg\u00e1ns t\u00e1rol\u00f3 \u00e9s \u00fcl\u0151hely<\/div>\n<div class=\"smania_landing_description_txt\">Alak\u00edtsa \u00e1t a ter\u00e9t pillanatok alatt!<\/div>\n<div class=\"smania_landing_description_subtitle\"> Bemutatjuk a Tabura\u2122-t, az elegancia \u00e9s praktikum t\u00f6k\u00e9letes kombin\u00e1ci\u00f3j\u00e1t! Ez a gy\u00f6ny\u00f6r\u0171 Tabura\u2122 t\u00e1rol\u00f3 ottom\u00e1n szett \u00fagy van tervezve, hogy minden szob\u00e1t egy \u00faj szintre emeljen luxus megjelen\u00e9s\u00e9vel \u00e9s sokoldal\u00fa funkci\u00f3ival. T\u00f6k\u00e9letes azoknak, akik a sz\u00e9ps\u00e9get \u00e9s a funkcionalit\u00e1st keresik! <\/div>\n<div class=\"smania_landing_description_list\">\n<ul>\n<li>\u00c1talakul t\u00e1lal\u00f3asztall\u00e1<\/li>\n<li>Rengeteg rejtett t\u00e1rol\u00f3hely<\/li>\n<li>Sokoldal\u00fa diz\u00e1jn minden ig\u00e9nyhez<\/li>\n<li>Luxus b\u00e1rsony, b\u0151rbar\u00e1t fel\u00fclet<\/li>\n<li>Maxim\u00e1lis terhelhet\u0151s\u00e9g: 120 kg<\/li>\n<\/ul><\/div>\n","protected":false},"excerpt":{"rendered":"<p>Helytakar\u00e9kos f\u00e9s\u00fclk\u00f6d\u00e9si diz\u00e1jn|Alak\u00edtsa \u00e1t a fedelet k\u00e1v\u00e9z\u00f3asztall\u00e1|Rendezze el a j\u00e1t\u00e9kokat, ruh\u00e1kat \u00e9s m\u00e9g sok m\u00e1st|K\u00e9zm\u0171ves r\u00e9szletek szak\u00e9rt\u0151i munka|Szerel\u00e9s n\u00e9lk\u00fcl, k\u00e9szen \u00e1ll a haszn\u00e1latra|Sz\u00edn: Piszkos feh\u00e9r|Sz\u00f6vet t\u00edpusa: B\u00e1rsony|Maxim\u00e1lis terhelhet\u0151s\u00e9g: 120 kg|M\u00e9ret (nagyobb): 44 x 37,5 cm|M\u00e9ret (kisebb): 36 x 32 cm<\/p>\n","protected":false},"featured_media":95359,"template":"","meta":[],"product_cat":[16],"product_tag":[1555],"acf":[],"_links":{"self":[{"href":"https:\/\/smania.store\/hu\/wp-json\/wp\/v2\/product\/95372"}],"collection":[{"href":"https:\/\/smania.store\/hu\/wp-json\/wp\/v2\/product"}],"about":[{"href":"https:\/\/smania.store\/hu\/wp-json\/wp\/v2\/types\/product"}],"wp:featuredmedia":[{"embeddable":true,"href":"https:\/\/smania.store\/hu\/wp-json\/wp\/v2\/media\/95359"}],"wp:attachment":[{"href":"https:\/\/smania.store\/hu\/wp-json\/wp\/v2\/media?parent=95372"}],"wp:term":[{"taxonomy":"product_cat","embeddable":true,"href":"https:\/\/smania.store\/hu\/wp-json\/wp\/v2\/product_cat?post=95372"},{"taxonomy":"product_tag","embeddable":true,"href":"https:\/\/smania.store\/hu\/wp-json\/wp\/v2\/product_tag?post=95372"}],"curies":[{"name":"wp","href":"https:\/\/api.w.org\/{rel}","templated":true}]}}