{"id":95338,"date":"2025-10-27T10:21:36","date_gmt":"2025-10-27T09:21:36","guid":{"rendered":"https:\/\/smania.store\/hu\/termek\/bloomnest-mobil-novenytarto-allvany-4-szintes-kivitelben\/"},"modified":"2026-04-11T14:37:48","modified_gmt":"2026-04-11T12:37:48","slug":"bloomnest-mobil-novenytarto-allvany-4-szintes-kivitelben","status":"publish","type":"product","link":"https:\/\/smania.store\/hu\/termek\/bloomnest-mobil-novenytarto-allvany-4-szintes-kivitelben\/","title":{"rendered":"BloomNest\u2122 mobil n\u00f6v\u00e9nytart\u00f3 \u00e1llv\u00e1ny 4 szintes kivitelben"},"content":{"rendered":"<div class=\"smania_landing_description_title\">\u00daJ: T\u00f6k\u00e9letes darab az otthoni hangulathoz<\/div>\n<div class=\"smania_landing_description_txt\">St\u00edlusban gy\u00f6kerezik. Mozg\u00e1sra tervezve.<\/div>\n<div class=\"smania_landing_description_subtitle\">Adjon n\u00f6v\u00e9nyeinek meg\u00e9rdemelt figyelmet ezzel a modern, 4 szintes f\u00e9m n\u00f6v\u00e9nytart\u00f3 \u00e1llv\u00e1nnyal. Belt\u00e9ri \u00e9s k\u00fclt\u00e9ri haszn\u00e1latra tervezve, meger\u0151s\u00edtett tart\u00f3oszlopokkal, sim\u00e1n g\u00f6rd\u00fcl\u0151 kerekekkel \u00e9s fa polcokkal rendelkezik, amelyek term\u00e9szetes eleganci\u00e1t k\u00f6lcs\u00f6n\u00f6znek. Helytakar\u00e9kos \u00e9s eleg\u00e1ns, k\u00f6nnyed\u00e9n z\u00f6ld o\u00e1ziss\u00e1 alak\u00edtja b\u00e1rmely sarkot.<\/div>\n<div class=\"smania_landing_description_list\">\n<ul>\n<li>Helytakar\u00e9kos kialak\u00edt\u00e1s \u2013 Kompakt alapter\u00fclet, 4 f\u00fcgg\u0151leges szinttel a maxim\u00e1lis n\u00f6v\u00e9nymegjelen\u00edt\u00e9s\u00e9rt<\/li>\n<li>Tart\u00f3s szerkezet \u2013 Meger\u0151s\u00edtett f\u00e9mkeret \u00e9s fa polcok a hossz\u00fa t\u00e1v\u00fa stabilit\u00e1s\u00e9rt<\/li>\n<li>K\u00f6nny\u0171 mozgathat\u00f3s\u00e1g \u2013 Be\u00e9p\u00edtett kerekek a szob\u00e1k vagy k\u00fclt\u00e9ri terek k\u00f6z\u00f6tti egyszer\u0171 mozgat\u00e1s\u00e9rt<\/li>\n<li>Belt\u00e9ri \u00e9s k\u00fclt\u00e9ri haszn\u00e1lat \u2013 Id\u0151j\u00e1r\u00e1s\u00e1ll\u00f3 bevonat a sokoldal\u00fa elhelyez\u00e9shez b\u00e1rhol<\/li>\n<li>Eleg\u00e1ns otthoni dekor \u2013 Modern eszt\u00e9tika, amely kieg\u00e9sz\u00edti b\u00e1rmely szob\u00e1t vagy erk\u00e9lyt<\/li>\n<\/ul><\/div>\n","protected":false},"excerpt":{"rendered":"<p>Kompakt \u00e9s helytakar\u00e9kos|Massz\u00edv f\u00e9m + fa szerkezet|K\u00f6nnyen g\u00f6rd\u00fcl a kerekekkel|Ide\u00e1lis belt\u00e9ri \u00e9s k\u00fclt\u00e9ri haszn\u00e1latra|Sz\u00edn: Feh\u00e9r polcok matt fekete f\u00e9mkerettel|Anyag: Porsz\u00f3rt ac\u00e9l \u00e9s m\u00e9rn\u00f6ki fa|M\u00e9retek: 86 \u00d7 33 \u00d7 22 cm|Mozgathat\u00f3s\u00e1g: 4 forg\u00f3 ker\u00e9k (ebb\u0151l 2 f\u00e9kezhet\u0151) az egyszer\u0171 mozgat\u00e1s\u00e9rt<\/p>\n","protected":false},"featured_media":95327,"template":"","meta":[],"product_cat":[16],"product_tag":[1555],"acf":[],"_links":{"self":[{"href":"https:\/\/smania.store\/hu\/wp-json\/wp\/v2\/product\/95338"}],"collection":[{"href":"https:\/\/smania.store\/hu\/wp-json\/wp\/v2\/product"}],"about":[{"href":"https:\/\/smania.store\/hu\/wp-json\/wp\/v2\/types\/product"}],"wp:featuredmedia":[{"embeddable":true,"href":"https:\/\/smania.store\/hu\/wp-json\/wp\/v2\/media\/95327"}],"wp:attachment":[{"href":"https:\/\/smania.store\/hu\/wp-json\/wp\/v2\/media?parent=95338"}],"wp:term":[{"taxonomy":"product_cat","embeddable":true,"href":"https:\/\/smania.store\/hu\/wp-json\/wp\/v2\/product_cat?post=95338"},{"taxonomy":"product_tag","embeddable":true,"href":"https:\/\/smania.store\/hu\/wp-json\/wp\/v2\/product_tag?post=95338"}],"curies":[{"name":"wp","href":"https:\/\/api.w.org\/{rel}","templated":true}]}}