{"id":95264,"date":"2025-10-23T13:39:20","date_gmt":"2025-10-23T11:39:20","guid":{"rendered":"https:\/\/smania.store\/hu\/termek\/dinoslide-elektromos-gyerek-dinoszaurusz-csuszda\/"},"modified":"2025-12-17T12:51:10","modified_gmt":"2025-12-17T11:51:10","slug":"dinoslide-elektromos-gyerek-dinoszaurusz-csuszda","status":"publish","type":"product","link":"https:\/\/smania.store\/hu\/termek\/dinoslide-elektromos-gyerek-dinoszaurusz-csuszda\/","title":{"rendered":"DinoSlide\u2122 elektromos gyerek dinoszaurusz cs\u00faszda"},"content":{"rendered":"<div class=\"smania_landing_description_title\">\u00daJ: Gy\u00fajtja a k\u00e9pzeletbeli j\u00e1t\u00e9kot<\/div>\n<div class=\"smania_landing_description_txt\">Versenyz\u0151 dinoszauruszok, amelyek kreativit\u00e1st \u00e9s tanul\u00e1st v\u00e1ltanak ki<\/div>\n<div class=\"smania_landing_description_subtitle\"> Gy\u00fajtsa meg gyermeke k\u00e9pzelet\u00e9t \u00fcv\u00f6lt\u0151 dinoszauruszokkal, izz\u00f3 p\u00e1ly\u00e1kkal, izgalmas f\u00e9nyekkel \u00e9s hangokkal. Ez a dinamikus j\u00e1t\u00e9kk\u00e9szlet b\u00e1rmelyik szob\u00e1t \u0151skori kalandd\u00e1 v\u00e1ltoztatja &#8211; kreativit\u00e1st, sz\u00f3rakoz\u00e1st \u00e9s tanul\u00e1st egyar\u00e1nt!<\/div>\n<div class=\"smania_landing_description_list\">\n<ul>\n<li>Serkenti a kreat\u00edv j\u00e1t\u00e9kot \u00e9s a k\u00e9pzeletet<\/li>\n<li>Fejleszti a koordin\u00e1ci\u00f3t \u00e9s a probl\u00e9mamegold\u00e1st<\/li>\n<li>K\u00f6nny\u0171 \u00f6sszeszerel\u00e9s a v\u00e9gtelen kalandok\u00e9rt<\/li>\n<li>\u00c9l\u00e9nk sz\u00ednek \u00e9s elb\u0171v\u00f6l\u0151 zene<\/li>\n<li>Ide\u00e1lis aj\u00e1nd\u00e9k b\u00e1rmilyen alkalomra<\/li>\n<\/ul><\/div>\n","protected":false},"excerpt":{"rendered":"<p>T\u00f6k\u00e9letes 3+ \u00e9veseknek|Z\u00f6kken\u0151mentes p\u00e1lya integr\u00e1ci\u00f3|Fi\u00faknak \u00e9s l\u00e1nyoknak egyar\u00e1nt|Interakt\u00edv \u00e9s tanuls\u00e1gos sz\u00f3rakoz\u00e1s|M\u00e9retek: 25.5 x 16.5 x 7.5 cm|S\u00faly: 0,37 kg|Anyag: Kem\u00e9nys\u00e9g: 1,5 mm: K\u00f6rnyezetbar\u00e1t ABS m\u0171anyag, biztons\u00e1gos a gyermekek sz\u00e1m\u00e1ra|Tulajdons\u00e1gok: 5 dinoszaurusz, zene \u00e9s f\u00e9nyeffektek<\/p>\n","protected":false},"featured_media":95253,"template":"","meta":[],"product_cat":[17],"product_tag":[1535,1650],"acf":[],"_links":{"self":[{"href":"https:\/\/smania.store\/hu\/wp-json\/wp\/v2\/product\/95264"}],"collection":[{"href":"https:\/\/smania.store\/hu\/wp-json\/wp\/v2\/product"}],"about":[{"href":"https:\/\/smania.store\/hu\/wp-json\/wp\/v2\/types\/product"}],"wp:featuredmedia":[{"embeddable":true,"href":"https:\/\/smania.store\/hu\/wp-json\/wp\/v2\/media\/95253"}],"wp:attachment":[{"href":"https:\/\/smania.store\/hu\/wp-json\/wp\/v2\/media?parent=95264"}],"wp:term":[{"taxonomy":"product_cat","embeddable":true,"href":"https:\/\/smania.store\/hu\/wp-json\/wp\/v2\/product_cat?post=95264"},{"taxonomy":"product_tag","embeddable":true,"href":"https:\/\/smania.store\/hu\/wp-json\/wp\/v2\/product_tag?post=95264"}],"curies":[{"name":"wp","href":"https:\/\/api.w.org\/{rel}","templated":true}]}}