{"id":95167,"date":"2025-10-21T11:58:18","date_gmt":"2025-10-21T09:58:18","guid":{"rendered":"https:\/\/smania.store\/hu\/termek\/pawfort-tobbfunkcios-kutyaketrec\/"},"modified":"2026-04-17T11:43:30","modified_gmt":"2026-04-17T09:43:30","slug":"pawfort-tobbfunkcios-kutyaketrec","status":"publish","type":"product","link":"https:\/\/smania.store\/hu\/termek\/pawfort-tobbfunkcios-kutyaketrec\/","title":{"rendered":"PawFort\u2122 t\u00f6bbfunkci\u00f3s kutyaketrec"},"content":{"rendered":"<div class=\"smania_landing_description_title\">\u00daJ: Biztons\u00e1gos hely a h\u00e1zi\u00e1llatnak<\/div>\n<div class=\"smania_landing_description_txt\">Nem csak egy l\u00e1da &#8211; ez a biztons\u00e1gos hely\u00fck<\/div>\n<div class=\"smania_landing_description_subtitle\">K\u00e9nyelemre tervezve, rugalmass\u00e1gra \u00e9p\u00edtve &#8211; a PawFort\u2122 otthon \u00e9s \u00fatk\u00f6zben is haszn\u00e1lhat\u00f3 l\u00e1dak\u00e9nt, j\u00e1tsz\u00f3h\u00e1zk\u00e9nt vagy biztons\u00e1gos mened\u00e9kk\u00e9nt. Ak\u00e1r szuny\u00f3k\u00e1l\u00e1shoz, utaz\u00e1shoz vagy csendes id\u0151t\u00f6lt\u00e9shez, alkalmazkodik a kutya \u00e9let\u00e9hez, nem pedig ford\u00edtva.<\/div>\n<div class=\"smania_landing_description_list\">\n<ul>\n<li>K\u00e9nyelmes \u00e9s biztons\u00e1gos hely minden kutyam\u00e9ret sz\u00e1m\u00e1ra<\/li>\n<li>3 az 1-ben haszn\u00e1lat: ketrec, j\u00e1r\u00f3ka vagy nyitott ter\u00fclet<\/li>\n<li>A modul\u00e1ris panelek lehet\u0151v\u00e9 teszik az alak \u00e9s a m\u00e9ret testreszab\u00e1s\u00e1t<\/li>\n<li>\u00c1ll\u00edthat\u00f3 ajt\u00f3\u00e1ll\u00e1s \u00e9s levehet\u0151 fels\u0151 fed\u00e9l<\/li>\n<li>Tart\u00f3s ac\u00e9lszerkezet, amely m\u00e9gis k\u00f6nnyen mozgathat\u00f3<\/li>\n<li>Letisztult kialak\u00edt\u00e1s, amely k\u00f6nnyen \u00f6sszecsukhat\u00f3 \u00e9s t\u00e1rolhat\u00f3<\/li>\n<\/ul><\/div>\n","protected":false},"excerpt":{"rendered":"<p>Alkalmas kuty\u00e1k, nyulak vagy kis h\u00e1zi\u00e1llatok sz\u00e1m\u00e1ra|A fels\u0151 fed\u00e9l k\u00f6nnyen elt\u00e1vol\u00edthat\u00f3|Az ajt\u00f3 poz\u00edci\u00f3ja \u00e1ll\u00edthat\u00f3 a be\u00e1ll\u00edt\u00e1s sor\u00e1n|Gyors \u00f6sszeszerel\u00e9s egyszer\u0171 szersz\u00e1mokkal|Sz\u00edn: Fekete|M\u00e9ret: 140 \u00d7 70 \u00d7 80 cm|Anyag: Anyag: 1,5 mm: Porsz\u00f3rt ac\u00e9l|K\u00f6nny\u0171 \u00e9s k\u00f6nnyen mozgathat\u00f3<\/p>\n","protected":false},"featured_media":95158,"template":"","meta":[],"product_cat":[16,20],"product_tag":[1503],"acf":[],"_links":{"self":[{"href":"https:\/\/smania.store\/hu\/wp-json\/wp\/v2\/product\/95167"}],"collection":[{"href":"https:\/\/smania.store\/hu\/wp-json\/wp\/v2\/product"}],"about":[{"href":"https:\/\/smania.store\/hu\/wp-json\/wp\/v2\/types\/product"}],"wp:featuredmedia":[{"embeddable":true,"href":"https:\/\/smania.store\/hu\/wp-json\/wp\/v2\/media\/95158"}],"wp:attachment":[{"href":"https:\/\/smania.store\/hu\/wp-json\/wp\/v2\/media?parent=95167"}],"wp:term":[{"taxonomy":"product_cat","embeddable":true,"href":"https:\/\/smania.store\/hu\/wp-json\/wp\/v2\/product_cat?post=95167"},{"taxonomy":"product_tag","embeddable":true,"href":"https:\/\/smania.store\/hu\/wp-json\/wp\/v2\/product_tag?post=95167"}],"curies":[{"name":"wp","href":"https:\/\/api.w.org\/{rel}","templated":true}]}}