{"id":95154,"date":"2025-10-21T08:54:38","date_gmt":"2025-10-21T06:54:38","guid":{"rendered":"https:\/\/smania.store\/hu\/termek\/foamclear-habtisztito\/"},"modified":"2026-04-07T14:04:18","modified_gmt":"2026-04-07T12:04:18","slug":"foamclear-habtisztito","status":"publish","type":"product","link":"https:\/\/smania.store\/hu\/termek\/foamclear-habtisztito\/","title":{"rendered":"FoamClear habtiszt\u00edt\u00f3"},"content":{"rendered":"<div class=\"smania_landing_description_title\">\u00daJ! Var\u00e1zslatos tiszt\u00edt\u00f3szer az aut\u00f3j\u00e1hoz \u00e9s otthon\u00e1hoz<\/div>\n<div class=\"smania_landing_description_txt\">F\u00fajja be, t\u00f6r\u00f6lje le, \u00e9s a szennyez\u0151d\u00e9s elt\u0171nik!<\/div>\n<div class=\"smania_landing_description_subtitle\">A FoamClear egy er\u0151teljes, mindent egyben tiszt\u00edt\u00f3 hab, amelyet a gyors \u00e9s k\u00f6nnyed tiszt\u00edt\u00e1shoz terveztek, b\u00e1rhol &#8211; otthon, az aut\u00f3ban vagy az irod\u00e1ban. Hat\u00e9konyan t\u00e1vol\u00edtja el a zs\u00edrt, a szennyez\u0151d\u00e9seket \u00e9s a makacs foltokat, mik\u00f6zben felfriss\u00edti \u00e9s v\u00e9di a fel\u00fcleteket.<\/div>\n<div class=\"smania_landing_description_list\">\n<ul>\n<li>T\u00f6bbc\u00e9l\u00fa teljes\u00edtm\u00e9ny: T\u00f6k\u00e9letes mindenf\u00e9le fel\u00fclet tiszt\u00edt\u00e1s\u00e1ra &#8211; m\u0171anyag, b\u0151r, vinil, gumi, sz\u00f6vet, k\u00e1rpit, konyhai pultok, f\u00fcrd\u0151szobai csempe \u00e9s m\u00e9g sok m\u00e1s fel\u00fclet tiszt\u00edt\u00e1s\u00e1ra.<\/li>\n<li>M\u00e9lytiszt\u00edt\u00f3 formula: M\u00e9lyen behatol a zs\u00edr, az olaj \u00e9s a kem\u00e9ny foltok elt\u00e1vol\u00edt\u00e1s\u00e1hoz a teljes \u00e9s tart\u00f3s tiszt\u00edt\u00e1s \u00e9rdek\u00e9ben.<\/li>\n<li>Biztons\u00e1gos \u00e9s k\u00edm\u00e9letes: Nem d\u00f6rzs\u00f6l\u0151 \u00e9s k\u00e9zk\u00edm\u00e9l\u0151 &#8211; kem\u00e9ny a szennyez\u0151d\u00e9sekkel szemben, de k\u00edm\u00e9letes a b\u0151rh\u00f6z \u00e9s a fel\u00fcletekhez.<\/li>\n<li>K\u00f6nny\u0171 haszn\u00e1lat: Egyszer\u0171en f\u00fajja be, t\u00f6r\u00f6lje le szivaccsal vagy ruh\u00e1val, \u00e9s \u00e9lvezze a friss, tiszta fel\u00fcletet &#8211; nincs sz\u00fcks\u00e9g \u00f6bl\u00edt\u00e9sre.<\/li>\n<li>Hosszantart\u00f3 v\u00e9delem: V\u00e9d\u0151r\u00e9teget k\u00e9pez, amely ellen\u00e1ll a porfelver\u0151d\u00e9snek \u00e9s az UV-k\u00e1rosod\u00e1snak, \u00edgy a fel\u00fcletek hosszabb ideig \u00fajszer\u0171ek maradnak.<\/li>\n<\/ul><\/div>\n","protected":false},"excerpt":{"rendered":"<p>Hat\u00e9kony tiszt\u00edt\u00e1s otthoni vagy aut\u00f3s haszn\u00e1latra.|Seg\u00edt megel\u0151zni a fakul\u00e1s, reped\u00e9s \u00e9s \u00f6reged\u00e9s kialakul\u00e1s\u00e1t a legk\u00fcl\u00f6nb\u00f6z\u0151bb anyagokon.|Pillanatok alatt makul\u00e1tlan tisztas\u00e1got kap &#8211; csak f\u00fajja be \u00e9s t\u00f6r\u00f6lje le!|Be\u00e9p\u00edtett kef\u00e9t tartalmaz a makacs szennyez\u0151d\u00e9sek \u00e9s por elt\u00e1vol\u00edt\u00e1s\u00e1hoz.|Alkalmas: m\u0171anyag, b\u0151r, vinil, gumi, sz\u00f6vet, sz\u0151nyegek, konyhai k\u00e9sz\u00fcl\u00e9kek, f\u00fcrd\u0151szobai berendez\u00e9sek \u00e9s egy\u00e9b anyagok tiszt\u00edt\u00e1s\u00e1ra|T\u00e9rfogat: 650 ml|Szavatoss\u00e1gi id\u0151: 3 \u00e9v|Be\u00e9p\u00edtett UV-v\u00e9delem<\/p>\n","protected":false},"featured_media":95132,"template":"","meta":[],"product_cat":[18,223,2752],"product_tag":[1500,2753],"acf":[],"_links":{"self":[{"href":"https:\/\/smania.store\/hu\/wp-json\/wp\/v2\/product\/95154"}],"collection":[{"href":"https:\/\/smania.store\/hu\/wp-json\/wp\/v2\/product"}],"about":[{"href":"https:\/\/smania.store\/hu\/wp-json\/wp\/v2\/types\/product"}],"wp:featuredmedia":[{"embeddable":true,"href":"https:\/\/smania.store\/hu\/wp-json\/wp\/v2\/media\/95132"}],"wp:attachment":[{"href":"https:\/\/smania.store\/hu\/wp-json\/wp\/v2\/media?parent=95154"}],"wp:term":[{"taxonomy":"product_cat","embeddable":true,"href":"https:\/\/smania.store\/hu\/wp-json\/wp\/v2\/product_cat?post=95154"},{"taxonomy":"product_tag","embeddable":true,"href":"https:\/\/smania.store\/hu\/wp-json\/wp\/v2\/product_tag?post=95154"}],"curies":[{"name":"wp","href":"https:\/\/api.w.org\/{rel}","templated":true}]}}