{"id":95130,"date":"2025-10-21T07:42:41","date_gmt":"2025-10-21T05:42:41","guid":{"rendered":"https:\/\/smania.store\/hu\/termek\/nutcracker-2-az-1-ben-gesztenye-es-diotoro\/"},"modified":"2025-11-13T09:12:28","modified_gmt":"2025-11-13T08:12:28","slug":"nutcracker-2-az-1-ben-gesztenye-es-diotoro","status":"publish","type":"product","link":"https:\/\/smania.store\/hu\/termek\/nutcracker-2-az-1-ben-gesztenye-es-diotoro\/","title":{"rendered":"NutCracker\u2122 2 az 1-ben gesztenye- \u00e9s di\u00f3t\u00f6r\u0151"},"content":{"rendered":"<div class=\"smania_landing_description_title\">\u00daJ: K\u00f6nny\u0171 di\u00f3t\u00f6r\u0151 eszk\u00f6z<\/div>\n<div class=\"smania_landing_description_txt\">K\u00e9nyelmetlen reped\u00e9s m\u00e1sodpercek alatt!<\/div>\n<div class=\"smania_landing_description_subtitle\">Bemutatjuk a NutCracker\u2122-t &#8211; a t\u00f6k\u00e9letes di\u00f3t\u00f6r\u0151t, amire v\u00e1rt\u00e1l! Mondjon b\u00facs\u00fat a makacs h\u00e9jaknak, \u00e9s \u00fcdv\u00f6z\u00f6lje a finom di\u00f3t m\u00e1sodpercek alatt.<\/div>\n<div class=\"smania_landing_description_list\">\n<ul>\n<li>A k\u00fapos forma minden any\u00e1hoz illeszkedik<\/li>\n<li>Kiv\u00e1l\u00f3 min\u0151s\u00e9g\u0171 rozsdamentes ac\u00e9lszerkezet<\/li>\n<li>Ergonomikus rug\u00f3s kialak\u00edt\u00e1s<\/li>\n<li>Cs\u00fasz\u00e1smentes foganty\u00fa a biztos fog\u00e1s\u00e9rt<\/li>\n<li>A karos kialak\u00edt\u00e1s megtakar\u00edtja az er\u0151kifejt\u00e9st<\/li>\n<\/ul><\/div>\n","protected":false},"excerpt":{"rendered":"<p>Egyr\u00e9szes, varratmentes kialak\u00edt\u00e1s|Rozsda- \u00e9s korr\u00f3zi\u00f3\u00e1ll\u00f3|T\u00f6k\u00e9letes minden any\u00e1hoz|Gyors \u00e9s egyszer\u0171 felt\u00f6r\u00e9s|Sz\u00edn: Ez\u00fcst|S\u00faly: 200 g|Hossza: 21 cm|Anyag: Rozsdamentes ac\u00e9l<\/p>\n","protected":false},"featured_media":95118,"template":"","meta":[],"product_cat":[223],"product_tag":[1496],"acf":[],"_links":{"self":[{"href":"https:\/\/smania.store\/hu\/wp-json\/wp\/v2\/product\/95130"}],"collection":[{"href":"https:\/\/smania.store\/hu\/wp-json\/wp\/v2\/product"}],"about":[{"href":"https:\/\/smania.store\/hu\/wp-json\/wp\/v2\/types\/product"}],"wp:featuredmedia":[{"embeddable":true,"href":"https:\/\/smania.store\/hu\/wp-json\/wp\/v2\/media\/95118"}],"wp:attachment":[{"href":"https:\/\/smania.store\/hu\/wp-json\/wp\/v2\/media?parent=95130"}],"wp:term":[{"taxonomy":"product_cat","embeddable":true,"href":"https:\/\/smania.store\/hu\/wp-json\/wp\/v2\/product_cat?post=95130"},{"taxonomy":"product_tag","embeddable":true,"href":"https:\/\/smania.store\/hu\/wp-json\/wp\/v2\/product_tag?post=95130"}],"curies":[{"name":"wp","href":"https:\/\/api.w.org\/{rel}","templated":true}]}}