{"id":94934,"date":"2025-10-13T04:33:22","date_gmt":"2025-10-13T02:33:22","guid":{"rendered":"https:\/\/smania.store\/hu\/termek\/steplad-allithato-letra-lepcsoplatform\/"},"modified":"2026-04-15T13:25:17","modified_gmt":"2026-04-15T11:25:17","slug":"steplad-allithato-letra-lepcsoplatform","status":"publish","type":"product","link":"https:\/\/smania.store\/hu\/termek\/steplad-allithato-letra-lepcsoplatform\/","title":{"rendered":"StepLad\u2122 \u00e1ll\u00edthat\u00f3 l\u00e9tra l\u00e9pcs\u0151platform"},"content":{"rendered":"<div class=\"smania_landing_description_title\">\u00daJ, emelje a biztons\u00e1g\u00e1t<\/div>\n<div class=\"smania_landing_description_txt\">Biztons\u00e1gos \u00e9s megb\u00edzhat\u00f3 l\u00e9p\u00e9s minden munk\u00e1hoz!<\/div>\n<div class=\"smania_landing_description_subtitle\">Ismerje meg a StepLad\u2122-et, a v\u00e9gs\u0151 l\u00e9tra-t\u00e1rsat, amelyet \u00fagy terveztek, hogy forradalmas\u00edtsa a munkav\u00e9gz\u00e9s \u00e9lm\u00e9ny\u00e9t. \u00c9rezze mag\u00e1t biztons\u00e1gban robusztus 170 kg-os teherb\u00edr\u00e1sa \u00e9s t\u00e1gas fel\u00fclete r\u00e9v\u00e9n. \u00c1lljon biztons\u00e1gosan, egyens\u00falyozzon, \u00e9s h\u00f3d\u00edtsa meg feladatait gyorsabban \u00e9s hat\u00e9konyabban, mint valaha!<\/div>\n<div class=\"smania_landing_description_list\">\n<ul>\n<li>A robusztus stabilit\u00e1s ak\u00e1r 170 kg-ot is elb\u00edr<\/li>\n<li>K\u00f6nny\u0171 hozz\u00e1f\u00e9r\u00e9s a szersz\u00e1mokhoz \u00e9s anyagokhoz<\/li>\n<li>Hordozhat\u00f3 \u00e9s k\u00f6nny\u0171 kialak\u00edt\u00e1s<\/li>\n<li>K\u00e9tszer olyan gyorsan v\u00e9gezze el a feladatokat<\/li>\n<li>Ide\u00e1lis fest\u00e9shez, karbantart\u00e1shoz \u00e9s egy\u00e9b munk\u00e1khoz<\/li>\n<\/ul><\/div>\n","protected":false},"excerpt":{"rendered":"<p>Fokozott biztons\u00e1g minden magass\u00e1gban|T\u00f6k\u00e9letes a bark\u00e1csol\u00e1s szerelmeseinek|T\u00e1mogatja a neh\u00e9z feladatokat|K\u00f6nnyen r\u00f6gz\u00edthet\u0151 \u00e9s elt\u00e1vol\u00edthat\u00f3|B\u00e1rmilyen l\u00e9tr\u00e1hoz illeszkedik|Anyag: Vas|Maxim\u00e1lis teherb\u00edr\u00e1s: 170 kg|T\u00e9tel s\u00falya: 2 kg|M\u00e9retek: 48 x 31 x 13 cm|K\u00fcl\u00f6nleges tulajdons\u00e1g: Kieg\u00e9sz\u00edt\u0151 l\u00e9pcs\u0151, \u00f6sszecsukhat\u00f3<\/p>\n","protected":false},"featured_media":94923,"template":"","meta":[],"product_cat":[16,222],"product_tag":[1484],"acf":[],"_links":{"self":[{"href":"https:\/\/smania.store\/hu\/wp-json\/wp\/v2\/product\/94934"}],"collection":[{"href":"https:\/\/smania.store\/hu\/wp-json\/wp\/v2\/product"}],"about":[{"href":"https:\/\/smania.store\/hu\/wp-json\/wp\/v2\/types\/product"}],"wp:featuredmedia":[{"embeddable":true,"href":"https:\/\/smania.store\/hu\/wp-json\/wp\/v2\/media\/94923"}],"wp:attachment":[{"href":"https:\/\/smania.store\/hu\/wp-json\/wp\/v2\/media?parent=94934"}],"wp:term":[{"taxonomy":"product_cat","embeddable":true,"href":"https:\/\/smania.store\/hu\/wp-json\/wp\/v2\/product_cat?post=94934"},{"taxonomy":"product_tag","embeddable":true,"href":"https:\/\/smania.store\/hu\/wp-json\/wp\/v2\/product_tag?post=94934"}],"curies":[{"name":"wp","href":"https:\/\/api.w.org\/{rel}","templated":true}]}}