{"id":94871,"date":"2025-10-10T06:42:22","date_gmt":"2025-10-10T04:42:22","guid":{"rendered":"https:\/\/smania.store\/hu\/termek\/leak-stopper-vizallo-tomito-1-kg\/"},"modified":"2026-04-13T08:46:49","modified_gmt":"2026-04-13T06:46:49","slug":"leak-stopper-vizallo-tomito-1-kg","status":"publish","type":"product","link":"https:\/\/smania.store\/hu\/termek\/leak-stopper-vizallo-tomito-1-kg\/","title":{"rendered":"LEAK STOPPER v\u00edz\u00e1ll\u00f3 t\u00f6m\u00edt\u0151 (1 kg)"},"content":{"rendered":"<div class=\"smania_landing_description_title\">\u00daJ! A t\u00f6k\u00e9letes v\u00edz\u00e1ll\u00f3 v\u00e9delem minden fel\u00fcletre<\/div>\n<div class=\"smania_landing_description_txt\">B\u00e1rmilyen fel\u00fclet f\u00e1rads\u00e1gmentes t\u00f6m\u00edt\u00e9se \u00e9s jav\u00edt\u00e1sa<\/div>\n<div class=\"smania_landing_description_subtitle\">Ez az innovat\u00edv, \u00e1tl\u00e1tsz\u00f3 t\u00f6m\u00edt\u0151anyag hossz\u00fa t\u00e1v\u00fa v\u00edz\u00e1ll\u00f3 v\u00e9delmet ny\u00fajt a sziv\u00e1rg\u00e1s, a nedvess\u00e9g \u00e9s a rozsda ellen. Fejlett, nagy viszkozit\u00e1s\u00fa, er\u0151s tapad\u00e1s\u00fa formul\u00e1j\u00e1nak k\u00f6sz\u00f6nhet\u0151en l\u00e1thatatlan, rugalmas \u00e9s tart\u00f3s fel\u00fcletet biztos\u00edt &#8211; t\u00f6k\u00e9letes belt\u00e9ri \u00e9s k\u00fclt\u00e9ri haszn\u00e1latra egyar\u00e1nt.<\/div>\n<div class=\"smania_landing_description_list\">\n<ul>\n<li>Hosszantart\u00f3 v\u00e9delmet ny\u00fajt a nedvess\u00e9g ellen<\/li>\n<li>Gyorsan sz\u00e1rad\u00f3 \u00e9s rugalmas formula<\/li>\n<li>Ide\u00e1lis f\u00e9mhez, betonhoz, csemp\u00e9hez, m\u0171anyaghoz, f\u00e1hoz \u00e9s sok m\u00e1shoz is<\/li>\n<li>UV-, h\u0151- \u00e9s hideg\u00e1ll\u00f3 &#8211; t\u00f6k\u00e9letes belt\u00e9ri \u00e9s k\u00fclt\u00e9ri haszn\u00e1latra egyar\u00e1nt<\/li>\n<li>1 kg 10-13 m\u00b2-t, 2 kg 20-26 m\u00b2-t, 3 kg 30-39 m\u00b2-t fed le (fel\u00fclett\u0151l \u00e9s vastags\u00e1gt\u00f3l f\u00fcgg\u0151en)<\/li>\n<\/ul><\/div>\n","protected":false},"excerpt":{"rendered":"<p>Fejlett v\u00edz\u00e1ll\u00f3 formula a teljes t\u00f6m\u00edt\u00e9s\u00e9rt|L\u00e1thatatlan kivitel a tiszta, eszt\u00e9tikus megjelen\u00e9s\u00e9rt|Gyorsan sz\u00e1rad\u00f3 \u00e9s rugalmas a k\u00f6nny\u0171 felhord\u00e1s \u00e9rdek\u00e9ben|T\u00f6k\u00e9letes tet\u0151kre, f\u00fcrd\u0151szob\u00e1kba, erk\u00e9lyekre \u00e9s teraszokra|K\u00fcls\u0151 \u00e9s bels\u0151 haszn\u00e1latra egyar\u00e1nt alkalmas|Alkalmas: Beton, f\u00e9m, ker\u00e1mia, m\u00e1rv\u00e1ny, fa, m\u0171anyag|\u00d6sszet\u00e9tel: M\u00f3dos\u00edtott akrilsav|T\u00e1rol\u00e1si felt\u00e9telek: T\u00e1rol\u00e1s: H\u0171v\u00f6s \u00e9s sz\u00e1raz helyen|Terjedelem: 1 kg 10-13 m\u00b2, 2 kg 20-26 m\u00b2, 3 kg 30-39 m\u00b2 (fel\u00fclett\u0151l \u00e9s vastags\u00e1gt\u00f3l f\u00fcgg\u0151en)|MEGJEGYZ\u00c9S: a term\u00e9k a felhord\u00e1s ut\u00e1n is feh\u00e9rnek t\u0171nik, de sz\u00e1rad\u00e1s ut\u00e1n \u00e1tl\u00e1tsz\u00f3v\u00e1 v\u00e1lik<\/p>\n","protected":false},"featured_media":94868,"template":"","meta":[],"product_cat":[16,2752],"product_tag":[2766],"acf":[],"_links":{"self":[{"href":"https:\/\/smania.store\/hu\/wp-json\/wp\/v2\/product\/94871"}],"collection":[{"href":"https:\/\/smania.store\/hu\/wp-json\/wp\/v2\/product"}],"about":[{"href":"https:\/\/smania.store\/hu\/wp-json\/wp\/v2\/types\/product"}],"wp:featuredmedia":[{"embeddable":true,"href":"https:\/\/smania.store\/hu\/wp-json\/wp\/v2\/media\/94868"}],"wp:attachment":[{"href":"https:\/\/smania.store\/hu\/wp-json\/wp\/v2\/media?parent=94871"}],"wp:term":[{"taxonomy":"product_cat","embeddable":true,"href":"https:\/\/smania.store\/hu\/wp-json\/wp\/v2\/product_cat?post=94871"},{"taxonomy":"product_tag","embeddable":true,"href":"https:\/\/smania.store\/hu\/wp-json\/wp\/v2\/product_tag?post=94871"}],"curies":[{"name":"wp","href":"https:\/\/api.w.org\/{rel}","templated":true}]}}