{"id":94854,"date":"2025-10-09T13:29:11","date_gmt":"2025-10-09T11:29:11","guid":{"rendered":"https:\/\/smania.store\/hu\/termek\/lovescent-feromon-parfum\/"},"modified":"2025-11-05T11:08:16","modified_gmt":"2025-11-05T10:08:16","slug":"lovescent-feromon-parfum","status":"publish","type":"product","link":"https:\/\/smania.store\/hu\/termek\/lovescent-feromon-parfum\/","title":{"rendered":"LoveScent \u2013 Feromon parf\u00fcm"},"content":{"rendered":"<div class=\"smania_landing_description_title\">\u00daJ: Azonnal n\u00f6veli a m\u00e1gness\u00e9gedet<\/div>\n<div class=\"smania_landing_description_txt\">Egyetlen fr\u00f6ccsel k\u00f6nnyed\u00e9n rabul ejti az embert<\/div>\n<div class=\"smania_landing_description_subtitle\">Fejtse meg az ellen\u00e1llhatatlan vonzer\u0151 titk\u00e1t forradalmi LoveScent parf\u00fcm\u00fcnkkel. Ez a feromonokkal m\u0171k\u00f6d\u0151 illat kifejezetten az \u00d6n term\u00e9szetes kisug\u00e1rz\u00e1s\u00e1nak fokoz\u00e1s\u00e1ra lett kifejlesztve, \u00edgy \u00d6n mindenhol a csod\u00e1lat \u00e9s a v\u00e1gyakoz\u00e1s k\u00f6z\u00e9ppontj\u00e1ba ker\u00fcl. K\u00e9szen \u00e1llsz arra, hogy t\u00fall\u00e9pj a h\u00e9tk\u00f6znapokon \u00e9s maradand\u00f3 benyom\u00e1st hagyj magad ut\u00e1n? Fogadd el a LoveScent m\u00e1gneses vonz\u00e1s\u00e1t m\u00e9g ma!<\/div>\n<div class=\"smania_landing_description_list\">\n<ul>\n<li>K\u00f6nnyed\u00e9n n\u00f6veli a vonzer\u0151t<\/li>\n<li>Azonnal n\u00f6veli az \u00f6nbizalmat<\/li>\n<li>Feromonokkal d\u00fas\u00edtott a tart\u00f3s hat\u00e1s \u00e9rdek\u00e9ben<\/li>\n<li>T\u00f6k\u00e9letes b\u00e1rmilyen t\u00e1rsadalmi alkalomra<\/li>\n<li>Hosszan tart\u00f3 cs\u00e1b\u00edt\u00f3 \u00f6lel\u00e9s<\/li>\n<li>Term\u00e9szetes m\u00f3don sim\u00edtja a t\u00e1rsadalmi interakci\u00f3kat<\/li>\n<\/ul><\/div>\n","protected":false},"excerpt":{"rendered":"<p>Emelje a t\u00e1rskeres\u0151 j\u00e1t\u00e9k|\u00c9rezd magad ellen\u00e1llhatatlannak eg\u00e9sz nap|Felkelti a k\u00edv\u00e1ncsis\u00e1got \u00e9s az \u00e9rdekl\u0151d\u00e9st|Magabiztoss\u00e1g, ami megmarad|A nyers f\u00e9rfiass\u00e1g esszenci\u00e1ja|T\u0171nj ki a t\u00f6megb\u0151l|Szabad\u00edtsd fel a titokzatos \u00e9rz\u00e9kis\u00e9get|T\u00e9rfogat: 150 ml<\/p>\n","protected":false},"featured_media":94842,"template":"","meta":[],"product_cat":[19],"product_tag":[1548,1844],"acf":[],"_links":{"self":[{"href":"https:\/\/smania.store\/hu\/wp-json\/wp\/v2\/product\/94854"}],"collection":[{"href":"https:\/\/smania.store\/hu\/wp-json\/wp\/v2\/product"}],"about":[{"href":"https:\/\/smania.store\/hu\/wp-json\/wp\/v2\/types\/product"}],"wp:featuredmedia":[{"embeddable":true,"href":"https:\/\/smania.store\/hu\/wp-json\/wp\/v2\/media\/94842"}],"wp:attachment":[{"href":"https:\/\/smania.store\/hu\/wp-json\/wp\/v2\/media?parent=94854"}],"wp:term":[{"taxonomy":"product_cat","embeddable":true,"href":"https:\/\/smania.store\/hu\/wp-json\/wp\/v2\/product_cat?post=94854"},{"taxonomy":"product_tag","embeddable":true,"href":"https:\/\/smania.store\/hu\/wp-json\/wp\/v2\/product_tag?post=94854"}],"curies":[{"name":"wp","href":"https:\/\/api.w.org\/{rel}","templated":true}]}}