{"id":94841,"date":"2025-10-09T13:02:16","date_gmt":"2025-10-09T11:02:16","guid":{"rendered":"https:\/\/smania.store\/hu\/termek\/antiweeds-100-termeszetes-gyomnovekedes-gatlo\/"},"modified":"2026-05-15T12:51:00","modified_gmt":"2026-05-15T10:51:00","slug":"antiweeds-100-termeszetes-gyomnovekedes-gatlo","status":"publish","type":"product","link":"https:\/\/smania.store\/hu\/termek\/antiweeds-100-termeszetes-gyomnovekedes-gatlo\/","title":{"rendered":"AntiWeeds \u2013 100% term\u00e9szetes gyomn\u00f6veked\u00e9s-g\u00e1tl\u00f3"},"content":{"rendered":"<div class=\"smania_landing_description_title\">\u00daJ: B\u00facs\u00fazzon el a gyomokt\u00f3l!<\/div>\n<div class=\"smania_landing_description_txt\">Tegye kertj\u00e9t az \u00e9let szent\u00e9ly\u00e9v\u00e9!<\/div>\n<div class=\"smania_landing_description_subtitle\"> Ismerje meg az AntiWeeds-t, kertje \u00faj legjobb bar\u00e1tj\u00e1t. Ez a k\u00f6rnyezetbar\u00e1t, biol\u00f3giailag leboml\u00f3 csoda \u00faj\u00edtja meg a hagyom\u00e1nyos gyomirt\u00e1st, mivel a nemk\u00edv\u00e1natos kerti vend\u00e9geket durva vegyszerek n\u00e9lk\u00fcl irtja.<\/div>\n<div class=\"smania_landing_description_list\">\n<ul>\n<li>K\u00f6rnyezetbar\u00e1t formula, amely alkalmas biokertek sz\u00e1m\u00e1ra<\/li>\n<li>Term\u00e9szetes m\u00f3don biol\u00f3giailag leboml\u00f3, biztons\u00e1gosabb k\u00f6rnyezetet biztos\u00edtva<\/li>\n<li>K\u00f6nnyen alkalmazhat\u00f3; gondtalan kertkarbantart\u00e1s<\/li>\n<li>Gyommentesen tartja a kerteket, el\u0151seg\u00edtve a n\u00f6v\u00e9nyek eg\u00e9szs\u00e9g\u00e9t<\/li>\n<li>K\u00edm\u00e9letes a n\u00f6v\u00e9nyekhez, kem\u00e9ny a gyomokkal szemben<\/li>\n<li>Ide\u00e1lis a k\u00f6rnyezettudatos otthonok \u00e9s k\u00f6z\u00f6ss\u00e9gek sz\u00e1m\u00e1ra<\/li>\n<\/ul><\/div>\n","protected":false},"excerpt":{"rendered":"<p>Nincs durva vegyszer, tiszta term\u00e9szet|Hat\u00e9kony v\u00e9delem, eg\u00e9sz szezonon \u00e1t tart\u00f3 pajzs|Biztons\u00e1gos h\u00e1zi\u00e1llatok \u00e9s gyermekek k\u00f6zel\u00e9ben|T\u00e9rfogat: 500 ml|Lefedetts\u00e9g: 25 m\u00b2|25\u00b0C alatt \u00e9s gyermekek el\u0151l elz\u00e1rva t\u00e1roland\u00f3<\/p>\n","protected":false},"featured_media":94830,"template":"","meta":[],"product_cat":[16,2752],"product_tag":[1503],"acf":[],"_links":{"self":[{"href":"https:\/\/smania.store\/hu\/wp-json\/wp\/v2\/product\/94841"}],"collection":[{"href":"https:\/\/smania.store\/hu\/wp-json\/wp\/v2\/product"}],"about":[{"href":"https:\/\/smania.store\/hu\/wp-json\/wp\/v2\/types\/product"}],"wp:featuredmedia":[{"embeddable":true,"href":"https:\/\/smania.store\/hu\/wp-json\/wp\/v2\/media\/94830"}],"wp:attachment":[{"href":"https:\/\/smania.store\/hu\/wp-json\/wp\/v2\/media?parent=94841"}],"wp:term":[{"taxonomy":"product_cat","embeddable":true,"href":"https:\/\/smania.store\/hu\/wp-json\/wp\/v2\/product_cat?post=94841"},{"taxonomy":"product_tag","embeddable":true,"href":"https:\/\/smania.store\/hu\/wp-json\/wp\/v2\/product_tag?post=94841"}],"curies":[{"name":"wp","href":"https:\/\/api.w.org\/{rel}","templated":true}]}}