{"id":94400,"date":"2025-09-23T07:23:38","date_gmt":"2025-09-23T05:23:38","guid":{"rendered":"https:\/\/smania.store\/hu\/termek\/dryhut-intelligens-osszecsukhato-ruhaszarito\/"},"modified":"2026-03-12T23:52:46","modified_gmt":"2026-03-12T22:52:46","slug":"dryhut-intelligens-osszecsukhato-ruhaszarito","status":"publish","type":"product","link":"https:\/\/smania.store\/hu\/termek\/dryhut-intelligens-osszecsukhato-ruhaszarito\/","title":{"rendered":"DryHut\u2122 intelligens \u00f6sszecsukhat\u00f3 ruhasz\u00e1r\u00edt\u00f3"},"content":{"rendered":"<div class=\"smania_landing_description_title\">\u00daJ! Forradalmas\u00edtsa a mosod\u00e1t<\/div>\n<div class=\"smania_landing_description_txt\">Sz\u00e1r\u00edtsa meg a szennyes\u00e9t mind\u00f6ssze 20 perc alatt!<\/div>\n<div class=\"smania_landing_description_subtitle\">A Dryhut\u2122 seg\u00edts\u00e9g\u00e9vel a mos\u00e1si rutin egy gyerekj\u00e1t\u00e9kk\u00e1 v\u00e1lhat. Nincs sz\u00fcks\u00e9g neh\u00e9z k\u00e9sz\u00fcl\u00e9kekre &#8211; ez a hordozhat\u00f3 er\u0151m\u0171 ak\u00e1r 9 ruhadarabot is vill\u00e1mgyorsan sz\u00e1r\u00edt. Mondjon b\u00facs\u00fat a gondoknak \u00e9s \u00fcdv\u00f6z\u00f6lje az innov\u00e1ci\u00f3t &#8211; azonnal!<\/div>\n<div class=\"smania_landing_description_list\">\n<ul>\n<li>Ultragyors sz\u00e1r\u00edt\u00e1s mind\u00f6ssze 20 perc alatt<\/li>\n<li>Ak\u00e1r 9 ruhadarab t\u00e1rol\u00e1s\u00e1ra alkalmas<\/li>\n<li>Kompakt kialak\u00edt\u00e1s, t\u00f6k\u00e9letes kis helyis\u00e9gekbe<\/li>\n<li>K\u00f6rnyezetbar\u00e1t, cs\u00f6kkenti az energiafogyaszt\u00e1st<\/li>\n<li>K\u00f6nny\u0171 be\u00e1ll\u00edt\u00e1s, b\u00e1rhol haszn\u00e1latra k\u00e9sz<\/li>\n<li>Meg\u0151rzi a sz\u00f6vetek min\u0151s\u00e9g\u00e9t<\/li>\n<\/ul><\/div>\n","protected":false},"excerpt":{"rendered":"<p>R\u00e1ncosod\u00e1s n\u00e9lk\u00fcl sz\u00e1rad|Hordozhat\u00f3 \u00e9s utaz\u00e1sra alkalmas kialak\u00edt\u00e1s|K\u00e9nyelmes a gyors sz\u00e1r\u00edt\u00e1shoz|Nincs sz\u00fcks\u00e9g mos\u00f3sorra|Energiatakar\u00e9kos technol\u00f3gia|Modern \u00e9s eleg\u00e1ns megjelen\u00e9s|Ide\u00e1lis a lak\u00e1sban val\u00f3 \u00e9lethez|T\u00e1mogatja a fenntarthat\u00f3 \u00e9letm\u00f3dot<\/p>\n","protected":false},"featured_media":94391,"template":"","meta":[],"product_cat":[16],"product_tag":[1554],"acf":[],"_links":{"self":[{"href":"https:\/\/smania.store\/hu\/wp-json\/wp\/v2\/product\/94400"}],"collection":[{"href":"https:\/\/smania.store\/hu\/wp-json\/wp\/v2\/product"}],"about":[{"href":"https:\/\/smania.store\/hu\/wp-json\/wp\/v2\/types\/product"}],"wp:featuredmedia":[{"embeddable":true,"href":"https:\/\/smania.store\/hu\/wp-json\/wp\/v2\/media\/94391"}],"wp:attachment":[{"href":"https:\/\/smania.store\/hu\/wp-json\/wp\/v2\/media?parent=94400"}],"wp:term":[{"taxonomy":"product_cat","embeddable":true,"href":"https:\/\/smania.store\/hu\/wp-json\/wp\/v2\/product_cat?post=94400"},{"taxonomy":"product_tag","embeddable":true,"href":"https:\/\/smania.store\/hu\/wp-json\/wp\/v2\/product_tag?post=94400"}],"curies":[{"name":"wp","href":"https:\/\/api.w.org\/{rel}","templated":true}]}}