{"id":94326,"date":"2025-09-19T13:52:05","date_gmt":"2025-09-19T11:52:05","guid":{"rendered":"https:\/\/smania.store\/hu\/termek\/storelux-luxus-tarolo-polcak-a-butorok-kozotti-resekhez-4-szint\/"},"modified":"2026-04-16T00:12:55","modified_gmt":"2026-04-15T22:12:55","slug":"storelux-luxus-tarolo-polcak-a-butorok-kozotti-resekhez-4-szint","status":"publish","type":"product","link":"https:\/\/smania.store\/hu\/termek\/storelux-luxus-tarolo-polcak-a-butorok-kozotti-resekhez-4-szint\/","title":{"rendered":"StoreLux\u2122 luxus t\u00e1rol\u00f3 polc\u00e1k a b\u00fatorok k\u00f6z\u00f6tti r\u00e9sekhez &#8211; 4 szint"},"content":{"rendered":"<div class=\"smania_landing_description_title\">\u00daJ: friss\u00edtse otthoni t\u00e1rol\u00f3ter\u00e9t!<\/div>\n<div class=\"smania_landing_description_txt\">Oldja meg a t\u00e1rol\u00f3helyhi\u00e1ny probl\u00e9m\u00e1j\u00e1t otthon\u00e1ban!<\/div>\n<div class=\"smania_landing_description_subtitle\">Ez a leny\u0171g\u00f6z\u0151 b\u00fatordarab \u00fagy van tervezve, hogy b\u00e1rhol elf\u00e9rjen, a f\u00fcrd\u0151szob\u00e1t\u00f3l a nappaliig, megdupl\u00e1zva a rendelkez\u00e9sre \u00e1ll\u00f3 helyet!<\/div>\n<div class=\"smania_landing_description_list\">\n<ul>\n<li>T\u00f6k\u00e9letes keskeny terekhez<\/li>\n<li>Nagy kapacit\u00e1s\u00fa, nagy t\u00e1rgyak sz\u00e1m\u00e1ra (4 szint)<\/li>\n<li>Eleg\u00e1ns design, amely minden st\u00edlushoz illeszkedik<\/li>\n<li>Er\u0151s, tart\u00f3s \u00e9s v\u00edz\u00e1ll\u00f3 anyag<\/li>\n<li>T\u00f6k\u00e9letes higi\u00e9niai term\u00e9kekhez<\/li>\n<\/ul><\/div>\n","protected":false},"excerpt":{"rendered":"<p>Id\u0151t takar\u00edt meg a rendez\u00e9ssel|Praktikus zsebkend\u0151 tart\u00f3|Optimaliz\u00e1lja a haszn\u00e1lhat\u00f3 fel\u00fcleteket|Alkalmas f\u00fcrd\u0151szob\u00e1ba \u00e9s nappaliba|K\u00f6nnyen elt\u00e1vol\u00edthat\u00f3 fi\u00f3kok|Er\u0151s, tart\u00f3s \u00e9s v\u00edz\u00e1ll\u00f3|M\u00e9retek: 78 x 41 x 18 cm|Maxim\u00e1lis terhelhet\u0151s\u00e9g: 60 kg|Polcok sz\u00e1ma: 4|G\u00f6rg\u0151s kivitel<\/p>\n","protected":false},"featured_media":94316,"template":"","meta":[],"product_cat":[16],"product_tag":[1554],"acf":[],"_links":{"self":[{"href":"https:\/\/smania.store\/hu\/wp-json\/wp\/v2\/product\/94326"}],"collection":[{"href":"https:\/\/smania.store\/hu\/wp-json\/wp\/v2\/product"}],"about":[{"href":"https:\/\/smania.store\/hu\/wp-json\/wp\/v2\/types\/product"}],"wp:featuredmedia":[{"embeddable":true,"href":"https:\/\/smania.store\/hu\/wp-json\/wp\/v2\/media\/94316"}],"wp:attachment":[{"href":"https:\/\/smania.store\/hu\/wp-json\/wp\/v2\/media?parent=94326"}],"wp:term":[{"taxonomy":"product_cat","embeddable":true,"href":"https:\/\/smania.store\/hu\/wp-json\/wp\/v2\/product_cat?post=94326"},{"taxonomy":"product_tag","embeddable":true,"href":"https:\/\/smania.store\/hu\/wp-json\/wp\/v2\/product_tag?post=94326"}],"curies":[{"name":"wp","href":"https:\/\/api.w.org\/{rel}","templated":true}]}}