{"id":94093,"date":"2025-09-03T08:56:58","date_gmt":"2025-09-03T06:56:58","guid":{"rendered":"https:\/\/smania.store\/hu\/termek\/playfort-gyerek-jatszokifuto-180-x-150-cm\/"},"modified":"2026-04-06T19:29:44","modified_gmt":"2026-04-06T17:29:44","slug":"playfort-gyerek-jatszokifuto-180-x-150-cm","status":"publish","type":"product","link":"https:\/\/smania.store\/hu\/termek\/playfort-gyerek-jatszokifuto-180-x-150-cm\/","title":{"rendered":"PlayFort\u2122 gyerek j\u00e1tsz\u00f3kifut\u00f3 \u2013 180 x 150 cm"},"content":{"rendered":"<div class=\"smania_landing_description_title\"> \u00daJ: Biztons\u00e1gos j\u00e1t\u00e9k \u00e9s felfedez\u00e9s <\/div>\n<div class=\"smania_landing_description_txt\"> Hozz l\u00e9tre csod\u00e1latos j\u00e1tsz\u00f3teret gyermeked \u00f6r\u00f6m\u00e9re \u00e9s fejl\u0151d\u00e9s\u00e9re! <\/div>\n<div class=\"smania_landing_description_subtitle\"> Tart\u00f3s \u00e9s stabil j\u00e1tsz\u00f3t\u00e9r 3 \u00e9ves korig!<\/div>\n<div class=\"smania_landing_description_list\">\n<ul>\n<li>T\u00f6k\u00e9letes j\u00e1tsz\u00f3t\u00e9r a gyermek fejl\u0151d\u00e9s\u00e9hez<\/li>\n<li>Gyors, 30 perces szersz\u00e1m n\u00e9lk\u00fcli \u00f6sszeszerel\u00e9s<\/li>\n<li>Kompakt m\u00e9ret b\u00e1rmely szob\u00e1ba, 2,7 m\u00b2 ter\u00fclet<\/li>\n<li>\u00c9l\u00e9nk diz\u00e1jn \u00f6szt\u00f6nzi a kreativit\u00e1st<\/li>\n<li>Biztons\u00e1gos, nem m\u00e9rgez\u0151 anyagok<\/li>\n<li>Be\u00e9p\u00edtett \u00fctk\u00f6z\u00e9sg\u00e1tl\u00f3 v\u00e9delem<\/li>\n<\/ul><\/div>\n","protected":false},"excerpt":{"rendered":"<p>K\u00f6nnyen hordozhat\u00f3 hordt\u00e1sk\u00e1val|Er\u0151s rozsdamentes ac\u00e9l v\u00e1z|BPA-mentes \u00e9s k\u00f6rnyezetbar\u00e1t|Gazdag\u00edtja a gyermek biztons\u00e1gos felfedez\u00e9s\u00e9t|Sz\u00ednv\u00e1ltozatok: sz\u00fcrke vagy b\u00e9zs|M\u00e9retek: 180 x 150 x 65 cm|Ter\u00fclet: 2,7 m\u00b2|S\u00faly: 5 kg|Csomagol\u00e1si m\u00e9retek: 90 x 28,5 x 20 cm|Anyagok: PP, pamut, ac\u00e9l<\/p>\n","protected":false},"featured_media":94080,"template":"","meta":[],"product_cat":[17,16],"product_tag":[1491,1650],"acf":[],"_links":{"self":[{"href":"https:\/\/smania.store\/hu\/wp-json\/wp\/v2\/product\/94093"}],"collection":[{"href":"https:\/\/smania.store\/hu\/wp-json\/wp\/v2\/product"}],"about":[{"href":"https:\/\/smania.store\/hu\/wp-json\/wp\/v2\/types\/product"}],"wp:featuredmedia":[{"embeddable":true,"href":"https:\/\/smania.store\/hu\/wp-json\/wp\/v2\/media\/94080"}],"wp:attachment":[{"href":"https:\/\/smania.store\/hu\/wp-json\/wp\/v2\/media?parent=94093"}],"wp:term":[{"taxonomy":"product_cat","embeddable":true,"href":"https:\/\/smania.store\/hu\/wp-json\/wp\/v2\/product_cat?post=94093"},{"taxonomy":"product_tag","embeddable":true,"href":"https:\/\/smania.store\/hu\/wp-json\/wp\/v2\/product_tag?post=94093"}],"curies":[{"name":"wp","href":"https:\/\/api.w.org\/{rel}","templated":true}]}}