{"id":93899,"date":"2025-08-19T10:58:51","date_gmt":"2025-08-19T08:58:51","guid":{"rendered":"https:\/\/smania.store\/hu\/termek\/cozymama-felfujhato-terhessegi-parna\/"},"modified":"2025-08-19T10:58:51","modified_gmt":"2025-08-19T08:58:51","slug":"cozymama-felfujhato-terhessegi-parna","status":"publish","type":"product","link":"https:\/\/smania.store\/hu\/termek\/cozymama-felfujhato-terhessegi-parna\/","title":{"rendered":"CozyMama\u2122 felf\u00fajhat\u00f3 terhess\u00e9gi p\u00e1rna"},"content":{"rendered":"<div class=\"smania_landing_description_title\">\u00daJ: K\u00e9nyelem a leend\u0151 anyuk\u00e1knak<\/div>\n<div class=\"smania_landing_description_txt\">Tapasztald meg az \u00f6sszehasonl\u00edthatatlan k\u00e9nyelmet \u00e9s a has enyh\u00edt\u00e9s\u00e9t!<\/div>\n<div class=\"smania_landing_description_subtitle\">Viszl\u00e1t \u00e1lmatlan \u00e9jszak\u00e1k \u00e9s f\u00e1j\u00f3 h\u00e1t, leend\u0151 anyuk\u00e1k!<\/div>\n<div class=\"smania_landing_description_list\">\n<ul>\n<li>T\u00e1mogatja a magzat optim\u00e1lis helyzet\u00e9t<\/li>\n<li>Azonnal enyh\u00edti az als\u00f3 h\u00e1tf\u00e1j\u00e1st<\/li>\n<li>El\u0151seg\u00edti a jobb t\u00fcd\u0151kapacit\u00e1st<\/li>\n<li>Cs\u00f6kkenti a cs\u00e1sz\u00e1rmetsz\u00e9s sz\u00fcks\u00e9gess\u00e9g\u00e9t \u00e9s a sz\u00fcl\u00e9si f\u00e1jdalmakat<\/li>\n<li>T\u00f6k\u00e9letes m\u00e9ret\u0171 a maxim\u00e1lis t\u00e1masz \u00e9rdek\u00e9ben<\/li>\n<\/ul><\/div>\n","protected":false},"excerpt":{"rendered":"<p>Jav\u00edtja az alv\u00e1s min\u0151s\u00e9g\u00e9t|El\u0151seg\u00edti az anya \u00e9s a gyermek eg\u00e9szs\u00e9g\u00e9t|Lehet\u0151v\u00e9 teszi a pihentet\u0151 pihen\u0151poz\u00edci\u00f3kat|K\u00f6nnyen tiszt\u00edthat\u00f3 \u00e9s karbantarthat\u00f3|Sz\u00edn: r\u00f3zsasz\u00edn|Anyag: PVC, pamut|M\u00e9retek: 170 x 65 x 22 cm|Teherb\u00edr\u00e1s: 125 kg<\/p>\n","protected":false},"featured_media":93886,"template":"","meta":[],"product_cat":[17,16],"product_tag":[1481],"acf":[],"_links":{"self":[{"href":"https:\/\/smania.store\/hu\/wp-json\/wp\/v2\/product\/93899"}],"collection":[{"href":"https:\/\/smania.store\/hu\/wp-json\/wp\/v2\/product"}],"about":[{"href":"https:\/\/smania.store\/hu\/wp-json\/wp\/v2\/types\/product"}],"wp:featuredmedia":[{"embeddable":true,"href":"https:\/\/smania.store\/hu\/wp-json\/wp\/v2\/media\/93886"}],"wp:attachment":[{"href":"https:\/\/smania.store\/hu\/wp-json\/wp\/v2\/media?parent=93899"}],"wp:term":[{"taxonomy":"product_cat","embeddable":true,"href":"https:\/\/smania.store\/hu\/wp-json\/wp\/v2\/product_cat?post=93899"},{"taxonomy":"product_tag","embeddable":true,"href":"https:\/\/smania.store\/hu\/wp-json\/wp\/v2\/product_tag?post=93899"}],"curies":[{"name":"wp","href":"https:\/\/api.w.org\/{rel}","templated":true}]}}