{"id":93884,"date":"2025-08-19T07:46:55","date_gmt":"2025-08-19T05:46:55","guid":{"rendered":"https:\/\/smania.store\/hu\/termek\/flyaway-legyriaszto-asztali-ventilator-2-csomag\/"},"modified":"2026-02-27T23:39:53","modified_gmt":"2026-02-27T22:39:53","slug":"flyaway-legyriaszto-asztali-ventilator-2-csomag","status":"publish","type":"product","link":"https:\/\/smania.store\/hu\/termek\/flyaway-legyriaszto-asztali-ventilator-2-csomag\/","title":{"rendered":"FlyAway\u2122 l\u00e9gyriaszt\u00f3 asztali ventil\u00e1tor &#8211; 2 csomag"},"content":{"rendered":"<div class=\"smania_landing_description_title\"> \u00daJ: A legyek el\u0171z\u00e9se k\u00f6nnyed\u00e9n <\/div>\n<div class=\"smania_landing_description_txt\"> Sz\u00e1m\u0171zni a legyeket k\u00f6nnyed\u00e9n: L\u00e9gymentes m\u00e1sodpercek alatt! <\/div>\n<div class=\"smania_landing_description_subtitle\"> Fedezze fel a FlyAway\u2122 var\u00e1zslat\u00e1t, egy forradalmi eszk\u00f6zt, amely k\u00f6nnyed\u00e9n elh\u00e1r\u00edtja a bosszant\u00f3 legyeket, \u00e9s biztos\u00edtja, hogy az \u00e9tkez\u00e9si \u00e9lm\u00e9nyei boldogan zavartalanok legyenek. <\/div>\n<div class=\"smania_landing_description_list\">\n<ul>\n<li>Biztons\u00e1gos, gyermekbar\u00e1t kialak\u00edt\u00e1s<\/li>\n<li>Puha, \u00e1rtalmatlan peng\u00e9k<\/li>\n<li>Vegyszermentes rovarriaszt\u00f3<\/li>\n<li>T\u00f6k\u00e9letes belt\u00e9ri \u00e9s k\u00fclt\u00e9ri haszn\u00e1latra<\/li>\n<li>A f\u00e9nyvisszaver\u0151 technol\u00f3gia elriasztja a k\u00e1rtev\u0151ket<\/li>\n<li>K\u00f6nny\u0171, hordozhat\u00f3 megold\u00e1s<\/li>\n<\/ul><\/div>\n","protected":false},"excerpt":{"rendered":"<p>Nincs vegyszer, tiszta min\u0151s\u00e9g|K\u00f6nnyen haszn\u00e1lhat\u00f3 \u00e9s \u00e9lvezhet\u0151|Eleg\u00e1ns \u00e9s st\u00edlusos design|Ide\u00e1lis piknikekhez \u00e9s grillez\u00e9shez|Az akkumul\u00e1tor nem tartoz\u00e9k|Sz\u00edn: Fekete|Term\u00e9k m\u00e9rete: 9 x 9 x 25 cm|Term\u00e9k s\u00falya: 270 g<\/p>\n","protected":false},"featured_media":93872,"template":"","meta":[],"product_cat":[16],"product_tag":[1538],"acf":[],"_links":{"self":[{"href":"https:\/\/smania.store\/hu\/wp-json\/wp\/v2\/product\/93884"}],"collection":[{"href":"https:\/\/smania.store\/hu\/wp-json\/wp\/v2\/product"}],"about":[{"href":"https:\/\/smania.store\/hu\/wp-json\/wp\/v2\/types\/product"}],"wp:featuredmedia":[{"embeddable":true,"href":"https:\/\/smania.store\/hu\/wp-json\/wp\/v2\/media\/93872"}],"wp:attachment":[{"href":"https:\/\/smania.store\/hu\/wp-json\/wp\/v2\/media?parent=93884"}],"wp:term":[{"taxonomy":"product_cat","embeddable":true,"href":"https:\/\/smania.store\/hu\/wp-json\/wp\/v2\/product_cat?post=93884"},{"taxonomy":"product_tag","embeddable":true,"href":"https:\/\/smania.store\/hu\/wp-json\/wp\/v2\/product_tag?post=93884"}],"curies":[{"name":"wp","href":"https:\/\/api.w.org\/{rel}","templated":true}]}}