{"id":93819,"date":"2025-08-13T13:56:00","date_gmt":"2025-08-13T11:56:00","guid":{"rendered":"https:\/\/smania.store\/hu\/termek\/excavatemini-mini-elektromos-kotrogep-gyerekeknek\/"},"modified":"2026-02-12T10:18:26","modified_gmt":"2026-02-12T09:18:26","slug":"excavatemini-mini-elektromos-kotrogep-gyerekeknek","status":"publish","type":"product","link":"https:\/\/smania.store\/hu\/termek\/excavatemini-mini-elektromos-kotrogep-gyerekeknek\/","title":{"rendered":"ExcavateMini\u2122 mini elektromos kotr\u00f3g\u00e9p gyerekeknek"},"content":{"rendered":"<div class=\"smania_landing_description_title\">\u00daJ: Fant\u00e1ziad\u00fas sz\u00f3rakoz\u00e1s gyerekeknek<\/div>\n<div class=\"smania_landing_description_txt\">Fedezd fel az \u00faj kedvenc j\u00e1t\u00e9kukat m\u00e9g ma!<\/div>\n<div class=\"smania_landing_description_subtitle\">L\u00e9pj be a csod\u00e1k \u00e9s csod\u00e1lat vil\u00e1g\u00e1ba az ExcavateMini\u2122 seg\u00edts\u00e9g\u00e9vel! Ez a mag\u00e1val ragad\u00f3 j\u00e1t\u00e9k azt \u00edg\u00e9ri, hogy a h\u00e9tk\u00f6znapi j\u00e1t\u00e9kid\u0151t izgalmas \u00e1sat\u00e1si utaz\u00e1ss\u00e1 v\u00e1ltoztatja. Hagyja, hogy gyermeke k\u00e9pzelete sz\u00e1rnyaljon, mik\u00f6zben v\u00e9gtelen kalandokon kereszt\u00fcl man\u0151verezik, \u00e9s k\u00f6zben alapvet\u0151 k\u00e9szs\u00e9geket fejleszt.<\/div>\n<div class=\"smania_landing_description_list\">\n<ul>\n<li>Minden \u00e1s\u00e1ssal megmozgatja a k\u00e9pzeletet<\/li>\n<li>Oktat\u00f3 \u00e9s sz\u00f3rakoztat\u00f3, minden egyben<\/li>\n<li>Fejleszti a koordin\u00e1ci\u00f3t \u00e9s a motoros k\u00e9szs\u00e9geket<\/li>\n<li>Serkenti a t\u00e9r\u00e9rz\u00e9kel\u00e9st \u00e9s a n\u00f6veked\u00e9st<\/li>\n<li>\u00d3r\u00e1kig t\u00e1vol tartja az unalmat<\/li>\n<li>K\u00f6nny\u0171, hordozhat\u00f3 \u00e9s k\u00f6nnyen haszn\u00e1lhat\u00f3<\/li>\n<\/ul><\/div>\n","protected":false},"excerpt":{"rendered":"<p>T\u00f6k\u00e9letes minden koroszt\u00e1ly sz\u00e1m\u00e1ra|K\u00f6nnyen haszn\u00e1lhat\u00f3 elemes m\u0171k\u00f6d\u00e9s|Kalandokat hoz l\u00e9tre, ak\u00e1r bent, ak\u00e1r kint|Stabil, gyerekbiztos szerkezet|Kompakt, felt\u0171n\u0151 diz\u00e1jnnal|El\u0151seg\u00edti a figyelmes \u00e9s akt\u00edv j\u00e1t\u00e9kot|\u00c9l\u00e9nk sz\u00ednek, amelyeket a gyerekek im\u00e1dnak|M\u00e9retek: 76 x 48 x 34 cm|S\u00faly: 5 kg|Teherb\u00edr\u00e1s: 50 kg|K\u00fcl\u00f6nleges hat\u00e1sok: Hanghat\u00e1sok, LED f\u00e9nyek|Akkumul\u00e1tor: 6 V \/ 4,5 Ah|T\u00f6lt\u00e9si id\u0151: 8 &#8211; 10 \u00f3ra, USB-n kereszt\u00fcl|Gyermekeknek: 2 &#8211; 8 \u00e9ves korig<\/p>\n","protected":false},"featured_media":93807,"template":"","meta":[],"product_cat":[17,16],"product_tag":[1535,1650],"acf":[],"_links":{"self":[{"href":"https:\/\/smania.store\/hu\/wp-json\/wp\/v2\/product\/93819"}],"collection":[{"href":"https:\/\/smania.store\/hu\/wp-json\/wp\/v2\/product"}],"about":[{"href":"https:\/\/smania.store\/hu\/wp-json\/wp\/v2\/types\/product"}],"wp:featuredmedia":[{"embeddable":true,"href":"https:\/\/smania.store\/hu\/wp-json\/wp\/v2\/media\/93807"}],"wp:attachment":[{"href":"https:\/\/smania.store\/hu\/wp-json\/wp\/v2\/media?parent=93819"}],"wp:term":[{"taxonomy":"product_cat","embeddable":true,"href":"https:\/\/smania.store\/hu\/wp-json\/wp\/v2\/product_cat?post=93819"},{"taxonomy":"product_tag","embeddable":true,"href":"https:\/\/smania.store\/hu\/wp-json\/wp\/v2\/product_tag?post=93819"}],"curies":[{"name":"wp","href":"https:\/\/api.w.org\/{rel}","templated":true}]}}