{"id":93686,"date":"2025-08-04T08:17:28","date_gmt":"2025-08-04T06:17:28","guid":{"rendered":"https:\/\/smania.store\/hu\/termek\/rotatorack-3-szintes-kocsiszervezo-kocsi\/"},"modified":"2026-04-03T13:41:21","modified_gmt":"2026-04-03T11:41:21","slug":"rotatorack-3-szintes-kocsiszervezo-kocsi","status":"publish","type":"product","link":"https:\/\/smania.store\/hu\/termek\/rotatorack-3-szintes-kocsiszervezo-kocsi\/","title":{"rendered":"RotatoRack\u2122 3-szintes kocsiszervez\u0151 kocsi"},"content":{"rendered":"<div class=\"smania_landing_description_title\">\u00daJ: Forradalmas\u00edtsa a t\u00e1rol\u00e1st most<\/div>\n<div class=\"smania_landing_description_txt\">Alak\u00edtsa \u00e1t a teret m\u00e1sodpercek alatt<\/div>\n<div class=\"smania_landing_description_subtitle\">Nyissa ki az otthon\u00e1ban rejl\u0151 lehet\u0151s\u00e9geket a RotatoRack\u2122 3 szintes kocsiszervez\u0151vel! Ez a sokoldal\u00fa, telep\u00edt\u00e9s n\u00e9lk\u00fcli csoda k\u00f6nnyed\u00e9n \u00e1talak\u00edt b\u00e1rmilyen helyis\u00e9get egy rendezett, rendezett mened\u00e9kk\u00e9. Ne hagyja, hogy a rendetlens\u00e9g \u00e1tvegye az uralmat &#8211; foglalja vissza hely\u00e9t st\u00edlusosan \u00e9s k\u00f6nnyed\u00e9n m\u00e9g ma!<\/div>\n<div class=\"smania_landing_description_list\">\n<ul>\n<li>Maxim\u00e1lis 3 r\u00e9teg\u0171 t\u00e1rol\u00f3 minden l\u00e9nyeges dolognak<\/li>\n<li>360 fokban forgathat\u00f3 kerekek a k\u00f6nnyed mobilit\u00e1s \u00e9rdek\u00e9ben<\/li>\n<li>Teljesen z\u00e1rt, l\u00e9g\u00e1tereszt\u0151 kos\u00e1r a biztons\u00e1gos t\u00e1rol\u00e1s \u00e9rdek\u00e9ben<\/li>\n<li>T\u00f6k\u00e9letes minden helyis\u00e9gbe &#8211; konyh\u00e1ba, f\u00fcrd\u0151szob\u00e1ba \u00e9s m\u00e9g sok m\u00e1sba is<\/li>\n<li>Nincs sz\u00fcks\u00e9g telep\u00edt\u00e9sre &#8211; azonnal kezdje el a rendszerez\u00e9st<\/li>\n<\/ul><\/div>\n","protected":false},"excerpt":{"rendered":"<p>\u00c9rt\u00e9kes alapter\u00fcletet takar\u00edt meg|Az \u00fcreges kialak\u00edt\u00e1s frissen tartja a t\u00e1rgyakat|F\u00e9kekkel stabilan mozgathat\u00f3|Okos kialak\u00edt\u00e1s a gyors tiszt\u00edt\u00e1shoz|K\u00f6nnyed\u00e9n viseli a neh\u00e9z terheket|Tart\u00f3s sz\u00e9nac\u00e9l konstrukci\u00f3 a hossz\u00fa t\u00e1v\u00fa haszn\u00e1lathoz|Magass\u00e1g: 60 cm|Kos\u00e1r m\u00e9rete: 30 cm x 13 cm<\/p>\n","protected":false},"featured_media":93668,"template":"","meta":[],"product_cat":[16,223],"product_tag":[],"acf":[],"_links":{"self":[{"href":"https:\/\/smania.store\/hu\/wp-json\/wp\/v2\/product\/93686"}],"collection":[{"href":"https:\/\/smania.store\/hu\/wp-json\/wp\/v2\/product"}],"about":[{"href":"https:\/\/smania.store\/hu\/wp-json\/wp\/v2\/types\/product"}],"wp:featuredmedia":[{"embeddable":true,"href":"https:\/\/smania.store\/hu\/wp-json\/wp\/v2\/media\/93668"}],"wp:attachment":[{"href":"https:\/\/smania.store\/hu\/wp-json\/wp\/v2\/media?parent=93686"}],"wp:term":[{"taxonomy":"product_cat","embeddable":true,"href":"https:\/\/smania.store\/hu\/wp-json\/wp\/v2\/product_cat?post=93686"},{"taxonomy":"product_tag","embeddable":true,"href":"https:\/\/smania.store\/hu\/wp-json\/wp\/v2\/product_tag?post=93686"}],"curies":[{"name":"wp","href":"https:\/\/api.w.org\/{rel}","templated":true}]}}