{"id":93656,"date":"2025-08-01T15:04:35","date_gmt":"2025-08-01T13:04:35","guid":{"rendered":"https:\/\/smania.store\/hu\/termek\/solidmax-vizko-eltavolito\/"},"modified":"2026-04-13T19:01:31","modified_gmt":"2026-04-13T17:01:31","slug":"solidmax-vizko-eltavolito","status":"publish","type":"product","link":"https:\/\/smania.store\/hu\/termek\/solidmax-vizko-eltavolito\/","title":{"rendered":"SolidMax &#8211; V\u00edzk\u0151 elt\u00e1vol\u00edt\u00f3"},"content":{"rendered":"<div class=\"smania_landing_description_title\">\u00daJDONS\u00c1G! A makacs v\u00edzk\u0151 ellens\u00e9ge!<\/div>\n<div class=\"smania_landing_description_txt\">Hihetetlen tisztas\u00e1g 3 l\u00e9p\u00e9sben<\/div>\n<div class=\"smania_landing_description_subtitle\">F\u00e1radt vagy az \u00f3r\u00e1kig tart\u00f3 s\u00farol\u00e1st\u00f3l? A SolidMax a tiszt\u00edt\u00e1s \u00e9lm\u00e9ny lesz! Ez az innovat\u00edv formula k\u00f6nnyed\u00e9n oldja a v\u00edzk\u00f6vet, a kalciumot \u00e9s m\u00e1s kem\u00e9ny v\u00edz foltokat, s\u0151t, v\u00e9d\u0151r\u00e9teget is k\u00e9pez a j\u00f6v\u0151beni lerak\u00f3d\u00e1sok elker\u00fcl\u00e9s\u00e9re! Csak alkalmazd, hagyd hatni, \u00e9s t\u00f6r\u00f6ld le a foltokat gond n\u00e9lk\u00fcl. Tedd a tiszt\u00edt\u00e1st egyszer\u0171v\u00e9 \u00e9s \u00e9lvezetes \u00e9lm\u00e9nny\u00e9 a SolidMax-szal!<\/div>\n<div class=\"smania_landing_description_list\">\n<ul>\n<li>K\u00f6nnyen oldja a v\u00edzk\u00f6vet<\/li>\n<li>Kalcium \u00e9s kem\u00e9ny v\u00edz foltok elt\u00fcntet\u00e9se<\/li>\n<li>V\u00e9d\u0151r\u00e9teg k\u00e9s\u0151bbi lerak\u00f3d\u00e1sok ellen<\/li>\n<li>Egyszer\u0171 haszn\u00e1lat, nincs sz\u00fcks\u00e9g s\u00farol\u00e1sra<\/li>\n<li>Gyors \u00e9s hat\u00e9kony eredm\u00e9nyek<\/li>\n<li>F\u00fcrd\u0151k\u00e1dak, csapok, mosd\u00f3k \u00e9s bid\u00e9k tiszt\u00edt\u00e1sa<\/li>\n<\/ul><\/div>\n","protected":false},"excerpt":{"rendered":"<p>Azonnali hat\u00e1s percek alatt|Gyeng\u00e9d a fel\u00fcletekhez|Hosszantart\u00f3 tisztas\u00e1g|K\u00f6nnyed alkalmaz\u00e1s|Professzion\u00e1lis tiszt\u00edt\u00e1s otthon|Nincs t\u00f6bb\u00e9 makacs folt|Nagyobb v\u00e9delem, kevesebb munka|Elb\u00e1nik a legkem\u00e9nyebb v\u00edzk\u00f6vekkel<\/p>\n","protected":false},"featured_media":93645,"template":"","meta":[],"product_cat":[2752],"product_tag":[2753],"acf":[],"_links":{"self":[{"href":"https:\/\/smania.store\/hu\/wp-json\/wp\/v2\/product\/93656"}],"collection":[{"href":"https:\/\/smania.store\/hu\/wp-json\/wp\/v2\/product"}],"about":[{"href":"https:\/\/smania.store\/hu\/wp-json\/wp\/v2\/types\/product"}],"wp:featuredmedia":[{"embeddable":true,"href":"https:\/\/smania.store\/hu\/wp-json\/wp\/v2\/media\/93645"}],"wp:attachment":[{"href":"https:\/\/smania.store\/hu\/wp-json\/wp\/v2\/media?parent=93656"}],"wp:term":[{"taxonomy":"product_cat","embeddable":true,"href":"https:\/\/smania.store\/hu\/wp-json\/wp\/v2\/product_cat?post=93656"},{"taxonomy":"product_tag","embeddable":true,"href":"https:\/\/smania.store\/hu\/wp-json\/wp\/v2\/product_tag?post=93656"}],"curies":[{"name":"wp","href":"https:\/\/api.w.org\/{rel}","templated":true}]}}