{"id":93511,"date":"2025-07-24T14:03:22","date_gmt":"2025-07-24T12:03:22","guid":{"rendered":"https:\/\/smania.store\/hu\/termek\/woodypanel-fa-falpanelek-matrica-utanzat-10m-x-60cm-6m%c2%b2\/"},"modified":"2026-01-24T09:42:17","modified_gmt":"2026-01-24T08:42:17","slug":"woodypanel-fa-falpanelek-matrica-utanzat-10m-x-60cm-6m%c2%b2","status":"publish","type":"product","link":"https:\/\/smania.store\/hu\/termek\/woodypanel-fa-falpanelek-matrica-utanzat-10m-x-60cm-6m%c2%b2\/","title":{"rendered":"WoodyPanel\u2122 meger\u0151s\u00edtett \u00f6ntapad\u00f3s falpanel &#8211; 10m tekercs (6m\u00b2)"},"content":{"rendered":"<div class=\"smania_landing_description_title\">\u00daJ, luxus skandin\u00e1v bels\u0151\u00e9p\u00edt\u00e9szet<\/div>\n<div class=\"smania_landing_description_txt\">Vigye fel otthon\u00e1ba vagy irod\u00e1j\u00e1ba a term\u00e9szet f\u00e9ny\u0171z\u0151 \u00e9rint\u00e9s\u00e9t meger\u0151s\u00edtett \u00f6ntapad\u00f3s falburkolatunkkal!<\/div>\n<div class=\"smania_landing_description_subtitle\"> Mondj nemet az olcs\u00f3 falmatric\u00e1kra! Dobja fel otthon\u00e1t val\u00f3s\u00e1gh\u0171 t\u00f6lgyfa diz\u00e1jn\u00fa \u00f6ntapad\u00f3s lamb\u00e9ri\u00e1val &#8211; gazdas\u00e1gos alternat\u00edv\u00e1ja a v\u00edrusos akusztikus fa falpaneleknek!<\/div>\n<div class=\"smania_landing_description_list\">\n<ul>\n<li>Vastag \u00e9s meger\u0151s\u00edtett t\u00f6bbr\u00e9teg\u0171 anyag<\/li>\n<li>Luxus otthoni vagy irodai dekor\u00e1ci\u00f3<\/li>\n<li>V\u00edz\u00e1ll\u00f3, karc\u00e1ll\u00f3, szakad\u00e1s\u00e1ll\u00f3<\/li>\n<li>K\u00f6nnyen felszerelhet\u0151, nehezen deform\u00e1l\u00f3dik<\/li>\n<li>Val\u00f3s\u00e1gh\u0171 t\u00f6lgyfa mint\u00e1k<\/li>\n<li>Falakhoz \u00e9s mennyezetekhez<\/li>\n<li>K\u00f6nnyen tiszt\u00edthat\u00f3 \u00e9s karbantarthat\u00f3<\/li>\n<\/ul><\/div>\n","protected":false},"excerpt":{"rendered":"<p>Egyszer\u0171 telep\u00edt\u00e9si folyamat|K\u00f6nnyen v\u00e1ghat\u00f3 \u00e9s alak\u00edthat\u00f3|Val\u00f3s\u00e1gh\u0171 t\u00f6lgyfa megjelen\u00e9s|Gazdas\u00e1gos bels\u0151 \u00e1talak\u00edt\u00e1s|M\u00e9retek: 1000 x 60 cm|Anyag: pr\u00e9mium SXP|Terjedelem: 6 m\u00b2|Vastags\u00e1g: 1,5 mm|Tulajdons\u00e1gok: v\u00edz\u00e1ll\u00f3, antibakteri\u00e1lis, karc\u00e1ll\u00f3, h\u0151\u00e1ll\u00f3|4 mint\u00e1zat: olajozott t\u00f6lgy, vil\u00e1gos t\u00f6lgy, f\u00fcst\u00f6lt t\u00f6lgy, sz\u00fcrke t\u00f6lgy<\/p>\n","protected":false},"featured_media":97021,"template":"","meta":[],"product_cat":[16],"product_tag":[1555],"acf":[],"_links":{"self":[{"href":"https:\/\/smania.store\/hu\/wp-json\/wp\/v2\/product\/93511"}],"collection":[{"href":"https:\/\/smania.store\/hu\/wp-json\/wp\/v2\/product"}],"about":[{"href":"https:\/\/smania.store\/hu\/wp-json\/wp\/v2\/types\/product"}],"wp:featuredmedia":[{"embeddable":true,"href":"https:\/\/smania.store\/hu\/wp-json\/wp\/v2\/media\/97021"}],"wp:attachment":[{"href":"https:\/\/smania.store\/hu\/wp-json\/wp\/v2\/media?parent=93511"}],"wp:term":[{"taxonomy":"product_cat","embeddable":true,"href":"https:\/\/smania.store\/hu\/wp-json\/wp\/v2\/product_cat?post=93511"},{"taxonomy":"product_tag","embeddable":true,"href":"https:\/\/smania.store\/hu\/wp-json\/wp\/v2\/product_tag?post=93511"}],"curies":[{"name":"wp","href":"https:\/\/api.w.org\/{rel}","templated":true}]}}