{"id":93337,"date":"2025-07-08T11:36:05","date_gmt":"2025-07-08T09:36:05","guid":{"rendered":"https:\/\/smania.store\/hu\/termek\/campmate-osszecsukhato-aluminium-kempingszek-4-szekkel\/"},"modified":"2026-05-11T07:27:54","modified_gmt":"2026-05-11T05:27:54","slug":"campmate-osszecsukhato-aluminium-kempingszek-4-szekkel","status":"publish","type":"product","link":"https:\/\/smania.store\/hu\/termek\/campmate-osszecsukhato-aluminium-kempingszek-4-szekkel\/","title":{"rendered":"CampMate\u2122 \u00f6sszecsukhat\u00f3 alum\u00ednium kempingsz\u00e9k 4 sz\u00e9kkel"},"content":{"rendered":"<div class=\"smania_landing_description_title\">\u00daJ, Ultra er\u0151s \u00f6sszecsukhat\u00f3 sz\u00e9k<\/div>\n<div class=\"smania_landing_description_txt\">T\u00e1borozz b\u00e1rhol \u00e9s b\u00e1rmikor!<\/div>\n<div class=\"smania_landing_description_subtitle\">A CampMate\u2122 seg\u00edts\u00e9g\u00e9vel nyaral\u00e1s k\u00f6zben is megteremtheti saj\u00e1t kalandj\u00e1t!<\/div>\n<div class=\"smania_landing_description_list\">\n<ul>\n<li>Ide\u00e1lis kempingez\u00e9shez, piknikhez, kertbe vagy otthonra<\/li>\n<li>\u00d6sszecsukhat\u00f3 kialak\u00edt\u00e1s, egy\u00e1llom\u00e1sos megfigyel\u00e9shez, b\u00e1rhol is van<\/li>\n<li>Kompakt kialak\u00edt\u00e1s, nagy teherb\u00edr\u00e1ssal<\/li>\n<li>Ide\u00e1lis 4 szem\u00e9ly sz\u00e1m\u00e1ra<\/li>\n<\/ul><\/div>\n","protected":false},"excerpt":{"rendered":"<p>A lakkoz\u00e1s n\u00e9h\u00e1ny m\u00e1sodperc alatt \u00f6ssze\u00e1ll|Tart\u00f3s alum\u00ednium\u00f6tv\u00f6zetb\u0151l k\u00e9sz\u00fclt|\u00d6sszecsukhat\u00f3 kialak\u00edt\u00e1s a k\u00f6nny\u0171 sz\u00e1ll\u00edt\u00e1shoz|V\u00edz\u00e1ll\u00f3 az eg\u00e9sz \u00e9ves haszn\u00e1lathoz|Alkalmas belt\u00e9ri \u00e9s k\u00fclt\u00e9ri haszn\u00e1latra|Anyag: alum\u00ednium|Az \u00f6sszecsukhat\u00f3 sz\u00e9k m\u00e9retei: 120 x 60 cm|Felf\u00fcggeszt\u00e9si magass\u00e1g: 55 cm, 62 cm, 70 cm|\u00d6sszecsukott m\u00e9retek: 60 x 60 x 8 cm|A sz\u00e9k terhelhet\u0151s\u00e9ge: 50 kg|Sz\u00e9k terhelhet\u0151s\u00e9ge: 100 kg|S\u00faly: 6,7 kg<\/p>\n","protected":false},"featured_media":93325,"template":"","meta":[],"product_cat":[16,21],"product_tag":[],"acf":[],"_links":{"self":[{"href":"https:\/\/smania.store\/hu\/wp-json\/wp\/v2\/product\/93337"}],"collection":[{"href":"https:\/\/smania.store\/hu\/wp-json\/wp\/v2\/product"}],"about":[{"href":"https:\/\/smania.store\/hu\/wp-json\/wp\/v2\/types\/product"}],"wp:featuredmedia":[{"embeddable":true,"href":"https:\/\/smania.store\/hu\/wp-json\/wp\/v2\/media\/93325"}],"wp:attachment":[{"href":"https:\/\/smania.store\/hu\/wp-json\/wp\/v2\/media?parent=93337"}],"wp:term":[{"taxonomy":"product_cat","embeddable":true,"href":"https:\/\/smania.store\/hu\/wp-json\/wp\/v2\/product_cat?post=93337"},{"taxonomy":"product_tag","embeddable":true,"href":"https:\/\/smania.store\/hu\/wp-json\/wp\/v2\/product_tag?post=93337"}],"curies":[{"name":"wp","href":"https:\/\/api.w.org\/{rel}","templated":true}]}}