{"id":93225,"date":"2025-07-01T11:18:19","date_gmt":"2025-07-01T09:18:19","guid":{"rendered":"https:\/\/smania.store\/hu\/termek\/bechair-osszecsukhato-parnazott-strand-hattamla\/"},"modified":"2025-09-08T15:01:51","modified_gmt":"2025-09-08T13:01:51","slug":"bechair-osszecsukhato-parnazott-strand-hattamla","status":"publish","type":"product","link":"https:\/\/smania.store\/hu\/termek\/bechair-osszecsukhato-parnazott-strand-hattamla\/","title":{"rendered":"BECHAIR\u2122 \u00f6sszecsukhat\u00f3 p\u00e1rn\u00e1zott strand h\u00e1tt\u00e1mla"},"content":{"rendered":"<div class=\"smania_landing_description_title\">\u00daJ, els\u0151 oszt\u00e1ly\u00fa k\u00e9nyelem \u00e9s pihen\u00e9s mindenf\u00e9le tengerparton<\/div>\n<div class=\"smania_landing_description_txt\">Fek\u00fcdj le vagy \u00fclj le k\u00e9nyelmesen, mik\u00f6zben pihensz a strandon!<\/div>\n<div class=\"smania_landing_description_subtitle\">  T\u00f6bb \u00e1ll\u00edthat\u00f3 poz\u00edci\u00f3 extra k\u00e9nyelmes p\u00e1rn\u00e1val, t\u00f6k\u00e9letes minden tengerparti fel\u00fcletre!  <\/div>\n<div class=\"smania_landing_description_list\">\n<ul>\n<li>\u00d6sszecsukhat\u00f3 kialak\u00edt\u00e1s, 5 k\u00e9nyelmes poz\u00edci\u00f3ra \u00e1ll\u00edthat\u00f3<\/li>\n<li>Vastag \u00e9s k\u00e9nyelmes p\u00e1rna, ide\u00e1lis egyenetlen terepen<\/li>\n<li>Tart\u00f3s, meger\u0151s\u00edtett alap plusz teherb\u00edr\u00e1s\u00e9rt<\/li>\n<li>Levehet\u0151, moshat\u00f3, v\u00edzleperget\u0151 huzat<\/li>\n<li>2 oldalzseb a strandi kell\u00e9keknek<\/li>\n<li>K\u00f6nny\u0171 \u00e9s egyszer\u0171 sz\u00e1ll\u00edtani<\/li>\n<\/ul><\/div>\n","protected":false},"excerpt":{"rendered":"<p>H\u00e1tizs\u00e1k-st\u00edlus\u00fa hordoz\u00e1s egyszer\u0171 sz\u00e1ll\u00edt\u00e1shoz|A sz\u00f6vet gyorsan sz\u00e1rad \u2013 gondmentes|K\u00e9t praktikus oldalzseb az alapvet\u0151 holmiknak|125 kg-ig terhelhet\u0151|Sz\u00edn: k\u00e9k \/ r\u00f3zsasz\u00edn|Anyag: rozsdamentes ac\u00e9l, 600D poli\u00e9szter, hab|S\u00faly: 4 kg|Teherb\u00edr\u00e1s: 125 kg|\u00d6sszecsukott m\u00e9retek: 55 x 45 x 15 cm|Kinyitott m\u00e9retek: 102 x 45 x 7 cm|\u00c1ll\u00edthat\u00f3 sz\u00f6gek: 15\u00b0, 30\u00b0, 45\u00b0, 60\u00b0, 75\u00b0<\/p>\n","protected":false},"featured_media":93213,"template":"","meta":[],"product_cat":[16,21],"product_tag":[1503],"acf":[],"_links":{"self":[{"href":"https:\/\/smania.store\/hu\/wp-json\/wp\/v2\/product\/93225"}],"collection":[{"href":"https:\/\/smania.store\/hu\/wp-json\/wp\/v2\/product"}],"about":[{"href":"https:\/\/smania.store\/hu\/wp-json\/wp\/v2\/types\/product"}],"wp:featuredmedia":[{"embeddable":true,"href":"https:\/\/smania.store\/hu\/wp-json\/wp\/v2\/media\/93213"}],"wp:attachment":[{"href":"https:\/\/smania.store\/hu\/wp-json\/wp\/v2\/media?parent=93225"}],"wp:term":[{"taxonomy":"product_cat","embeddable":true,"href":"https:\/\/smania.store\/hu\/wp-json\/wp\/v2\/product_cat?post=93225"},{"taxonomy":"product_tag","embeddable":true,"href":"https:\/\/smania.store\/hu\/wp-json\/wp\/v2\/product_tag?post=93225"}],"curies":[{"name":"wp","href":"https:\/\/api.w.org\/{rel}","templated":true}]}}