{"id":92629,"date":"2025-04-29T07:36:41","date_gmt":"2025-04-29T05:36:41","guid":{"rendered":"https:\/\/smania.store\/hu\/termek\/storemaster-helytakarekos-furdoszoba-polc\/"},"modified":"2026-04-09T16:04:32","modified_gmt":"2026-04-09T14:04:32","slug":"storemaster-helytakarekos-furdoszoba-polc","status":"publish","type":"product","link":"https:\/\/smania.store\/hu\/termek\/storemaster-helytakarekos-furdoszoba-polc\/","title":{"rendered":"StoreMaster\u2122 helytakar\u00e9kos f\u00fcrd\u0151szoba polc"},"content":{"rendered":"<div class=\"smania_landing_description_title\">\u00daJ: StoreMaster\u2122 helytakar\u00e9kos f\u00fcrd\u0151szoba polc<\/div>\n<div class=\"smania_landing_description_txt\">Oldja meg a f\u00fcrd\u0151szobai helyprobl\u00e9m\u00e1t!<\/div>\n<div class=\"smania_landing_description_subtitle\">Tudja meg, hogyan alak\u00edthatja \u00e1t otthona minden szeglet\u00e9t a StoreMaster\u2122 helytakar\u00e9kos f\u00fcrd\u0151szobai polccal! Ezt a csod\u00e1latos b\u00fatordarabot \u00fagy tervezt\u00e9k, hogy a kanap\u00e9t\u00f3l a nappaliban b\u00e1rhol meg\u00e1llja a hely\u00e9t, \u00e9lettel teli teret teremtve. Eleg\u00e1ns \u00e9s letisztult vonalvezet\u00e9s\u00e9vel csod\u00e1latos kieg\u00e9sz\u00edt\u0151je az otthoni rendszerez\u00e9snek. Ne hagyja ki a lehet\u0151s\u00e9get, hogy rendetlens\u00e9gmentes \u00e9letet \u00e9lhessen!<\/div>\n<div class=\"smania_landing_description_list\">\n<ul>\n<li>Sz\u0171k r\u00e9sekhez tervezve<\/li>\n<li>Nagy kapacit\u00e1s a nagym\u00e9ret\u0171 t\u00e1rgyak sz\u00e1m\u00e1ra (3 \u00e1llv\u00e1ny)<\/li>\n<li>Eleg\u00e1ns kialak\u00edt\u00e1s, hogy b\u00e1rmilyen st\u00edlushoz illeszkedjen<\/li>\n<li>Robusztus, tart\u00f3s \u00e9s v\u00edz\u00e1ll\u00f3 anyag<\/li>\n<li>Alkalmas higi\u00e9niai term\u00e9kekhez<\/li>\n<\/ul><\/div>\n","protected":false},"excerpt":{"rendered":"<p>Id\u0151t takar\u00edthat meg a szervez\u00e9ssel|Praktikus pap\u00edrzsebkend\u0151-tart\u00e1ly|Optimaliz\u00e1lja a felhaszn\u00e1lhat\u00f3 fel\u00fcleteket|Alkalmas f\u00fcrd\u0151szob\u00e1ba \u00e9s nappaliba|K\u00f6nnyen kivehet\u0151 fi\u00f3kok|Robusztus, tart\u00f3s \u00e9s v\u00edz\u00e1ll\u00f3|M\u00e9retek: m\u00e9ret: 78 x 41 x 18 cm|60 kg-ig terjed\u0151 teherb\u00edr\u00e1s|A polcok sz\u00e1ma: 3|G\u00f6rg\u0151kkel felszerelve<\/p>\n","protected":false},"featured_media":92618,"template":"","meta":[],"product_cat":[16],"product_tag":[1554],"acf":[],"_links":{"self":[{"href":"https:\/\/smania.store\/hu\/wp-json\/wp\/v2\/product\/92629"}],"collection":[{"href":"https:\/\/smania.store\/hu\/wp-json\/wp\/v2\/product"}],"about":[{"href":"https:\/\/smania.store\/hu\/wp-json\/wp\/v2\/types\/product"}],"wp:featuredmedia":[{"embeddable":true,"href":"https:\/\/smania.store\/hu\/wp-json\/wp\/v2\/media\/92618"}],"wp:attachment":[{"href":"https:\/\/smania.store\/hu\/wp-json\/wp\/v2\/media?parent=92629"}],"wp:term":[{"taxonomy":"product_cat","embeddable":true,"href":"https:\/\/smania.store\/hu\/wp-json\/wp\/v2\/product_cat?post=92629"},{"taxonomy":"product_tag","embeddable":true,"href":"https:\/\/smania.store\/hu\/wp-json\/wp\/v2\/product_tag?post=92629"}],"curies":[{"name":"wp","href":"https:\/\/api.w.org\/{rel}","templated":true}]}}