{"id":92166,"date":"2025-04-04T12:25:29","date_gmt":"2025-04-04T10:25:29","guid":{"rendered":"https:\/\/smania.store\/hu\/termek\/homokrogzito-szer-sandbind-1-l\/"},"modified":"2026-04-25T17:12:02","modified_gmt":"2026-04-25T15:12:02","slug":"homokrogzito-szer-sandbind-1-l","status":"publish","type":"product","link":"https:\/\/smania.store\/hu\/termek\/homokrogzito-szer-sandbind-1-l\/","title":{"rendered":"Homokr\u00f6gz\u00edt\u0151 szer SANDBIND\u2122 (1 L)"},"content":{"rendered":"<div class=\"smania_landing_description_title\">\u00daJ! Jav\u00edtsa ki a vesz\u00e9lyes k\u00e1ty\u00fakat pillanatok alatt<\/div>\n<div class=\"smania_landing_description_txt\">Er\u0151teljes ragaszt\u00f3anyag padl\u00f3khoz \u00e9s falakhoz, tart\u00f3s jav\u00edt\u00e1sokhoz!<\/div>\n<div class=\"smania_landing_description_subtitle\">Fedezze fel a tart\u00f3s t\u00f6m\u00edt\u00e9s titk\u00e1t! Mondjon b\u00facs\u00fat a vesz\u00e9lyes k\u00e1ty\u00faknak \u00e9s omladoz\u00f3 falaknak a SANDBIND\u2122 tiszta homokalap\u00fa ragaszt\u00f3val az \u00fat- \u00e9s faljav\u00edt\u00e1shoz. Egy gyors \u00e9s egyszer\u0171 megold\u00e1s, amely kik\u00fcsz\u00f6b\u00f6li a k\u00f6lts\u00e9ges jav\u00edt\u00e1sok kock\u00e1zat\u00e1t. K\u00e9szen \u00e1ll arra, hogy egyszer\u0171en, gyorsan \u00e9s hat\u00e9konyan megv\u00e9dje otthon\u00e1t \u00e9s udvar\u00e1t? M\u00e1r az els\u0151 alkalmaz\u00e1sokn\u00e1l \u00e9szre fogja venni a SANDBIND\u2122 erej\u00e9t!<\/div>\n<div class=\"smania_landing_description_list\">\n<ul>\n<li>Extr\u00e9m ragaszt\u00e1si er\u0151 a hosszan tart\u00f3 jav\u00edt\u00e1sokhoz<\/li>\n<li>Egyszer\u0171 \u00e9s k\u00f6lts\u00e9ghat\u00e9kony megold\u00e1s a k\u00e1ty\u00fajav\u00edt\u00e1shoz<\/li>\n<li>Meghosszabb\u00edtja a falak \u00e9s utak \u00e9lettartam\u00e1t<\/li>\n<li>Ellen\u00e1ll a v\u00edznek \u00e9s a nedvess\u00e9gnek<\/li>\n<li>Ellen\u00e1ll az UV-sugaraknak \u00e9s a sz\u00e9ls\u0151s\u00e9ges h\u0151m\u00e9rs\u00e9kleteknek<\/li>\n<li>Biztons\u00e1gosan haszn\u00e1lhat\u00f3, k\u00f6rnyezetbar\u00e1t formula<\/li>\n<\/ul><\/div>\n","protected":false},"excerpt":{"rendered":"<p>Gyors, egyszer\u0171 \u00e9s olcs\u00f3 \u00fat- \u00e9s faljav\u00edt\u00e1s|K\u00f6nnyen haszn\u00e1lhat\u00f3 m\u00e9g kezd\u0151k sz\u00e1m\u00e1ra is|Az ultraer\u0151s tapad\u00e1s biztos\u00edtja a tart\u00f3s reped\u00e9sjav\u00edt\u00e1st|Ellen\u00e1ll a v\u00edznek \u00e9s a nedvess\u00e9gnek|Ellen\u00e1ll az UV-sugaraknak \u00e9s a sz\u00e9ls\u0151s\u00e9ges h\u0151m\u00e9rs\u00e9kleteknek|Gyors \u00e9s hat\u00e9kony homokbehatol\u00e1s|Polimer r\u00e9teget hoz l\u00e9tre, amely lez\u00e1rja a reped\u00e9seket|Net: 1 L|Ter\u00fclet: legfeljebb 4 n\u00e9gyzetm\u00e9ter|Alkalmaz\u00e1si ter\u00fcletek: padl\u00f3, falak|Alkalmas anyagok: homok, k\u00f6vek|K\u00f6rnyezetbar\u00e1t, v\u00edzb\u00e1zis\u00fa formula|Szobah\u0151m\u00e9rs\u00e9kleten (5-35\u00b0C) t\u00e1rolhat\u00f3|Szavatoss\u00e1gi id\u0151: 12 h\u00f3nap<\/p>\n","protected":false},"featured_media":92288,"template":"","meta":[],"product_cat":[16,2752],"product_tag":[2766,1503],"acf":[],"_links":{"self":[{"href":"https:\/\/smania.store\/hu\/wp-json\/wp\/v2\/product\/92166"}],"collection":[{"href":"https:\/\/smania.store\/hu\/wp-json\/wp\/v2\/product"}],"about":[{"href":"https:\/\/smania.store\/hu\/wp-json\/wp\/v2\/types\/product"}],"wp:featuredmedia":[{"embeddable":true,"href":"https:\/\/smania.store\/hu\/wp-json\/wp\/v2\/media\/92288"}],"wp:attachment":[{"href":"https:\/\/smania.store\/hu\/wp-json\/wp\/v2\/media?parent=92166"}],"wp:term":[{"taxonomy":"product_cat","embeddable":true,"href":"https:\/\/smania.store\/hu\/wp-json\/wp\/v2\/product_cat?post=92166"},{"taxonomy":"product_tag","embeddable":true,"href":"https:\/\/smania.store\/hu\/wp-json\/wp\/v2\/product_tag?post=92166"}],"curies":[{"name":"wp","href":"https:\/\/api.w.org\/{rel}","templated":true}]}}