{"id":91111,"date":"2025-03-18T08:35:19","date_gmt":"2025-03-18T07:35:19","guid":{"rendered":"https:\/\/smania.store\/hu\/termek\/vividwood-fafelujito-es-tisztitoszer-300-ml\/"},"modified":"2026-04-17T22:22:46","modified_gmt":"2026-04-17T20:22:46","slug":"vividwood-fafelujito-es-tisztitoszer-300-ml","status":"publish","type":"product","link":"https:\/\/smania.store\/hu\/termek\/vividwood-fafelujito-es-tisztitoszer-300-ml\/","title":{"rendered":"VividWood\u2122 fafel\u00faj\u00edt\u00f3 \u00e9s tiszt\u00edt\u00f3szer (300 ml)"},"content":{"rendered":"<div class=\"smania_landing_description_title\">\u00daJ: VividWood\u2122 &#8211; keltse \u00e9letre a matt f\u00e1t!<\/div>\n<div class=\"smania_landing_description_txt\">\u00c1ll\u00edtsa vissza a r\u00e9gi fa term\u00e9szetes sz\u00e9ps\u00e9g\u00e9t!<\/div>\n<div class=\"smania_landing_description_subtitle\">M\u00e1s fafel\u00faj\u00edt\u00f3 term\u00e9kekkel ellent\u00e9tben a VividWood\u2122 nem csak elfedi a s\u00e9r\u00fcl\u00e9seket! Behatol a fel\u00fcletbe, semleges\u00edti a sz\u00fcrkes\u00e9get, \u00e9s \u00fajra\u00e9leszti a f\u00e1t, meghosszabb\u00edtja az \u00e9lettartam\u00e1t, \u00e9s megsp\u00f3rolja a fa cser\u00e9j\u00e9nek k\u00f6lts\u00e9geit.<\/div>\n<div class=\"smania_landing_description_list\">\n<ul>\n<li>Azonnal fel\u00e9leszti az \u00f6reg, sz\u00fcrke f\u00e1t<\/li>\n<li>Lebontja az elsz\u00ednez\u0151d\u00e9st okoz\u00f3 szennyez\u0151d\u00e9seket, pen\u00e9szed\u00e9st \u00e9s oxid\u00e1ci\u00f3t<\/li>\n<li>Friss, meg\u00fajult megjelen\u00e9st k\u00f6lcs\u00f6n\u00f6z a f\u00e1nak<\/li>\n<li>Meg\u0151rzi a fa term\u00e9szetes vonzerej\u00e9t<\/li>\n<li>Sokoldal\u00faan alkalmazhat\u00f3 minden k\u00fcls\u0151 fafel\u00fclethez<\/li>\n<li>Biztons\u00e1gos, m\u00e9lytiszt\u00edt\u00f3 formula<\/li>\n<\/ul><\/div>\n","protected":false},"excerpt":{"rendered":"<p>Behatol a fel\u00fcletbe, semleges\u00edti a sz\u00fcrkes\u00e9get \u00e9s revitaliz\u00e1lja a f\u00e1t|Meghosszabb\u00edtja az \u00e9lettartamot, \u00e9s megsp\u00f3rolja a fa cser\u00e9j\u00e9nek k\u00f6lts\u00e9geit|Elt\u00e1vol\u00edtja a makacs elsz\u00ednez\u0151d\u00e9seket, \u00e9s vissza\u00e1ll\u00edtja a fa eredeti melegs\u00e9g\u00e9t \u00e9s jelleg\u00e9t|Helyre\u00e1ll\u00edtja \u00e9s jav\u00edtja valamennyi k\u00fcls\u0151 fafel\u00fclet megjelen\u00e9s\u00e9t|Haszn\u00e1lhat\u00f3 padl\u00f3kon, ker\u00edt\u00e9seken, k\u00fclt\u00e9ri b\u00fatorokon, f\u00e1b\u00f3l k\u00e9sz\u00fclt f\u00e9szereken \u00e9s egy\u00e9b helyeken|Biztons\u00e1gos, k\u00edm\u00e9letes \u00f6sszetev\u0151kb\u0151l k\u00e9sz\u00fclt, nem tartalmaz durva vegyszereket|Nem m\u00e9rgez\u0151, biztons\u00e1gos az emberek, h\u00e1zi\u00e1llatok \u00e9s n\u00f6v\u00e9nyek sz\u00e1m\u00e1ra|Tartalom: 300 ml<\/p>\n","protected":false},"featured_media":91102,"template":"","meta":[],"product_cat":[16,2752],"product_tag":[1503,1538,2753],"acf":[],"_links":{"self":[{"href":"https:\/\/smania.store\/hu\/wp-json\/wp\/v2\/product\/91111"}],"collection":[{"href":"https:\/\/smania.store\/hu\/wp-json\/wp\/v2\/product"}],"about":[{"href":"https:\/\/smania.store\/hu\/wp-json\/wp\/v2\/types\/product"}],"wp:featuredmedia":[{"embeddable":true,"href":"https:\/\/smania.store\/hu\/wp-json\/wp\/v2\/media\/91102"}],"wp:attachment":[{"href":"https:\/\/smania.store\/hu\/wp-json\/wp\/v2\/media?parent=91111"}],"wp:term":[{"taxonomy":"product_cat","embeddable":true,"href":"https:\/\/smania.store\/hu\/wp-json\/wp\/v2\/product_cat?post=91111"},{"taxonomy":"product_tag","embeddable":true,"href":"https:\/\/smania.store\/hu\/wp-json\/wp\/v2\/product_tag?post=91111"}],"curies":[{"name":"wp","href":"https:\/\/api.w.org\/{rel}","templated":true}]}}