{"id":91101,"date":"2025-03-18T08:32:24","date_gmt":"2025-03-18T07:32:24","guid":{"rendered":"https:\/\/smania.store\/hu\/termek\/banishmold-penesz-eltavolito-gel-100-ml\/"},"modified":"2026-04-15T21:58:04","modified_gmt":"2026-04-15T19:58:04","slug":"banishmold-penesz-eltavolito-gel-100-ml","status":"publish","type":"product","link":"https:\/\/smania.store\/hu\/termek\/banishmold-penesz-eltavolito-gel-100-ml\/","title":{"rendered":"BanishMold\u2122 pen\u00e9sz elt\u00e1vol\u00edt\u00f3 g\u00e9l (100 ml)"},"content":{"rendered":"<div class=\"smania_landing_description_title\">\u00daJ: Szabaduljon meg a piszkos varratokt\u00f3l \u00e9s a tart\u00f3s pen\u00e9szt\u0151l<\/div>\n<div class=\"smania_landing_description_txt\">B\u00facs\u00fat mondhat a s\u00farol\u00e1snak \u00e9s a k\u00e1ros vegyi anyagoknak<\/div>\n<div class=\"smania_landing_description_subtitle\">A BanishMold\u2122-t \u00fagy tervezt\u00e9k, hogy hat\u00e9kony, biztons\u00e1gos \u00e9s k\u00f6nnyen haszn\u00e1lhat\u00f3 legyen, \u00edgy minim\u00e1lis er\u0151fesz\u00edt\u00e9ssel \u00e1ll\u00edthatja vissza a tisztas\u00e1got \u00e9s a frissess\u00e9get a helyis\u00e9geiben.<\/div>\n<div class=\"smania_landing_description_list\">\n<ul>\n<li>S\u00farol\u00e1smentes, gyorsan feloldja a pen\u00e9szfoltokat<\/li>\n<li>M\u00e9lyen behatol a habarcs \u00e9s a csempe sarkokba, hat\u00e9konyan c\u00e9lozza meg a pen\u00e9szgomb\u00e1t<\/li>\n<li>Elt\u00e1vol\u00edtja a foltokat \u00e9s megakad\u00e1lyozza a j\u00f6v\u0151beni n\u00f6veked\u00e9st<\/li>\n<li>T\u00f6k\u00e9letes f\u00fcrd\u0151szob\u00e1khoz, konyh\u00e1khoz, csemperagaszt\u00f3khoz, mos\u00f3g\u00e9pekhez, h\u0171t\u0151szekr\u00e9nyekhez, zuhanyz\u00f3khoz, mosd\u00f3kagyl\u00f3khoz \u00e9s t\u00f6m\u00edt\u0151anyagokhoz<\/li>\n<li>Hosszabb ideig tartja otthon\u00e1t pen\u00e9szmentesen az eg\u00e9szs\u00e9gesebb k\u00f6rnyezet \u00e9rdek\u00e9ben<\/li>\n<\/ul><\/div>\n","protected":false},"excerpt":{"rendered":"<p>Csak alkalmazza, v\u00e1rjon, \u00e9s n\u00e9zze, ahogy a foltok elt\u0171nnek|K\u00f6nnyed\u00e9n \u00e9s hat\u00e9konyan t\u00e1vol\u00edtja el a makacs pen\u00e9szt \u00e9s foltokat|Kem\u00e9ny s\u00farol\u00e1s n\u00e9lk\u00fcl t\u00e1vol\u00edtja el a foltokat|Nem tartalmaz k\u00e1ros vegyi anyagokat, \u00edgy alkalmas az otthonok \u00e9s a csal\u00e1dok sz\u00e1m\u00e1ra is|Megakad\u00e1lyozza a pen\u00e9sz visszat\u00e9r\u00e9s\u00e9t|Frissebb, eg\u00e9szs\u00e9gesebb k\u00f6rnyezetet biztos\u00edt|T\u00f6k\u00e9letesen haszn\u00e1lhat\u00f3 f\u00fcrd\u0151szob\u00e1kban, konyh\u00e1kban \u00e9s egy\u00e9b nedves helyis\u00e9gekben|Helyre\u00e1ll\u00edtja a csemp\u00e9k, a fug\u00e1k, a mosogat\u00f3g\u00e9pek tisztas\u00e1g\u00e1t \u00e9s \u00edgy tov\u00e1bb|K\u00f6nnyen alkalmazhat\u00f3 a varratokra \u00e9s sz\u0171k sarkokra|Tartalom: 100 ml<\/p>\n","protected":false},"featured_media":91092,"template":"","meta":[],"product_cat":[16,2752],"product_tag":[1554,2753],"acf":[],"_links":{"self":[{"href":"https:\/\/smania.store\/hu\/wp-json\/wp\/v2\/product\/91101"}],"collection":[{"href":"https:\/\/smania.store\/hu\/wp-json\/wp\/v2\/product"}],"about":[{"href":"https:\/\/smania.store\/hu\/wp-json\/wp\/v2\/types\/product"}],"wp:featuredmedia":[{"embeddable":true,"href":"https:\/\/smania.store\/hu\/wp-json\/wp\/v2\/media\/91092"}],"wp:attachment":[{"href":"https:\/\/smania.store\/hu\/wp-json\/wp\/v2\/media?parent=91101"}],"wp:term":[{"taxonomy":"product_cat","embeddable":true,"href":"https:\/\/smania.store\/hu\/wp-json\/wp\/v2\/product_cat?post=91101"},{"taxonomy":"product_tag","embeddable":true,"href":"https:\/\/smania.store\/hu\/wp-json\/wp\/v2\/product_tag?post=91101"}],"curies":[{"name":"wp","href":"https:\/\/api.w.org\/{rel}","templated":true}]}}