{"id":90309,"date":"2025-03-14T10:12:59","date_gmt":"2025-03-14T09:12:59","guid":{"rendered":"https:\/\/smania.store\/hu\/termek\/allithato-es-legatereszto-agytamla-bedlift\/"},"modified":"2026-04-10T20:00:52","modified_gmt":"2026-04-10T18:00:52","slug":"allithato-es-legatereszto-agytamla-bedlift","status":"publish","type":"product","link":"https:\/\/smania.store\/hu\/termek\/allithato-es-legatereszto-agytamla-bedlift\/","title":{"rendered":"\u00c1ll\u00edthat\u00f3 \u00e9s l\u00e9g\u00e1tereszt\u0151 \u00e1gyt\u00e1mla BedLift\u2122"},"content":{"rendered":"<div class=\"smania_landing_description_title\">\u00daJ: BedLift\u2122 &#8211; a maxim\u00e1lis k\u00e9nyelem\u00e9rt az \u00e1gyban<\/div>\n<div class=\"smania_landing_description_txt\">Ide\u00e1lis id\u0151sek, terhes n\u0151k \u00e9s mozg\u00e1skorl\u00e1tozottak sz\u00e1m\u00e1ra!<\/div>\n<div class=\"smania_landing_description_subtitle\">T\u00f6k\u00e9letes al\u00e1t\u00e1maszt\u00e1st szeretne az \u00e1gyban pihen\u00e9s, olvas\u00e1s vagy munka k\u00f6zben? Fedezze fel a BedLift\u2122 \u00e1ll\u00edthat\u00f3, l\u00e9legz\u0151 \u00e1gyt\u00e1maszt, amelyet \u00fagy terveztek, hogy a lehet\u0151 legjobb al\u00e1t\u00e1maszt\u00e1st \u00e9s k\u00e9nyelmet biztos\u00edtsa. Hagyja, hogy ez a csod\u00e1latos \u00e1ll\u00edthat\u00f3 h\u00e1tt\u00e1mla k\u00e9nyeztesse \u00d6nt, \u00e9s minden \u00e1gyban t\u00f6lt\u00f6tt pillanatot tiszta \u00e9lm\u00e9nny\u00e9 var\u00e1zsoljon!<\/div>\n<div class=\"smania_landing_description_list\">\n<ul>\n<li>\u00c1ll\u00edthat\u00f3 d\u0151l\u00e9ssz\u00f6g 6 poz\u00edci\u00f3ban 0\u00b0 \u00e9s 80\u00b0 k\u00f6z\u00f6tt.<\/li>\n<li>Ergon\u00f3mikus al\u00e1t\u00e1maszt\u00e1s a h\u00e1t, a nyak, a der\u00e9k \u00e9s a karok sz\u00e1m\u00e1ra<\/li>\n<li>Tart\u00f3s \u00e9s nagy szil\u00e1rds\u00e1g\u00fa ac\u00e9lkeret<\/li>\n<li>L\u00e9legz\u0151 \u00e9s k\u00e9nyelmes sz\u00f6vet<\/li>\n<li>Ide\u00e1lis id\u0151sek, terhes n\u0151k \u00e9s mozg\u00e1skorl\u00e1tozottak sz\u00e1m\u00e1ra is<\/li>\n<li>T\u00f6k\u00e9letes olvas\u00e1shoz, filmn\u00e9z\u00e9shez vagy \u00e1gyban v\u00e9gzett munk\u00e1hoz<\/li>\n<\/ul><\/div>\n","protected":false},"excerpt":{"rendered":"<p>\u00c1ll\u00edthat\u00f3 sz\u00f6g biztos\u00edtja a maxim\u00e1lis k\u00e9nyelmet|Stabil \u00e9s tart\u00f3s szerkezet|Optim\u00e1lis l\u00e9g\u00e1tereszt\u0151 k\u00e9pess\u00e9g a hossz\u00fa \u00fcl\u00e9sekhez|K\u00e9nyelmesen p\u00e1rn\u00e1zott kart\u00e1maszok|Kivehet\u0151 p\u00e1rna|Haszn\u00e1lja otthon, a tengerparton, kempingez\u00e9skor|6 \u00e1ll\u00edthat\u00f3 sz\u00f6g: 0\u00b0-80\u00b0|Cs\u00fasz\u00e1smentes kialak\u00edt\u00e1s|Magass\u00e1g: 31-55 cm|Anyaga: magas sz\u00e9ntartalm\u00fa ac\u00e9l, PVC h\u00e1l\u00f3s sz\u00f6vet|Max: 136 kg|S\u00faly: 3 kg<\/p>\n","protected":false},"featured_media":90297,"template":"","meta":[],"product_cat":[16],"product_tag":[1538],"acf":[],"_links":{"self":[{"href":"https:\/\/smania.store\/hu\/wp-json\/wp\/v2\/product\/90309"}],"collection":[{"href":"https:\/\/smania.store\/hu\/wp-json\/wp\/v2\/product"}],"about":[{"href":"https:\/\/smania.store\/hu\/wp-json\/wp\/v2\/types\/product"}],"wp:featuredmedia":[{"embeddable":true,"href":"https:\/\/smania.store\/hu\/wp-json\/wp\/v2\/media\/90297"}],"wp:attachment":[{"href":"https:\/\/smania.store\/hu\/wp-json\/wp\/v2\/media?parent=90309"}],"wp:term":[{"taxonomy":"product_cat","embeddable":true,"href":"https:\/\/smania.store\/hu\/wp-json\/wp\/v2\/product_cat?post=90309"},{"taxonomy":"product_tag","embeddable":true,"href":"https:\/\/smania.store\/hu\/wp-json\/wp\/v2\/product_tag?post=90309"}],"curies":[{"name":"wp","href":"https:\/\/api.w.org\/{rel}","templated":true}]}}