{"id":87186,"date":"2025-02-26T10:17:33","date_gmt":"2025-02-26T09:17:33","guid":{"rendered":"https:\/\/smania.store\/hu\/termek\/osszecsukhato-furdoszoba-polc-bathlux\/"},"modified":"2026-03-30T21:19:05","modified_gmt":"2026-03-30T19:19:05","slug":"osszecsukhato-furdoszoba-polc-bathlux","status":"publish","type":"product","link":"https:\/\/smania.store\/hu\/termek\/osszecsukhato-furdoszoba-polc-bathlux\/","title":{"rendered":"\u00d6sszecsukhat\u00f3 f\u00fcrd\u0151szoba polc BathLux\u2122"},"content":{"rendered":"<div class=\"smania_landing_description_title\">\u00daJ: Helytakar\u00e9koss\u00e1g, maxim\u00e1lis k\u00e9nyelem<\/div>\n<div class=\"smania_landing_description_txt\">Hozzon rendet f\u00fcrd\u0151szob\u00e1j\u00e1ban an\u00e9lk\u00fcl, hogy helyet foglalna!<\/div>\n<div class=\"smania_landing_description_subtitle\">Hozzon eleganci\u00e1t \u00e9s rendet a falra szerelhet\u0151, \u00f6sszecsukhat\u00f3 f\u00fcrd\u0151szobai polcunkkal BathLux\u2122. Ez a tart\u00f3s alum\u00edniumb\u00f3l k\u00e9sz\u00fclt fali tart\u00f3 elengedhetetlen kieg\u00e9sz\u00edt\u0151je f\u00fcrd\u0151szob\u00e1j\u00e1nak, h\u00e1l\u00f3szob\u00e1j\u00e1nak vagy konyh\u00e1j\u00e1nak! Stabil, m\u00e9gis k\u00f6nny\u0171, \u00e9s hihetetlen\u00fcl nagy teherb\u00edr\u00e1ssal rendelkezik. R\u00e1ad\u00e1sul finoman a falhoz hajthat\u00f3, \u00edgy sz\u00fcks\u00e9g eset\u00e9n \u00e9rt\u00e9kes helyet szabad\u00edt fel a padl\u00f3n. Ide\u00e1lis kis \u00e9s nagy lak\u00e1sokba egyar\u00e1nt.<\/div>\n<div class=\"smania_landing_description_list\">\n<ul>\n<li>Hib\u00e1tlanul megszervezi a teret<\/li>\n<li>K\u00f6nny\u0171, m\u00e9gis stabil alum\u00edniumb\u00f3l k\u00e9sz\u00fclt<\/li>\n<li>Gyors \u00e9s egyszer\u0171 felszerel\u00e9s a mell\u00e9kelt tapad\u00f3korongokkal<\/li>\n<li>Minimalista design, amely minden otthonba illik<\/li>\n<li>Ide\u00e1lis a f\u00fcrd\u0151szob\u00e1ba, konyh\u00e1ba \u00e9s m\u00e1s helyis\u00e9gekbe<\/li>\n<\/ul><\/div>\n","protected":false},"excerpt":{"rendered":"<p>T\u00f6k\u00e9letes kisebb lak\u00e1sokba \u00e9s terekbe|Azonnal eleganci\u00e1t k\u00f6lcs\u00f6n\u00f6z otthon\u00e1nak|Tart\u00f3s \u00e9s tart\u00f3s|Eleg\u00e1ns, minimalista design|Nagy teherb\u00edr\u00e1s\u00fa|K\u00f6nnyen \u00f6sszecsukhat\u00f3, \u00e9rt\u00e9kes helyet takar\u00edt meg|Gyors felszerel\u00e9s a mell\u00e9kelt tapad\u00f3korongokkal|\u00d6sszecsukott m\u00e9retek: 47 x 15 x 21,8 cm|\u00d6sszehajtogatott m\u00e9retek: 47 x 21,8 x 21,2 cm|Szerel\u00e9si m\u00f3d: falra szerelhet\u0151|Anyag: alum\u00ednium<\/p>\n","protected":false},"featured_media":92891,"template":"","meta":[],"product_cat":[16],"product_tag":[1554],"acf":[],"_links":{"self":[{"href":"https:\/\/smania.store\/hu\/wp-json\/wp\/v2\/product\/87186"}],"collection":[{"href":"https:\/\/smania.store\/hu\/wp-json\/wp\/v2\/product"}],"about":[{"href":"https:\/\/smania.store\/hu\/wp-json\/wp\/v2\/types\/product"}],"wp:featuredmedia":[{"embeddable":true,"href":"https:\/\/smania.store\/hu\/wp-json\/wp\/v2\/media\/92891"}],"wp:attachment":[{"href":"https:\/\/smania.store\/hu\/wp-json\/wp\/v2\/media?parent=87186"}],"wp:term":[{"taxonomy":"product_cat","embeddable":true,"href":"https:\/\/smania.store\/hu\/wp-json\/wp\/v2\/product_cat?post=87186"},{"taxonomy":"product_tag","embeddable":true,"href":"https:\/\/smania.store\/hu\/wp-json\/wp\/v2\/product_tag?post=87186"}],"curies":[{"name":"wp","href":"https:\/\/api.w.org\/{rel}","templated":true}]}}