{"id":79924,"date":"2025-01-17T10:15:06","date_gmt":"2025-01-17T09:15:06","guid":{"rendered":"https:\/\/smania.store\/hu\/termek\/hidrofob-szelvedo-folyadek-visionguard\/"},"modified":"2026-04-04T08:57:09","modified_gmt":"2026-04-04T06:57:09","slug":"hidrofob-szelvedo-folyadek-visionguard","status":"publish","type":"product","link":"https:\/\/smania.store\/hu\/termek\/hidrofob-szelvedo-folyadek-visionguard\/","title":{"rendered":"Hidrof\u00f3b sz\u00e9lv\u00e9d\u0151 folyad\u00e9k VisionGuard\u2122"},"content":{"rendered":"<div class=\"smania_landing_description_title\">\u00daJ! Teljes k\u00f6r\u0171 v\u00e9delem \u00fcvege sz\u00e1m\u00e1ra<\/div>\n<div class=\"smania_landing_description_txt\">T\u00f6k\u00e9letes l\u00e1that\u00f3s\u00e1g es\u0151ben \u00e9s k\u00f6dben is!<\/div>\n<div class=\"smania_landing_description_subtitle\">Biztos\u00edtson t\u00f6k\u00e9letes l\u00e1that\u00f3s\u00e1got az \u00faton! A VisionGuard\u2122 v\u00e9d\u0151r\u00e9teget hoz l\u00e9tre az \u00fcvegen, amely tasz\u00edtja az es\u0151t, szennyez\u0151d\u00e9st, port, k\u00f6d\u00f6t \u00e9s folyad\u00e9kokat. K\u00f6nnyen felvihet\u0151, hetekig kitart \u00e9s -25\u00b0C-ig ellen\u00e1ll. Gondoskodjon vezet\u00e9si biztons\u00e1g\u00e1r\u00f3l m\u00e9g ma!<\/div>\n<div class=\"smania_landing_description_list\">\n<ul>\n<li>Tiszta r\u00e1l\u00e1t\u00e1st biztos\u00edt az \u00fcvegen kereszt\u00fcl<\/li>\n<li>Hosszan tart\u00f3 v\u00e9d\u0151r\u00e9teget hoz l\u00e9tre<\/li>\n<li>Hat\u00e9konyan tasz\u00edtja a vizet (es\u0151, k\u00f6d) \u00e9s a szennyez\u0151d\u00e9seket<\/li>\n<li>T\u00f6k\u00e9letes karossz\u00e9ri\u00e1hoz \u00e9s \u00fcveghez<\/li>\n<li>-25\u00b0C-ig ellen\u00e1ll a h\u0151m\u00e9rs\u00e9kletnek<\/li>\n<li>Biztons\u00e1gos \u00e9s k\u00f6nnyen haszn\u00e1lhat\u00f3, nem tartalmaz k\u00e1ros vegyszereket<\/li>\n<\/ul><\/div>\n","protected":false},"excerpt":{"rendered":"<p>Optim\u00e1lis l\u00e1that\u00f3s\u00e1g minden k\u00f6r\u00fclm\u00e9nyek k\u00f6z\u00f6tt|Fokozott biztons\u00e1g vezet\u00e9s k\u00f6zben|K\u00f6nnyen haszn\u00e1lhat\u00f3: vigye fel k\u00f6zvetlen\u00fcl, vagy h\u00edg\u00edtsa fel t\u00f6rl\u0151folyad\u00e9kkal|Ellen\u00e1ll az alacsony h\u0151m\u00e9rs\u00e9kletnek|Hetekig tart\u00f3 v\u00e9delem ablakokra \u00e9s karossz\u00e9ri\u00e1kra|Elt\u00e1vol\u00edtja a makacs foltokat \u00e9s visszaadja az \u00fcveg f\u00e9ny\u00e9t|Nem irrit\u00e1lja a b\u0151rt|Tasz\u00edtja az es\u0151t, a port \u00e9s a szennyez\u0151d\u00e9st|Ide\u00e1lis minden \u00e9vszakhoz|\u0170rtartalom: 1 L \u2013 t\u00f6bb alkalmaz\u00e1shoz elegend\u0151<\/p>\n","protected":false},"featured_media":85768,"template":"","meta":[],"product_cat":[18,2752],"product_tag":[2754,1500,2753],"acf":[],"_links":{"self":[{"href":"https:\/\/smania.store\/hu\/wp-json\/wp\/v2\/product\/79924"}],"collection":[{"href":"https:\/\/smania.store\/hu\/wp-json\/wp\/v2\/product"}],"about":[{"href":"https:\/\/smania.store\/hu\/wp-json\/wp\/v2\/types\/product"}],"wp:featuredmedia":[{"embeddable":true,"href":"https:\/\/smania.store\/hu\/wp-json\/wp\/v2\/media\/85768"}],"wp:attachment":[{"href":"https:\/\/smania.store\/hu\/wp-json\/wp\/v2\/media?parent=79924"}],"wp:term":[{"taxonomy":"product_cat","embeddable":true,"href":"https:\/\/smania.store\/hu\/wp-json\/wp\/v2\/product_cat?post=79924"},{"taxonomy":"product_tag","embeddable":true,"href":"https:\/\/smania.store\/hu\/wp-json\/wp\/v2\/product_tag?post=79924"}],"curies":[{"name":"wp","href":"https:\/\/api.w.org\/{rel}","templated":true}]}}