{"id":70940,"date":"2024-12-03T09:02:15","date_gmt":"2024-12-03T08:02:15","guid":{"rendered":"https:\/\/smania.store\/hu\/termek\/herculebind-vizallo-butilszalag\/"},"modified":"2026-03-28T17:45:29","modified_gmt":"2026-03-28T16:45:29","slug":"herculebind-vizallo-butilszalag","status":"publish","type":"product","link":"https:\/\/smania.store\/hu\/termek\/herculebind-vizallo-butilszalag\/","title":{"rendered":"HerculeBind\u2122 v\u00edz\u00e1ll\u00f3 butilszalag"},"content":{"rendered":"<div class=\"smania_landing_description_title\">\u00daj \u00e9s szuper er\u0151s! A h\u00e1zi jav\u00edt\u00e1sok igazi mestereinek!<\/div>\n<div class=\"smania_landing_description_txt\">Jav\u00edtson meg \u00e9s t\u00f6m\u00edtsen le minden sziv\u00e1rg\u00e1st!<\/div>\n<div class=\"smania_landing_description_subtitle\">Viszl\u00e1t sziv\u00e1rg\u00e1sok \u00e9s reped\u00e9sek! A HerculeBind\u2122 ragaszt\u00f3szalag a v\u00e9gs\u0151 gyors \u00e9s hat\u00e9kony megold\u00e1s b\u00e1rmilyen jav\u00edt\u00e1shoz. K\u00f6nnyen r\u00f6gz\u00edthet\u0151 \u00e9s azonnal lez\u00e1r b\u00e1rmilyen fel\u00fcletet, legyen az nedves vagy sz\u00e1raz, hideg vagy meleg. V\u00e1lassza a biztons\u00e1got \u00e9s a tart\u00f3ss\u00e1got minden v\u00e9szhelyzetben!<\/div>\n<div class=\"smania_landing_description_list\">\n<ul>\n<li>Szuper er\u0151s tapad\u00e1s b\u00e1rmilyen fel\u00fcleten<\/li>\n<li>Ellen\u00e1ll a v\u00edznek \u00e9s a sz\u00e9ls\u0151s\u00e9ges k\u00f6r\u00fclm\u00e9nyeknek<\/li>\n<li>Azonnali \u00e9s tart\u00f3s lez\u00e1r\u00e1s<\/li>\n<li>Nedves fel\u00fcletekre is alkalmas<\/li>\n<li>K\u00f6nnyen haszn\u00e1lhat\u00f3, gyors felhord\u00e1s<\/li>\n<li>Ide\u00e1lis m\u00e9ret: 300 cm x 10 cm x 1,2 mm<\/li>\n<\/ul><\/div>\n","protected":false},"excerpt":{"rendered":"<p>Azonnal kijav\u00edt minden sziv\u00e1rg\u00e1st|Ide\u00e1lis cs\u00f6vekhez \u00e9s tet\u0151kh\u00f6z|Nedves fel\u00fcletekre is alkalmas|T\u00f6k\u00e9letes b\u00e1rmilyen form\u00e1j\u00fa \u00e9s fel\u00fclet\u0171 t\u00f6m\u00edt\u00e9shez|Elz\u00e1rja a vizet, nedvess\u00e9get, g\u0151zt, mar\u00f3 vegyi anyagokat \u00e9s egy\u00e9b sziv\u00e1rg\u00e1sokat|Azonnali \u00e9s biztons\u00e1gos t\u00f6m\u00edt\u00e9s|Alkalmas k\u00fcl\u00f6nb\u00f6z\u0151 h\u00e1zjav\u00edt\u00e1sokhoz|Hihetetlen\u00fcl tart\u00f3s: ellen\u00e1ll a nagy nyom\u00e1snak, a v\u00edznek \u00e9s a sz\u00e9ls\u0151s\u00e9ges h\u0151m\u00e9rs\u00e9kleteknek|Anyaga: alum\u00ednium \u00e9s gumi|M\u00e9ret: 300 cm x 10 cm x 1,2 mm<\/p>\n","protected":false},"featured_media":70929,"template":"","meta":[],"product_cat":[16,222],"product_tag":[1789],"acf":[],"_links":{"self":[{"href":"https:\/\/smania.store\/hu\/wp-json\/wp\/v2\/product\/70940"}],"collection":[{"href":"https:\/\/smania.store\/hu\/wp-json\/wp\/v2\/product"}],"about":[{"href":"https:\/\/smania.store\/hu\/wp-json\/wp\/v2\/types\/product"}],"wp:featuredmedia":[{"embeddable":true,"href":"https:\/\/smania.store\/hu\/wp-json\/wp\/v2\/media\/70929"}],"wp:attachment":[{"href":"https:\/\/smania.store\/hu\/wp-json\/wp\/v2\/media?parent=70940"}],"wp:term":[{"taxonomy":"product_cat","embeddable":true,"href":"https:\/\/smania.store\/hu\/wp-json\/wp\/v2\/product_cat?post=70940"},{"taxonomy":"product_tag","embeddable":true,"href":"https:\/\/smania.store\/hu\/wp-json\/wp\/v2\/product_tag?post=70940"}],"curies":[{"name":"wp","href":"https:\/\/api.w.org\/{rel}","templated":true}]}}