{"id":67000,"date":"2024-11-14T12:15:15","date_gmt":"2024-11-14T11:15:15","guid":{"rendered":"https:\/\/smania.store\/hu\/termek\/paintstripper-femeltavolito-spray\/"},"modified":"2026-04-11T14:46:06","modified_gmt":"2026-04-11T12:46:06","slug":"paintstripper-femeltavolito-spray","status":"publish","type":"product","link":"https:\/\/smania.store\/hu\/termek\/paintstripper-femeltavolito-spray\/","title":{"rendered":"PAINTSTRIPPER\u2122 f\u00e9melt\u00e1vol\u00edt\u00f3 spray"},"content":{"rendered":"<div class=\"smania_landing_description_title\">\u00daJ: Fest\u00e9k- \u00e9s lakkelt\u00e1vol\u00edt\u00f3<\/div>\n<div class=\"smania_landing_description_txt\">M\u00e1sodpercek alatt \u00e1talak\u00edtja a fel\u00fcleteket!<\/div>\n<div class=\"smania_landing_description_subtitle\">Elege van a r\u00e9gi festett fel\u00fcletekb\u0151l, amelyek t\u00f6nkreteszik a ter\u00e9t? A PAINTSTRIPPER\u2122 f\u00e9mlep\u00e1rl\u00f3 spray-vel n\u00e9h\u00e1ny mozdulattal \u00e1talak\u00edthatja a f\u00e9met, a f\u00e1t \u00e9s a t\u00e9gl\u00e1t. Mondjon b\u00facs\u00fat a hagyom\u00e1nyos elt\u00e1vol\u00edt\u00e1ssal j\u00e1r\u00f3 k\u00e1osznak csepp\u00e1ll\u00f3 g\u00e9lformul\u00e1nkkal. Er\u0151teljes ipari aeroszolunkkal hib\u00e1tlan, er\u0151fesz\u00edt\u00e9s n\u00e9lk\u00fcli eredm\u00e9nyt \u00e9rhet el. Ne v\u00e1rjon tov\u00e1bb, forradalmas\u00edtsa tereit m\u00e9g ma!<\/div>\n<div class=\"smania_landing_description_list\">\n<ul>\n<li>Nagy ipari er\u0151ss\u00e9g a gyors eredm\u00e9nyek\u00e9rt<\/li>\n<li>F\u00e9mekhez alkalmas, f\u00e1val \u00e9s t\u00e9gl\u00e1val is m\u0171k\u00f6dik<\/li>\n<li>G\u00e9l formula, amely nem cs\u00f6p\u00f6g<\/li>\n<li>K\u00f6nny\u0171 felhord\u00e1s aeroszolos spray-vel<\/li>\n<li>Elt\u00e1vol\u00edtja a fest\u00e9ket, lakkot \u00e9s ragaszt\u00f3t<\/li>\n<li>F\u00fcgg\u0151leges fel\u00fcletekkel is kompatibilis<\/li>\n<\/ul><\/div>\n","protected":false},"excerpt":{"rendered":"<p>N\u00e9h\u00e1ny \u00f3ra alatt elt\u00e1vol\u00edtja a fest\u00e9ket|T\u00f6k\u00e9letes a makacs fest\u00e9khez|Ide\u00e1lis f\u00e9men, de betonon, csemp\u00e9n \u00e9s f\u00e1n is m\u0171k\u00f6dik|Gondtalan eredm\u00e9ny|Gyors \u00e9s hat\u00e9kony hat\u00e1s|Megv\u00e1ltoztatja a terek megjelen\u00e9s\u00e9t|Tiszta fel\u00fcletet biztos\u00edt|Sokoldal\u00faan alkalmazhat\u00f3 sz\u00e1mos fel\u00fcleten|T\u00e9rfogat: 450 ml<\/p>\n","protected":false},"featured_media":71686,"template":"","meta":[],"product_cat":[16,2752],"product_tag":[2766,2767,2753],"acf":[],"_links":{"self":[{"href":"https:\/\/smania.store\/hu\/wp-json\/wp\/v2\/product\/67000"}],"collection":[{"href":"https:\/\/smania.store\/hu\/wp-json\/wp\/v2\/product"}],"about":[{"href":"https:\/\/smania.store\/hu\/wp-json\/wp\/v2\/types\/product"}],"wp:featuredmedia":[{"embeddable":true,"href":"https:\/\/smania.store\/hu\/wp-json\/wp\/v2\/media\/71686"}],"wp:attachment":[{"href":"https:\/\/smania.store\/hu\/wp-json\/wp\/v2\/media?parent=67000"}],"wp:term":[{"taxonomy":"product_cat","embeddable":true,"href":"https:\/\/smania.store\/hu\/wp-json\/wp\/v2\/product_cat?post=67000"},{"taxonomy":"product_tag","embeddable":true,"href":"https:\/\/smania.store\/hu\/wp-json\/wp\/v2\/product_tag?post=67000"}],"curies":[{"name":"wp","href":"https:\/\/api.w.org\/{rel}","templated":true}]}}