{"id":65735,"date":"2024-11-07T11:56:59","date_gmt":"2024-11-07T10:56:59","guid":{"rendered":"https:\/\/smania.store\/hu\/termek\/eroteljes-tobbcelu-tisztitopor-powderwipe\/"},"modified":"2026-04-01T06:41:40","modified_gmt":"2026-04-01T04:41:40","slug":"eroteljes-tobbcelu-tisztitopor-powderwipe","status":"publish","type":"product","link":"https:\/\/smania.store\/hu\/termek\/eroteljes-tobbcelu-tisztitopor-powderwipe\/","title":{"rendered":"Er\u0151teljes t\u00f6bbc\u00e9l\u00fa tiszt\u00edt\u00f3por PowderWipe"},"content":{"rendered":"<div class=\"smania_landing_description_title\">\u00daj! T\u00f6bbc\u00e9l\u00fa tiszt\u00edt\u00f3por PowderWipe<\/div>\n<div class=\"smania_landing_description_txt\">A Powderwipe seg\u00edts\u00e9g\u00e9vel a s\u00fct\u0151, a csapok, az ed\u00e9nyek \u00e9s a t\u0171zhely \u00fajra ragyogni fog!<\/div>\n<div class=\"smania_landing_description_subtitle\">Elege van a makacs foltokb\u00f3l, zs\u00edrokb\u00f3l \u00e9s a be\u00e9gett koszb\u00f3l? A PowderWipe tiszt\u00edt\u00f3por hat\u00e9konyan lebontja a ragad\u00f3s foltokat, \u00e9s \u00fajra friss, f\u00e9nyes megjelen\u00e9st k\u00f6lcs\u00f6n\u00f6z konyhai ed\u00e9nyeinek, ed\u00e9nyeinek \u00e9s egy\u00e9b fel\u00fcleteinek &#8211; k\u00f6nnyed\u00e9n!<\/div>\n<div class=\"smania_landing_description_list\">\n<ul>\n<li>Hat\u00e9konyan elt\u00e1vol\u00edtja a kem\u00e9ny foltokat &#8211; nincs t\u00f6bb\u00e9 v\u00e9gtelen s\u00farol\u00e1s<\/li>\n<li>Minden t\u00edpus\u00fa fel\u00fcletre alkalmas: ed\u00e9nyekre, munkalapokra, t\u0171zhelyre \u00e9s m\u00e9g sok m\u00e1sra!<\/li>\n<li>K\u00edm\u00e9letes \u00e9s biztons\u00e1gos formula, k\u00e1ros vegyi anyagokt\u00f3l mentes<\/li>\n<li>Id\u0151t takar\u00edt meg &#8211; gyorsan \u00e9s hat\u00e9konyan m\u0171k\u00f6dik<\/li>\n<\/ul><\/div>\n","protected":false},"excerpt":{"rendered":"<p>K\u00f6nnyed\u00e9n elt\u00e1vol\u00edtja az \u00e9vek \u00f3ta tart\u00f3 s\u00fct\u0151zs\u00edrt|Meghosszabb\u00edtja a f\u0151z\u0151ed\u00e9nyek \u00e9lettartam\u00e1t|Biztons\u00e1gosan haszn\u00e1lhat\u00f3 a legk\u00fcl\u00f6nb\u00f6z\u0151bb fel\u00fcleteken, k\u00e1rosod\u00e1s n\u00e9lk\u00fcl|V\u00edz\u00e1ll\u00f3 csomagol\u00e1sba csomagolva|Gondosan kidolgozott, nem m\u00e9rgez\u0151, nem irrit\u00e1l\u00f3 \u00e9s nem mar\u00f3 formula|Egyszer\u0171 haszn\u00e1lat: vegyen egy te\u00e1skan\u00e1lnyi port, adjon hozz\u00e1 vizet, hagyja hatni 10 percig, t\u00f6r\u00f6lje le \u00e9s \u00f6bl\u00edtse le v\u00edzzel|T\u00e9rfogat: 200 g<\/p>\n","protected":false},"featured_media":90859,"template":"","meta":[],"product_cat":[16,223,2752],"product_tag":[2753],"acf":[],"_links":{"self":[{"href":"https:\/\/smania.store\/hu\/wp-json\/wp\/v2\/product\/65735"}],"collection":[{"href":"https:\/\/smania.store\/hu\/wp-json\/wp\/v2\/product"}],"about":[{"href":"https:\/\/smania.store\/hu\/wp-json\/wp\/v2\/types\/product"}],"wp:featuredmedia":[{"embeddable":true,"href":"https:\/\/smania.store\/hu\/wp-json\/wp\/v2\/media\/90859"}],"wp:attachment":[{"href":"https:\/\/smania.store\/hu\/wp-json\/wp\/v2\/media?parent=65735"}],"wp:term":[{"taxonomy":"product_cat","embeddable":true,"href":"https:\/\/smania.store\/hu\/wp-json\/wp\/v2\/product_cat?post=65735"},{"taxonomy":"product_tag","embeddable":true,"href":"https:\/\/smania.store\/hu\/wp-json\/wp\/v2\/product_tag?post=65735"}],"curies":[{"name":"wp","href":"https:\/\/api.w.org\/{rel}","templated":true}]}}