{"id":65725,"date":"2024-11-07T11:55:32","date_gmt":"2024-11-07T10:55:32","guid":{"rendered":"https:\/\/smania.store\/hu\/termek\/akvarium-tisztitoszer-algacure\/"},"modified":"2026-04-06T14:40:39","modified_gmt":"2026-04-06T12:40:39","slug":"akvarium-tisztitoszer-algacure","status":"publish","type":"product","link":"https:\/\/smania.store\/hu\/termek\/akvarium-tisztitoszer-algacure\/","title":{"rendered":"Akv\u00e1rium tiszt\u00edt\u00f3szer AlgaCure (70 g)"},"content":{"rendered":"<div class=\"smania_landing_description_title\">\u00daj! AlgaCure &#8211; Hat\u00e9kony megold\u00e1s az alg\u00e1k \u00e9s a szennyez\u0151d\u00e9sek ellen<\/div>\n<div class=\"smania_landing_description_txt\">Tartsa akv\u00e1rium\u00e1t f\u00e9nyesen, frissen \u00e9s szagtalanul!<\/div>\n<div class=\"smania_landing_description_subtitle\">Elege van a zavaros v\u00edzb\u0151l, a makacs alg\u00e1kb\u00f3l \u00e9s a kellemetlen szagokb\u00f3l az akv\u00e1rium\u00e1ban? Az AlgaCure seg\u00edts\u00e9g\u00e9vel csillog\u00f3an tiszta, eg\u00e9szs\u00e9ges \u00e9s kiegyens\u00falyozott v\u00edzi k\u00f6rnyezetet \u00e9lvezhet &#8211; v\u00e9gtelen s\u00farol\u00e1s vagy v\u00edzcsere n\u00e9lk\u00fcl.<\/div>\n<div class=\"smania_landing_description_list\">\n<ul>\n<li>Megsz\u00fcnteti az alg\u00e1kat \u00e9s a szerves lerak\u00f3d\u00e1sokat &#8211; term\u00e9szetes m\u00f3don bontja le a felesleges alg\u00e1kat, elhalt n\u00f6v\u00e9nyeket \u00e9s t\u00f6rmel\u00e9keket<\/li>\n<li>Semleges\u00edti a rossz szagokat &#8211; friss, tiszta \u00e9s krist\u00e1lytiszta marad az akv\u00e1riumban<\/li>\n<li>Fenntartja az eg\u00e9szs\u00e9ges egyens\u00falyt &#8211; t\u00e1mogatja a term\u00e9szetes mikrobi\u00e1lis harm\u00f3ni\u00e1t, hogy akv\u00e1riuma stabil \u00e9s alacsony fenntart\u00e1si ig\u00e9ny\u0171 maradjon<\/li>\n<li>Nincs t\u00f6bb k\u00e9zi tiszt\u00edt\u00e1s &#8211; csak adja a v\u00edzhez, \u00e9s hagyja, hogy a formula elv\u00e9gezze a munk\u00e1t<\/li>\n<li>Fokozza a halak eg\u00e9szs\u00e9g\u00e9t &#8211; a tiszt\u00e1bb v\u00edz boldogabb, akt\u00edvabb halakat jelent<\/li>\n<\/ul><\/div>\n","protected":false},"excerpt":{"rendered":"<p>Nincs sz\u00fcks\u00e9g k\u00e9zi tiszt\u00edt\u00e1sra|Stabil eg\u00e9szs\u00e9g\u00fcgyi egyens\u00falyt tart az akv\u00e1riumban|Fejlett biol\u00f3giai formula|Biztons\u00e1gos \u00e9s nem m\u00e9rgez\u0151 vegy\u00fcletekb\u0151l k\u00e9sz\u00fclt|Biztons\u00e1gos a v\u00edzi szervezetek \u00e9s a n\u00f6v\u00e9nyek sz\u00e1m\u00e1ra|Tartalom: 70 g<\/p>\n","protected":false},"featured_media":95219,"template":"","meta":[],"product_cat":[16,20],"product_tag":[1538],"acf":[],"_links":{"self":[{"href":"https:\/\/smania.store\/hu\/wp-json\/wp\/v2\/product\/65725"}],"collection":[{"href":"https:\/\/smania.store\/hu\/wp-json\/wp\/v2\/product"}],"about":[{"href":"https:\/\/smania.store\/hu\/wp-json\/wp\/v2\/types\/product"}],"wp:featuredmedia":[{"embeddable":true,"href":"https:\/\/smania.store\/hu\/wp-json\/wp\/v2\/media\/95219"}],"wp:attachment":[{"href":"https:\/\/smania.store\/hu\/wp-json\/wp\/v2\/media?parent=65725"}],"wp:term":[{"taxonomy":"product_cat","embeddable":true,"href":"https:\/\/smania.store\/hu\/wp-json\/wp\/v2\/product_cat?post=65725"},{"taxonomy":"product_tag","embeddable":true,"href":"https:\/\/smania.store\/hu\/wp-json\/wp\/v2\/product_tag?post=65725"}],"curies":[{"name":"wp","href":"https:\/\/api.w.org\/{rel}","templated":true}]}}