{"id":65390,"date":"2024-11-05T10:51:35","date_gmt":"2024-11-05T09:51:35","guid":{"rendered":"https:\/\/smania.store\/hu\/termek\/carlight-pro-fenyszorofenyezo-szer\/"},"modified":"2026-04-10T18:18:26","modified_gmt":"2026-04-10T16:18:26","slug":"carlight-pro-fenyszorofenyezo-szer","status":"publish","type":"product","link":"https:\/\/smania.store\/hu\/termek\/carlight-pro-fenyszorofenyezo-szer\/","title":{"rendered":"CarLight Pro f\u00e9nysz\u00f3r\u00f3f\u00e9nyez\u0151 szer"},"content":{"rendered":"<div class=\"smania_landing_description_title\">\u00daj! CarLight Pro: \u00e1ll\u00edtsa vissza a f\u00e9nysz\u00f3r\u00f3k vadonat\u00faj megjelen\u00e9s\u00e9t<\/div>\n<div class=\"smania_landing_description_txt\">Biztos\u00edtsa a kiv\u00e1l\u00f3 l\u00e1that\u00f3s\u00e1got &#8211; f\u00e9nysz\u00f3r\u00f3inak cser\u00e9je n\u00e9lk\u00fcl!<\/div>\n<div class=\"smania_landing_description_subtitle\">Ha f\u00e9nysz\u00f3r\u00f3i k\u00f6d\u00f6sek \u00e9s s\u00e1rg\u00e1k, a l\u00e1that\u00f3s\u00e1g az \u00e9jszakai \u00faton ak\u00e1r 80%-kal is cs\u00f6kkenhet! Ez azonban nem jelenti azt, hogy le kell cser\u00e9lnie \u0151ket. Alkalmazza a CarLight Pro-t, \u00e9s \u00e1ll\u00edtsa vissza f\u00e9nysz\u00f3r\u00f3inak ragyog\u00e1s\u00e1t.<\/div>\n<div class=\"smania_landing_description_list\">\n<ul>\n<li>Hat\u00e9konyan elt\u00e1vol\u00edtja a f\u00e9nysz\u00f3r\u00f3k s\u00e1rgul\u00e1s\u00e1t<\/li>\n<li>Vissza\u00e1ll\u00edtja a f\u00e9nysz\u00f3r\u00f3k eredeti f\u00e9ny\u00e9t<\/li>\n<li>N\u00f6veli a biztons\u00e1got a f\u00e9nyesebb, jobban l\u00e1that\u00f3 f\u00e9nyekkel<\/li>\n<li>Hosszabb ideig meg\u0151rzi a f\u00e9nysz\u00f3r\u00f3k \u00fajszer\u0171 kin\u00e9zet\u00e9t<\/li>\n<\/ul><\/div>\n","protected":false},"excerpt":{"rendered":"<p>Megtakar\u00edtja a f\u00e9nysz\u00f3r\u00f3k cser\u00e9j\u00e9nek k\u00f6lts\u00e9geit|Vissza\u00e1ll\u00edtja a f\u00e9nysz\u00f3r\u00f3k tisztas\u00e1g\u00e1t|Megakad\u00e1lyozza a tov\u00e1bbi s\u00e1rgul\u00e1st|Hat\u00e9kony formula a s\u00e1rga foltok elt\u00e1vol\u00edt\u00e1s\u00e1ra|Alkalmas minden t\u00edpus\u00fa f\u00e9nysz\u00f3r\u00f3hoz, f\u00fcggetlen\u00fcl a j\u00e1rm\u0171 m\u00e1rk\u00e1j\u00e1t\u00f3l vagy modellj\u00e9t\u0151l|Egyszer\u0171 haszn\u00e1lat: tiszt\u00edtsa meg a fel\u00fcletet, egyenletesen permetezze be, ter\u00edtse sz\u00e9t egy ronggyal, \u00e9s v\u00e1rja meg a sz\u00e1rad\u00e1st|T\u00e9rfogat: 30 ml<\/p>\n","protected":false},"featured_media":70964,"template":"","meta":[],"product_cat":[18,2752],"product_tag":[2754,1500,2753],"acf":[],"_links":{"self":[{"href":"https:\/\/smania.store\/hu\/wp-json\/wp\/v2\/product\/65390"}],"collection":[{"href":"https:\/\/smania.store\/hu\/wp-json\/wp\/v2\/product"}],"about":[{"href":"https:\/\/smania.store\/hu\/wp-json\/wp\/v2\/types\/product"}],"wp:featuredmedia":[{"embeddable":true,"href":"https:\/\/smania.store\/hu\/wp-json\/wp\/v2\/media\/70964"}],"wp:attachment":[{"href":"https:\/\/smania.store\/hu\/wp-json\/wp\/v2\/media?parent=65390"}],"wp:term":[{"taxonomy":"product_cat","embeddable":true,"href":"https:\/\/smania.store\/hu\/wp-json\/wp\/v2\/product_cat?post=65390"},{"taxonomy":"product_tag","embeddable":true,"href":"https:\/\/smania.store\/hu\/wp-json\/wp\/v2\/product_tag?post=65390"}],"curies":[{"name":"wp","href":"https:\/\/api.w.org\/{rel}","templated":true}]}}