{"id":65356,"date":"2024-11-05T08:25:02","date_gmt":"2024-11-05T07:25:02","guid":{"rendered":"https:\/\/smania.store\/hu\/termek\/parasodas-es-harmatellenes-spray-fogless-pro\/"},"modified":"2026-01-18T16:54:06","modified_gmt":"2026-01-18T15:54:06","slug":"parasodas-es-harmatellenes-spray-fogless-pro","status":"publish","type":"product","link":"https:\/\/smania.store\/hu\/termek\/parasodas-es-harmatellenes-spray-fogless-pro\/","title":{"rendered":"P\u00e1r\u00e1sod\u00e1s- \u00e9s harmatellenes spray FOGLESS PRO"},"content":{"rendered":"<div class=\"smania_landing_description_title\">FOGLESS PRO &#8211; Hosszantart\u00f3 tisztas\u00e1g \u00e9s tiszta l\u00e1t\u00e1s<\/div>\n<div class=\"smania_landing_description_txt\">Felejtse el a p\u00e1r\u00e1s szem\u00fcveget, a harmatos ablakokat \u00e9s a vezet\u00e9s k\u00f6zben bep\u00e1r\u00e1sod\u00f3 aut\u00f3ablakokat.<\/div>\n<div class=\"smania_landing_description_subtitle\">Tartsa \u00fcvegeit \u00e9s sima fel\u00fcleteit krist\u00e1lytiszt\u00e1n, amikor csak sz\u00fcks\u00e9ge van r\u00e1juk! A FOGLESS PRO fejlett formul\u00e1ja hosszantart\u00f3 v\u00e9delmet ny\u00fajt a p\u00e1r\u00e1sod\u00e1s \u00e9s a p\u00e1r\u00e1sod\u00e1s ellen, \u00edgy mindig tiszt\u00e1n fog l\u00e1tni &#8211; zavar\u00f3 cseppek \u00e9s p\u00e1r\u00e1sod\u00e1s n\u00e9lk\u00fcl.<\/div>\n<div class=\"smania_landing_description_list\">\n<ul>\n<li>Alkalmas f\u00fcrd\u0151szob\u00e1khoz, aut\u00f3khoz, szem\u00fcvegekhez, ablakokhoz <\/li>\n<li>Hat\u00e9kony formula, amely megakad\u00e1lyozza a nedvess\u00e9g felhalmoz\u00f3d\u00e1s\u00e1t \u00e9s a harmatot <\/li>\n<li>Egy alkalmaz\u00e1s tart\u00f3s \u00e9s hosszabb ideig jobb l\u00e1t\u00e1st biztos\u00edt<\/li>\n<li>\u00c9lvezze a jobb l\u00e1t\u00e1st \u00e9s a hib\u00e1tlan tisztas\u00e1got &#8211; minden helyzetben<\/li>\n<\/ul><\/div>\n","protected":false},"excerpt":{"rendered":"<p>Hosszan tart\u00f3 tisztas\u00e1got \u00e9s tiszta l\u00e1t\u00e1st biztos\u00edt|Az er\u0151teljes formula l\u00e1thatatlan g\u00e1tat hoz l\u00e9tre a fel\u00fcleten, megakad\u00e1lyozva a p\u00e1ralecsap\u00f3d\u00e1st \u00e9s a cseppek felhalmoz\u00f3d\u00e1s\u00e1t|Teljesen biztons\u00e1gos a haszn\u00e1lata, nem hagy maradv\u00e1nyokat \u00e9s nem k\u00e1ros\u00edtja a fel\u00fcleteket|T\u00e9rfogat: 300 ml|Alkalmas minden t\u00edpus\u00fa \u00fcveghez: aut\u00f3\u00fcveg, ablakok, poharak, f\u00fcrd\u0151szobai \u00fcvegek\/t\u00fckr\u00f6k, t\u00e1vcs\u00f6vek stb.|Alkalmaz\u00e1s: tiszt\u00edtsa meg a fel\u00fcletet, vigye fel a term\u00e9ket 30 cm t\u00e1vols\u00e1gb\u00f3l, egyenletesen oszlassa el, hagyja sz\u00e1radni 30 percig &#8211; \u00e9s k\u00e9sz!<\/p>\n","protected":false},"featured_media":71592,"template":"","meta":[],"product_cat":[18,16,2752],"product_tag":[2754,1554,1500,2753],"acf":[],"_links":{"self":[{"href":"https:\/\/smania.store\/hu\/wp-json\/wp\/v2\/product\/65356"}],"collection":[{"href":"https:\/\/smania.store\/hu\/wp-json\/wp\/v2\/product"}],"about":[{"href":"https:\/\/smania.store\/hu\/wp-json\/wp\/v2\/types\/product"}],"wp:featuredmedia":[{"embeddable":true,"href":"https:\/\/smania.store\/hu\/wp-json\/wp\/v2\/media\/71592"}],"wp:attachment":[{"href":"https:\/\/smania.store\/hu\/wp-json\/wp\/v2\/media?parent=65356"}],"wp:term":[{"taxonomy":"product_cat","embeddable":true,"href":"https:\/\/smania.store\/hu\/wp-json\/wp\/v2\/product_cat?post=65356"},{"taxonomy":"product_tag","embeddable":true,"href":"https:\/\/smania.store\/hu\/wp-json\/wp\/v2\/product_tag?post=65356"}],"curies":[{"name":"wp","href":"https:\/\/api.w.org\/{rel}","templated":true}]}}