{"id":62653,"date":"2024-09-04T13:09:09","date_gmt":"2024-09-04T11:09:09","guid":{"rendered":"https:\/\/smania.store\/hu\/termek\/rozsdaeltavolito-szer-remove-rust\/"},"modified":"2026-03-02T13:25:32","modified_gmt":"2026-03-02T12:25:32","slug":"rozsdaeltavolito-szer-remove-rust","status":"publish","type":"product","link":"https:\/\/smania.store\/hu\/termek\/rozsdaeltavolito-szer-remove-rust\/","title":{"rendered":"Rozsdaelt\u00e1vol\u00edt\u00f3 szer Remove Rust"},"content":{"rendered":"<div class=\"smania_landing_description_title\">\u00daJDONS\u00c1G! Remove Rust \u2013 Hozd vissza \u00e9letre f\u00e9m t\u00e1rgyaidat<\/div>\n<div class=\"smania_landing_description_txt\">Hat\u00e9kony rozsdaelt\u00e1vol\u00edt\u00e1s er\u0151fesz\u00edt\u00e9s n\u00e9lk\u00fcl<\/div>\n<div class=\"smania_landing_description_subtitle\">Vannak f\u00e9m t\u00e1rgyaid, amelyek elvesztett\u00e9k \u00e9rt\u00e9k\u00fcket \u00e9s sz\u00e9ps\u00e9g\u00fcket a rozsda miatt? Ez a rendk\u00edv\u00fcl hat\u00e9kony rozsdaelt\u00e1vol\u00edt\u00f3 szer vissza\u00e1ll\u00edtja f\u00e9m fel\u00fcleteidet eredeti \u00e1llapotukba, an\u00e9lk\u00fcl, hogy dr\u00e1ga \u00e9s id\u0151ig\u00e9nyes csiszol\u00e1sra vagy homokf\u00fav\u00e1sra lenne sz\u00fcks\u00e9g.<\/div>\n<div class=\"smania_landing_description_list\">\n<ul>\n<li>Egyszer\u0171 rozsdaelt\u00e1vol\u00edt\u00e1s: A Remove Rust seg\u00edts\u00e9g\u00e9vel gyorsan \u00e9s hat\u00e9konyan t\u00e1vol\u00edthatod el a rozsd\u00e1t a f\u00e9m fel\u00fcletekr\u0151l, an\u00e9lk\u00fcl, hogy k\u00e1ros\u00edtan\u00e1d az anyagot<\/li>\n<li>Helyre\u00e1ll\u00edt\u00e1s \u00e9s v\u00e9delem: \u00c1ll\u00edtsd helyre f\u00e9m t\u00e1rgyaidat, \u00e9s biztos\u00edts nekik hossz\u00fa t\u00e1v\u00fa v\u00e9delmet a j\u00f6v\u0151beni korr\u00f3zi\u00f3 ellen<\/li>\n<li>Sokoldal\u00fa felhaszn\u00e1l\u00e1s: Kiv\u00e1l\u00f3an haszn\u00e1lhat\u00f3 aut\u00f3kra, ker\u00edt\u00e9sekre, szersz\u00e1mokra \u00e9s egy\u00e9b f\u00e9m t\u00e1rgyakra<\/li>\n<li>Biztons\u00e1gos \u00e9s k\u00f6nnyen haszn\u00e1lhat\u00f3: Nem m\u00e9rgez\u0151 formula, k\u00e1ros g\u0151z\u00f6k n\u00e9lk\u00fcl, biztons\u00e1gos belt\u00e9ri \u00e9s k\u00fclt\u00e9ri haszn\u00e1latra<\/li>\n<\/ul><\/div>\n","protected":false},"excerpt":{"rendered":"<p>Gyors elt\u00e1vol\u00edt\u00e1s: Hat\u00e9konyan t\u00e1vol\u00edtja el a rozsd\u00e1t \u00e9s a szennyez\u0151d\u00e9seket meger\u0151ltet\u0151 s\u00farol\u00e1s n\u00e9lk\u00fcl|Hosszan tart\u00f3 v\u00e9delem: V\u00e9d\u0151r\u00e9teget k\u00e9pez, amely megakad\u00e1lyozza a tov\u00e1bbi korr\u00f3zi\u00f3t|K\u00f6nny\u0171 haszn\u00e1lat: Egyszer\u0171en alkalmazd, hagyd hatni, majd t\u00f6r\u00f6ld le|K\u00f6rnyezetbar\u00e1t: Nem m\u00e9rgez\u0151 formula k\u00e1ros g\u0151z\u00f6k \u00e9s vesz\u00e9lyes vegyi anyagok n\u00e9lk\u00fcl|T\u00e9rfogat: 200 ml, t\u00f6bb alkalmaz\u00e1sra elegend\u0151|Sokoldal\u00fa felhaszn\u00e1l\u00e1s: Alkalmas minden f\u00e9m fel\u00fcletre, az aut\u00f3 alv\u00e1z\u00e1t\u00f3l kezdve a szersz\u00e1mokig|Gyors sz\u00e1rad\u00e1s: A fel\u00fclet 20 perc alatt megsz\u00e1rad, k\u00e9szen \u00e1ll egy \u00faj bevonatra.|Nem m\u00e9rgez\u0151 formula: Biztons\u00e1gos otthoni \u00e9s k\u00fclt\u00e9ri haszn\u00e1latra, k\u00e1ros kibocs\u00e1t\u00e1sok n\u00e9lk\u00fcl<\/p>\n","protected":false},"featured_media":71644,"template":"","meta":[],"product_cat":[18,16,2752],"product_tag":[1500,1538,2753],"acf":[],"_links":{"self":[{"href":"https:\/\/smania.store\/hu\/wp-json\/wp\/v2\/product\/62653"}],"collection":[{"href":"https:\/\/smania.store\/hu\/wp-json\/wp\/v2\/product"}],"about":[{"href":"https:\/\/smania.store\/hu\/wp-json\/wp\/v2\/types\/product"}],"wp:featuredmedia":[{"embeddable":true,"href":"https:\/\/smania.store\/hu\/wp-json\/wp\/v2\/media\/71644"}],"wp:attachment":[{"href":"https:\/\/smania.store\/hu\/wp-json\/wp\/v2\/media?parent=62653"}],"wp:term":[{"taxonomy":"product_cat","embeddable":true,"href":"https:\/\/smania.store\/hu\/wp-json\/wp\/v2\/product_cat?post=62653"},{"taxonomy":"product_tag","embeddable":true,"href":"https:\/\/smania.store\/hu\/wp-json\/wp\/v2\/product_tag?post=62653"}],"curies":[{"name":"wp","href":"https:\/\/api.w.org\/{rel}","templated":true}]}}