{"id":62538,"date":"2024-09-04T12:45:49","date_gmt":"2024-09-04T10:45:49","guid":{"rendered":"https:\/\/smania.store\/hu\/termek\/leak-stop-clear-xl-vizallo-tomitoanyag\/"},"modified":"2026-04-18T15:09:27","modified_gmt":"2026-04-18T13:09:27","slug":"leak-stop-clear-xl-vizallo-tomitoanyag","status":"publish","type":"product","link":"https:\/\/smania.store\/hu\/termek\/leak-stop-clear-xl-vizallo-tomitoanyag\/","title":{"rendered":"Leak Stop Clear XL v\u00edz\u00e1ll\u00f3 t\u00f6m\u00edt\u0151anyag"},"content":{"rendered":"<div class=\"smania_landing_description_title\">\u00daJ! A t\u00f6k\u00e9letes v\u00edz\u00e1ll\u00f3 v\u00e9delem minden fel\u00fcletre<\/div>\n<div class=\"smania_landing_description_txt\">Reped\u00e9sek jav\u00edt\u00e1sa egy egyszer\u0171 l\u00e9p\u00e9sben<\/div>\n<div class=\"smania_landing_description_subtitle\">Ez az innovat\u00edv, \u00e1tl\u00e1tsz\u00f3 t\u00f6m\u00edt\u0151anyag lehet\u0151v\u00e9 teszi a reped\u00e9sek \u00e9s lyukak gyors jav\u00edt\u00e1s\u00e1t, valamint a nedvess\u00e9g \u00e9s a rozsda elleni v\u00e9delmet sz\u00e1mos kritikus fel\u00fcleten. Ne hagyja, hogy a nedvess\u00e9g vagy a korr\u00f3zi\u00f3 k\u00e1ros\u00edtsa tulajdon\u00e1t &#8211; biztos\u00edtsa a tart\u00f3s v\u00e9delmet.<\/div>\n<div class=\"smania_landing_description_list\">\n<ul>\n<li>Hossz\u00fa t\u00e1v\u00fa v\u00e9delmet ny\u00fajt a nedvess\u00e9g ellen<\/li>\n<li>Gyorsan sz\u00e1rad \u00e9s rugalmas marad<\/li>\n<li>L\u00e1thatatlan a legt\u00f6bb fel\u00fcleten<\/li>\n<li>K\u00fcl\u00f6nb\u00f6z\u0151 anyagokon haszn\u00e1lhat\u00f3<\/li>\n<li>Alkalmas v\u00e9kony bevonatk\u00e9nt \u00e9s kisebb reped\u00e9sek kit\u00f6lt\u00e9s\u00e9re<\/li>\n<\/ul><\/div>\n","protected":false},"excerpt":{"rendered":"<p>Hosszan tart\u00f3 v\u00e9delem a nedvess\u00e9g \u00e9s a rozsda ellen|L\u00e1thatatlan alkalmaz\u00e1s az eszt\u00e9tikus megjelen\u00e9s\u00e9rt|Gyorsan sz\u00e1rad\u00f3 \u00e9s rugalmas formula|Bels\u0151 \u00e9s k\u00fcls\u0151 fel\u00fcleteken egyar\u00e1nt haszn\u00e1lhat\u00f3|\u00c1ttetsz\u0151 sz\u00edn a l\u00e1thatatlan felhord\u00e1s\u00e9rt|K\u00fcl\u00f6nb\u00f6z\u0151 anyagokon, p\u00e9ld\u00e1ul f\u00e9men, betonon, m\u0171anyagon stb. haszn\u00e1lhat\u00f3.|Rugalmas felhord\u00e1s &#8211; ecsettel, hengerrel vagy k\u00f6zvetlen \u00f6nt\u00e9ssel is felhordhat\u00f3|Ellen\u00e1ll a sz\u00e9ls\u0151s\u00e9ges id\u0151j\u00e1r\u00e1si k\u00f6r\u00fclm\u00e9nyeknek \u00e9s az UV-sugaraknak|T\u00e9rfogat: 300 ml, 5 m\u00b2-ig elegend\u0151|MEGJEGYZ\u00c9S: a term\u00e9k a felhord\u00e1s ut\u00e1n is feh\u00e9rnek t\u0171nik, de sz\u00e1rad\u00e1s ut\u00e1n \u00e1tl\u00e1tsz\u00f3v\u00e1 v\u00e1lik<\/p>\n","protected":false},"featured_media":92351,"template":"","meta":[],"product_cat":[16,2752],"product_tag":[2766,1503],"acf":[],"_links":{"self":[{"href":"https:\/\/smania.store\/hu\/wp-json\/wp\/v2\/product\/62538"}],"collection":[{"href":"https:\/\/smania.store\/hu\/wp-json\/wp\/v2\/product"}],"about":[{"href":"https:\/\/smania.store\/hu\/wp-json\/wp\/v2\/types\/product"}],"wp:featuredmedia":[{"embeddable":true,"href":"https:\/\/smania.store\/hu\/wp-json\/wp\/v2\/media\/92351"}],"wp:attachment":[{"href":"https:\/\/smania.store\/hu\/wp-json\/wp\/v2\/media?parent=62538"}],"wp:term":[{"taxonomy":"product_cat","embeddable":true,"href":"https:\/\/smania.store\/hu\/wp-json\/wp\/v2\/product_cat?post=62538"},{"taxonomy":"product_tag","embeddable":true,"href":"https:\/\/smania.store\/hu\/wp-json\/wp\/v2\/product_tag?post=62538"}],"curies":[{"name":"wp","href":"https:\/\/api.w.org\/{rel}","templated":true}]}}