{"id":62496,"date":"2024-09-04T12:39:31","date_gmt":"2024-09-04T10:39:31","guid":{"rendered":"https:\/\/smania.store\/hu\/termek\/novenytap-floravita\/"},"modified":"2026-04-23T18:15:32","modified_gmt":"2026-04-23T16:15:32","slug":"novenytap-floravita","status":"publish","type":"product","link":"https:\/\/smania.store\/hu\/termek\/novenytap-floravita\/","title":{"rendered":"N\u00f6v\u00e9nyt\u00e1p Floravita"},"content":{"rendered":"<div class=\"smania_landing_description_title\">\u00daJDONS\u00c1G! Floravita \u2013 Keltsd \u00e9letre a n\u00f6v\u00e9nyeidet<\/div>\n<div class=\"smania_landing_description_txt\">Egy forradalmi n\u00f6v\u00e9nyt\u00e1p az er\u0151sebb \u00e9s eg\u00e9szs\u00e9gesebb n\u00f6v\u00e9nyek\u00e9rt<\/div>\n<div class=\"smania_landing_description_subtitle\">Szeretn\u00e9d, ha n\u00f6v\u00e9nyeid gyorsabban n\u0151n\u00e9nek, eg\u00e9szs\u00e9gesebbek lenn\u00e9nek, \u00e9s jobban vir\u00e1gozn\u00e1nak, mint valaha? A Floravita egy innovat\u00edv n\u00f6v\u00e9nyt\u00e1p, amelyet a legjobb szak\u00e9rt\u0151k fejlesztettek ki, hogy n\u00f6v\u00e9nyeid sz\u00e1m\u00e1ra kiv\u00e1l\u00f3 \u00e1pol\u00e1st biztos\u00edtson, \u00e9s gyorsabb n\u00f6veked\u00e9st \u00f6szt\u00f6n\u00f6zz\u00f6n.<\/div>\n<div class=\"smania_landing_description_list\">\n<ul>\n<li>Gyors\u00edtott n\u00f6veked\u00e9s: A Floravita lehet\u0151v\u00e9 teszi, hogy n\u00f6v\u00e9nyeid ak\u00e1r k\u00e9tszer olyan gyorsan n\u0151jenek, mint a piacon l\u00e9v\u0151 m\u00e1s t\u00e1pokkal<\/li>\n<li>Jav\u00edtott felsz\u00edv\u00f3d\u00e1s: Serkenti a gy\u00f6kereket, hogy jobban felsz\u00edvj\u00e1k a vizet \u00e9s a t\u00e1panyagokat, n\u00f6velve ezzel a n\u00f6veked\u00e9s hat\u00e9konys\u00e1g\u00e1t<\/li>\n<li>K\u00e1rtev\u0151v\u00e9delem: Term\u00e9szetes v\u00e9delmet ny\u00fajt, amely t\u00e1vol tartja a k\u00e1rtev\u0151ket, lehet\u0151v\u00e9 t\u00e9ve a zavartalan n\u00f6veked\u00e9st<\/li>\n<li>K\u00f6nny\u0171 haszn\u00e1lat: Egyszer\u0171en keverd el a javasolt adagot v\u00edzzel, \u00e9s alkalmazd a n\u00f6v\u00e9nyek k\u00f6r\u00fcl \u2013 gond n\u00e9lk\u00fcl<\/li>\n<li>K\u00f6rnyezetbar\u00e1t: Nem tartalmaz k\u00e1ros vegyi anyagokat vagy szintetikus adal\u00e9kokat, amelyek \u00e1rtalmasak lehetnek a k\u00f6rnyezetre<\/li>\n<\/ul>\n<\/div>\n","protected":false},"excerpt":{"rendered":"<p>Gyors \u00e9s eg\u00e9szs\u00e9ges n\u00f6veked\u00e9s: N\u00f6v\u00e9nyeid gyorsabban n\u0151nek, er\u0151sebbek \u00e9s ellen\u00e1ll\u00f3bbak lesznek|Hosszantart\u00f3 v\u00e9delem: Hat\u00e9konyan t\u00e1vol tartja a k\u00e1rtev\u0151ket, \u00e9s biztons\u00e1gban tartja n\u00f6v\u00e9nyeidet|Minden n\u00f6v\u00e9ny sz\u00e1m\u00e1ra alkalmas: Hasznos belt\u00e9ri \u00e9s k\u00fclt\u00e9ri n\u00f6v\u00e9nyek \u00e9s vir\u00e1gok eset\u00e9n is|K\u00f6rnyezetbar\u00e1t: Formula k\u00e1ros vegyi anyagok n\u00e9lk\u00fcl, biztons\u00e1gos a k\u00f6rnyezet \u00e9s az otthonod sz\u00e1m\u00e1ra|\u0170rtartalom: 200 ml koncentr\u00e1tum, t\u00f6bb haszn\u00e1latra elegend\u0151|Egyszer\u0171 alkalmaz\u00e1s: Keverd el v\u00edzzel, \u00e9s alkalmazd a n\u00f6v\u00e9nyek k\u00f6r\u00fcli talajra|Alkalmas belt\u00e9ri \u00e9s k\u00fclt\u00e9ri n\u00f6v\u00e9nyekhez: Ide\u00e1lis b\u00e1rmilyen kert\u00e9szeti projekthez|Kiv\u00e1l\u00f3 \u00e1pol\u00e1s: Olyan formula, amely biztos\u00edtja, hogy n\u00f6v\u00e9nyeid teljes pomp\u00e1jukban ragyogjanak<\/p>\n","protected":false},"featured_media":62486,"template":"","meta":[],"product_cat":[16],"product_tag":[1503],"acf":[],"_links":{"self":[{"href":"https:\/\/smania.store\/hu\/wp-json\/wp\/v2\/product\/62496"}],"collection":[{"href":"https:\/\/smania.store\/hu\/wp-json\/wp\/v2\/product"}],"about":[{"href":"https:\/\/smania.store\/hu\/wp-json\/wp\/v2\/types\/product"}],"wp:featuredmedia":[{"embeddable":true,"href":"https:\/\/smania.store\/hu\/wp-json\/wp\/v2\/media\/62486"}],"wp:attachment":[{"href":"https:\/\/smania.store\/hu\/wp-json\/wp\/v2\/media?parent=62496"}],"wp:term":[{"taxonomy":"product_cat","embeddable":true,"href":"https:\/\/smania.store\/hu\/wp-json\/wp\/v2\/product_cat?post=62496"},{"taxonomy":"product_tag","embeddable":true,"href":"https:\/\/smania.store\/hu\/wp-json\/wp\/v2\/product_tag?post=62496"}],"curies":[{"name":"wp","href":"https:\/\/api.w.org\/{rel}","templated":true}]}}