{"id":62452,"date":"2024-09-04T12:22:15","date_gmt":"2024-09-04T10:22:15","guid":{"rendered":"https:\/\/smania.store\/hu\/termek\/viva-vex-jardatisztito\/"},"modified":"2026-04-24T13:12:34","modified_gmt":"2026-04-24T11:12:34","slug":"viva-vex-jardatisztito","status":"publish","type":"product","link":"https:\/\/smania.store\/hu\/termek\/viva-vex-jardatisztito\/","title":{"rendered":"Viva Vex j\u00e1rdatiszt\u00edt\u00f3"},"content":{"rendered":"<div class=\"smania_landing_description_title\">\u00daJ! Viva Vex &#8211; k\u00f6nny\u0171 tiszt\u00edt\u00e1s, kiv\u00e1l\u00f3 eredm\u00e9ny<\/div>\n<div class=\"smania_landing_description_txt\">A t\u00f6k\u00e9letes eszk\u00f6z a makul\u00e1tlanul tiszta udvarhoz<\/div>\n<div class=\"smania_landing_description_subtitle\">Szeretn\u00e9, ha terasza, kerti \u00f6sv\u00e9nyei vagy kocsifelhajt\u00f3ja \u00fajra \u00fagy ragyogna, mintha \u00faj lenne? A Viva Vex seg\u00edts\u00e9g\u00e9vel gyorsan \u00e9s hat\u00e9konyan elt\u00e1vol\u00edthat minden makacs foltot, zs\u00edrfoltot, alg\u00e1t, pen\u00e9szt \u00e9s \u00e1sv\u00e1nyi lerak\u00f3d\u00e1st. Ez a rendk\u00edv\u00fcl hat\u00e9kony formula kifejezetten a legk\u00fcl\u00f6nb\u00f6z\u0151bb fel\u00fcletek tiszt\u00edt\u00e1s\u00e1ra lett kifejlesztve, ugyanakkor el\u00e9g k\u00edm\u00e9letes ahhoz, hogy ne k\u00e1ros\u00edtsa \u00e9rt\u00e9kes burkol\u00f3k\u00f6veit.<\/div>\n<div class=\"smania_landing_description_list\">\n<ul>\n<li>K\u00f6nny\u0171 foltelt\u00e1vol\u00edt\u00e1s: minim\u00e1lis er\u0151fesz\u00edt\u00e9ssel b\u00facs\u00fat mondhat a makacs foltoknak, zs\u00edrlerak\u00f3d\u00e1soknak \u00e9s alg\u00e1knak.<\/li>\n<li>Sokoldal\u00fa: Alkalmas gr\u00e1nit, m\u00e1rv\u00e1ny, homokk\u0151, ker\u00e1mia \u00e9s sok m\u00e1s anyaghoz is<\/li>\n<li>Kiv\u00e1l\u00f3 eredm\u00e9nyek: A Viva Vex biztos\u00edtja, hogy terasza vagy h\u00e1ts\u00f3 kertje \u00fajszer\u0171 lesz, f\u00fcggetlen\u00fcl a burkol\u00f3lapok kor\u00e1t\u00f3l<\/li>\n<li>Biztons\u00e1gos haszn\u00e1lat: B\u00e1r er\u0151s a szennyez\u0151d\u00e9sek ellen, helyes haszn\u00e1lat eset\u00e9n biztons\u00e1gos a fel\u00fcletek sz\u00e1m\u00e1ra<\/li>\n<li>Id\u0151t \u00e9s energi\u00e1t takar\u00edt meg: Gyors \u00e9s egyszer\u0171 tiszt\u00edt\u00e1s, f\u00e1rads\u00e1gos s\u00farol\u00e1s n\u00e9lk\u00fcl<\/li>\n<\/ul><\/div>\n","protected":false},"excerpt":{"rendered":"<p>Kiv\u00e9teles tiszt\u00edt\u00f3er\u0151: Gyorsan elt\u00e1vol\u00edtja m\u00e9g a legkem\u00e9nyebb foltokat \u00e9s lerak\u00f3d\u00e1sokat is|K\u00fcl\u00f6nb\u00f6z\u0151 anyagokhoz alkalmas: Gr\u00e1nit, m\u00e1rv\u00e1ny, homokk\u0151 \u00e9s m\u00e1s term\u00e9szetes k\u00f6vekhez is haszn\u00e1lhatja|K\u00f6nnyen haszn\u00e1lhat\u00f3: Egyszer\u0171en alkalmazza, v\u00e1rjon \u00e9s \u00f6bl\u00edtse le a gy\u00f6ny\u00f6r\u0171 eredm\u00e9ny\u00e9rt|K\u00edm\u00e9letes a fel\u00fcletekhez: Er\u0151s a szennyez\u0151d\u00e9sek ellen, de k\u00edm\u00e9letes a burkol\u00f3k\u00f6vekhez|T\u00e9rfogat: 500 ml, elegend\u0151 nagyobb fel\u00fcletekhez|Gyors hat\u00e1s: Hat\u00e9kony tiszt\u00edt\u00e1s hossz\u00fa v\u00e1rakoz\u00e1si id\u0151 n\u00e9lk\u00fcl|Sokoldal\u00fa: Ide\u00e1lis teraszokhoz, felhajt\u00f3khoz, kerti utakhoz \u00e9s minden k\u00fclt\u00e9ri k\u0151fel\u00fclethez|K\u00f6rnyezetbar\u00e1t: K\u00e1ros vegyi anyagok n\u00e9lk\u00fcl k\u00e9sz\u00fclt, k\u00edm\u00e9li a k\u00f6rnyezetet \u00e9s a k\u00f6rnyezet\u00e9t<\/p>\n","protected":false},"featured_media":92414,"template":"","meta":[],"product_cat":[16,2752],"product_tag":[1503,2753],"acf":[],"_links":{"self":[{"href":"https:\/\/smania.store\/hu\/wp-json\/wp\/v2\/product\/62452"}],"collection":[{"href":"https:\/\/smania.store\/hu\/wp-json\/wp\/v2\/product"}],"about":[{"href":"https:\/\/smania.store\/hu\/wp-json\/wp\/v2\/types\/product"}],"wp:featuredmedia":[{"embeddable":true,"href":"https:\/\/smania.store\/hu\/wp-json\/wp\/v2\/media\/92414"}],"wp:attachment":[{"href":"https:\/\/smania.store\/hu\/wp-json\/wp\/v2\/media?parent=62452"}],"wp:term":[{"taxonomy":"product_cat","embeddable":true,"href":"https:\/\/smania.store\/hu\/wp-json\/wp\/v2\/product_cat?post=62452"},{"taxonomy":"product_tag","embeddable":true,"href":"https:\/\/smania.store\/hu\/wp-json\/wp\/v2\/product_tag?post=62452"}],"curies":[{"name":"wp","href":"https:\/\/api.w.org\/{rel}","templated":true}]}}