{"id":49204,"date":"2023-07-19T11:13:35","date_gmt":"2023-07-19T09:13:35","guid":{"rendered":"https:\/\/smania.store\/hu\/termek\/tidix-szekreny-rendezo-szett\/"},"modified":"2026-04-01T06:41:41","modified_gmt":"2026-04-01T04:41:41","slug":"tidix-szekreny-rendezo-szett","status":"publish","type":"product","link":"https:\/\/smania.store\/hu\/termek\/tidix-szekreny-rendezo-szett\/","title":{"rendered":"TidiX szekr\u00e9ny rendez\u0151 szett"},"content":{"rendered":"<div class=\"smania_landing_description_title\">\u00daJ! TidiX szekr\u00e9ny rendez\u0151<\/div>\n<div class=\"smania_landing_description_txt\">Hozza ki a legt\u00f6bbet szekr\u00e9ny\u00e9b\u0151l!<\/div>\n<div class=\"smania_landing_description_subtitle\">Rendszerezze kedvenc bugyij\u00e1t, zoknij\u00e1t, melltart\u00f3j\u00e1t vagy kieg\u00e9sz\u00edt\u0151it a sokoldal\u00fa TidiX szekr\u00e9ny rendez\u0151vel. \u00c1ll\u00edthat\u00f3 rekeszeivel, kompakt m\u00e9ret\u00e9vel \u00e9s lyukmentes be\u00e9p\u00edt\u00e9s\u00e9vel ez az eleg\u00e1ns \u00e9s robusztus t\u00e1rol\u00f3doboz t\u00f6k\u00e9letes a f\u00fcgg\u0151leges hely maximaliz\u00e1l\u00e1s\u00e1ra a szekr\u00e9nyben, a kom\u00f3dban vagy a falon.<\/div>\n<div class=\"smania_landing_description_list\">\n<ul>\n<li>Eleg\u00e1ns, \u00e1tl\u00e1tsz\u00f3 kivitel<\/li>\n<li>6 \u00e1ll\u00edthat\u00f3 t\u00e1rol\u00f3rekesz<\/li>\n<li>T\u00f6bb bugyi, zokni vagy melltart\u00f3 elf\u00e9r benne<\/li>\n<li>Lyukmentes telep\u00edt\u00e9s a sokoldal\u00fa felhaszn\u00e1l\u00e1s \u00e9rdek\u00e9ben<\/li>\n<li>3 sz\u00ednben, 4 darabos k\u00e9szletben kaphat\u00f3<\/li>\n<\/ul><\/div>\n","protected":false},"excerpt":{"rendered":"<p>6 rekesz|Kivehet\u0151 elv\u00e1laszt\u00f3 falak|Sima kih\u00fazhat\u00f3 kialak\u00edt\u00e1s|Helytakar\u00e9kos haszn\u00e1lat|Alkalmas k\u00e1belekhez, \u00e9kszerekhez, f\u0171szerekhez \u00e9s egy\u00e9b apr\u00f3 t\u00e1rgyakhoz|Telep\u00edt\u00e9s f\u00far\u00e1s n\u00e9lk\u00fcl|Por\u00e1ll\u00f3 \u00e9s v\u00edz\u00e1ll\u00f3|Anyag: HIPS, PET|M\u00e9ret: 36 \u00d7 8,3 \u00d7 10,7 cm|S\u00faly: 400 g\/darab<\/p>\n","protected":false},"featured_media":49195,"template":"","meta":[],"product_cat":[16,2464,2427],"product_tag":[1538],"acf":[],"_links":{"self":[{"href":"https:\/\/smania.store\/hu\/wp-json\/wp\/v2\/product\/49204"}],"collection":[{"href":"https:\/\/smania.store\/hu\/wp-json\/wp\/v2\/product"}],"about":[{"href":"https:\/\/smania.store\/hu\/wp-json\/wp\/v2\/types\/product"}],"wp:featuredmedia":[{"embeddable":true,"href":"https:\/\/smania.store\/hu\/wp-json\/wp\/v2\/media\/49195"}],"wp:attachment":[{"href":"https:\/\/smania.store\/hu\/wp-json\/wp\/v2\/media?parent=49204"}],"wp:term":[{"taxonomy":"product_cat","embeddable":true,"href":"https:\/\/smania.store\/hu\/wp-json\/wp\/v2\/product_cat?post=49204"},{"taxonomy":"product_tag","embeddable":true,"href":"https:\/\/smania.store\/hu\/wp-json\/wp\/v2\/product_tag?post=49204"}],"curies":[{"name":"wp","href":"https:\/\/api.w.org\/{rel}","templated":true}]}}