{"id":47288,"date":"2023-06-02T09:52:19","date_gmt":"2023-06-02T07:52:19","guid":{"rendered":"https:\/\/smania.store\/hu\/termek\/eyego-hordozhato-szemuveg-rendszerezo\/"},"modified":"2026-03-23T15:14:00","modified_gmt":"2026-03-23T14:14:00","slug":"eyego-hordozhato-szemuveg-rendszerezo","status":"publish","type":"product","link":"https:\/\/smania.store\/hu\/termek\/eyego-hordozhato-szemuveg-rendszerezo\/","title":{"rendered":"EyeGo hordozhat\u00f3 szem\u00fcveg rendszerez\u0151"},"content":{"rendered":"<div class=\"smania_landing_description_title\">\u00faj! EyeGo hordozhat\u00f3 szem\u00fcveg rendszerez\u0151<\/div>\n<div class=\"smania_landing_description_txt\">Tegye be a szem\u00fcveg\u00e9t, tekerje fel, rakja a t\u00e1sk\u00e1j\u00e1ba, \u00e9s induljon!<\/div>\n<div class=\"smania_landing_description_subtitle\">Az EyeGo praktikus \u00e9s st\u00edlusos kialak\u00edt\u00e1sa t\u00f6k\u00e9letesen illeszkedik minden b\u0151r\u00f6ndbe \u00e9s h\u00e1tizs\u00e1kba , \u00edgy ide\u00e1lis utaz\u00e1shoz. 6 k\u00fcl\u00f6n ny\u00edl\u00e1ssal rendelkezik a szem\u00fcveg\u00e9hez, \u00edgy nem kell agg\u00f3dnia a s\u00e9r\u00fcl\u00e9sek miatt.<\/div>\n<div class=\"smania_landing_description_list\">\n<ul>\n<li>Alkalmas minden m\u00e9ret\u0171 szem\u00fcveghez<\/li>\n<li>Vel\u00farral b\u00e9lelve a v\u00e9delem \u00e9rdek\u00e9ben<\/li>\n<li>Egyedi \u00f6sszecsukhat\u00f3 kivitel<\/li>\n<li>6 ny\u00edl\u00e1s a t\u00e1rol\u00e1shoz<\/li>\n<li>Utaz\u00e1shoz t\u00f6k\u00e9letes<\/li>\n<\/ul><\/div>\n","protected":false},"excerpt":{"rendered":"<p>Legfeljebb 6 szem\u00fcveg t\u00e1rol\u00e1s\u00e1ra alkalmas|Egyed\u00fcl\u00e1ll\u00f3 \u00f6sszecsukhat\u00f3 kialak\u00edt\u00e1s, amely helyet takar\u00edt meg|A praktikus foganty\u00fa lehet\u0151v\u00e9 teszi, hogy hordozza vagy a falra akassza|Biztons\u00e1gos h\u00e1romgombos z\u00e1r\u00f3d\u00e1s |Haszn\u00e1lhatja \u00f3r\u00e1k, \u00e9kszerek, kozmetikumok \u00e9s egy\u00e9b apr\u00f3 t\u00e1rgyak t\u00e1rol\u00e1s\u00e1ra is|Megv\u00e9di szem\u00fcveg\u00e9t a port\u00f3l \u00e9s a s\u00e9r\u00fcl\u00e9sekt\u0151l|2 st\u00edlusos sz\u00ednben kaphat\u00f3|M\u00e9ret: 16,5 \u00d7 16,2 \u00d7 14,5 cm<\/p>\n","protected":false},"featured_media":47280,"template":"","meta":[],"product_cat":[22,2303],"product_tag":[1512],"acf":[],"_links":{"self":[{"href":"https:\/\/smania.store\/hu\/wp-json\/wp\/v2\/product\/47288"}],"collection":[{"href":"https:\/\/smania.store\/hu\/wp-json\/wp\/v2\/product"}],"about":[{"href":"https:\/\/smania.store\/hu\/wp-json\/wp\/v2\/types\/product"}],"wp:featuredmedia":[{"embeddable":true,"href":"https:\/\/smania.store\/hu\/wp-json\/wp\/v2\/media\/47280"}],"wp:attachment":[{"href":"https:\/\/smania.store\/hu\/wp-json\/wp\/v2\/media?parent=47288"}],"wp:term":[{"taxonomy":"product_cat","embeddable":true,"href":"https:\/\/smania.store\/hu\/wp-json\/wp\/v2\/product_cat?post=47288"},{"taxonomy":"product_tag","embeddable":true,"href":"https:\/\/smania.store\/hu\/wp-json\/wp\/v2\/product_tag?post=47288"}],"curies":[{"name":"wp","href":"https:\/\/api.w.org\/{rel}","templated":true}]}}