{"id":47229,"date":"2023-06-02T08:49:00","date_gmt":"2023-06-02T06:49:00","guid":{"rendered":"https:\/\/smania.store\/hu\/termek\/gnomestock-kerti-gnom-par\/"},"modified":"2025-10-06T20:07:08","modified_gmt":"2025-10-06T18:07:08","slug":"gnomestock-kerti-gnom-par","status":"publish","type":"product","link":"https:\/\/smania.store\/hu\/termek\/gnomestock-kerti-gnom-par\/","title":{"rendered":"Gnomestock kerti gn\u00f3m p\u00e1r"},"content":{"rendered":"<div class=\"smania_landing_description_title\">\u00daj! \u270c Gnomestock kerti gn\u00f3m p\u00e1r<\/div>\n<div class=\"smania_landing_description_txt\">Nyer\u0151 p\u00e1ros!<\/div>\n<div class=\"smania_landing_description_subtitle\">Mi lehetne jobb m\u00f3dja annak, hogy d\u00edsz\u00edtse sz\u00ednes \u00e9s vir\u00e1gz\u00f3 vir\u00e1g\u00e1gy\u00e1s\u00e1t, mint egy p\u00e1r b\u00e9keszeret\u0151 gn\u00f3m, akik sz\u00edvesen t\u00f6ltik napjaikat a napon s\u00fctk\u00e9rezve \u00e9s a term\u00e9szetet hallgatva.<\/div>\n<div class=\"smania_landing_description_list\">\n<ul>\n<li>Sz\u00f3rakoztat\u00f3 hippi mot\u00edvum<\/li>\n<li>Laza gn\u00f3m p\u00e1r<\/li>\n<li>V\u00edz\u00e1ll\u00f3<\/li>\n<li>Kellemes kerti dekor\u00e1ci\u00f3<\/li>\n<li>Remek h\u00e1zavat\u00f3 aj\u00e1nd\u00e9k<\/li>\n<\/ul><\/div>\n","protected":false},"excerpt":{"rendered":"<p>Vicces dekor\u00e1ci\u00f3|Hippi kivitel|Ellen\u00e1ll az id\u0151j\u00e1r\u00e1snak|Ide\u00e1lis belt\u00e9ri vagy k\u00fclt\u00e9ri haszn\u00e1latra|Kerti disz|Anyag: gyanta|M\u00e9ret: 25,4 x 14,6 x 13,4 cm|S\u00faly (gn\u00f3mk\u00e9mt): 0,9 kg<\/p>\n","protected":false},"featured_media":47444,"template":"","meta":[],"product_cat":[16,2251,2338],"product_tag":[1503,1555],"acf":[],"_links":{"self":[{"href":"https:\/\/smania.store\/hu\/wp-json\/wp\/v2\/product\/47229"}],"collection":[{"href":"https:\/\/smania.store\/hu\/wp-json\/wp\/v2\/product"}],"about":[{"href":"https:\/\/smania.store\/hu\/wp-json\/wp\/v2\/types\/product"}],"wp:featuredmedia":[{"embeddable":true,"href":"https:\/\/smania.store\/hu\/wp-json\/wp\/v2\/media\/47444"}],"wp:attachment":[{"href":"https:\/\/smania.store\/hu\/wp-json\/wp\/v2\/media?parent=47229"}],"wp:term":[{"taxonomy":"product_cat","embeddable":true,"href":"https:\/\/smania.store\/hu\/wp-json\/wp\/v2\/product_cat?post=47229"},{"taxonomy":"product_tag","embeddable":true,"href":"https:\/\/smania.store\/hu\/wp-json\/wp\/v2\/product_tag?post=47229"}],"curies":[{"name":"wp","href":"https:\/\/api.w.org\/{rel}","templated":true}]}}