{"id":46587,"date":"2023-05-10T10:06:38","date_gmt":"2023-05-10T08:06:38","guid":{"rendered":"https:\/\/smania.store\/hu\/termek\/sizzler-bbq-jelolo\/"},"modified":"2026-04-06T19:56:53","modified_gmt":"2026-04-06T17:56:53","slug":"sizzler-bbq-jelolo","status":"publish","type":"product","link":"https:\/\/smania.store\/hu\/termek\/sizzler-bbq-jelolo\/","title":{"rendered":"Sizzler BBQ jel\u00f6l\u0151"},"content":{"rendered":"<div class=\"smania_landing_description_title\">\u00daJ! Sizzler BBQ jel\u00f6l\u0151<\/div>\n<div class=\"smania_landing_description_txt\">Lepje meg vend\u00e9geit szem\u00e9lyre szabott steakekkel!<\/div>\n<div class=\"smania_landing_description_subtitle\">Dobja fel a k\u00f6vetkez\u0151 BBQ-partit a kiv\u00e1l\u00f3 min\u0151s\u00e9g\u0171 Sizzler jel\u00f6l\u0151t. Az 55 bet\u0171vel \u00e9s 8 sz\u00f3k\u00f6zzel egyszer\u0171en egyedi \u00fczeneteket, neveket vagy vicceket adhat hozz\u00e1 a steakekhez, hamburgerekhez, csirk\u00e9hez \u00e9s m\u00e9g z\u00f6lds\u00e9gekhez is. Szerezze be a Sizzler jel\u00f6l\u0151t most, \u00e9s legyen igazi grillmester!<\/div>\n<div class=\"smania_landing_description_list\">\n<ul>\n<li>Egyedi \u00fczenetek, nevek \u00e9s viccek<\/li>\n<li>K\u00f6nnyen m\u00f3dos\u00edthat\u00f3 felirat<\/li>\n<li>J\u00f3 sz\u00f3rakoz\u00e1st ad a grillpartihoz<\/li>\n<li>Ide\u00e1lis steakekhez, hamburgerekhez, csirk\u00e9hez \u00e9s m\u00e9g z\u00f6lds\u00e9gekhez is<\/li>\n<li>Kiv\u00e1l\u00f3 min\u0151s\u00e9g\u0171, tart\u00f3s anyagokb\u00f3l k\u00e9sz\u00fclt<\/li>\n<\/ul><\/div>\n","protected":false},"excerpt":{"rendered":"<p>H\u0151\u00e1ll\u00f3 fa foganty\u00fa|K\u00f6nny\u0171 \u00e9s hordozhat\u00f3|Kiv\u00e1l\u00f3 aj\u00e1nd\u00e9k a BBQ szerelmeseinek \u00e9s grillez\u0151knek|55 bet\u0171t \u00e9s 8 sz\u00f3k\u00f6zt tartalmaz|K\u00f6nnyen haszn\u00e1lhat\u00f3 \u00e9s tiszt\u00edthat\u00f3|Tart\u00f3s \u00e9s hossz\u00fa \u00e9lettartam\u00fa|Anyaga: alum\u00ednium \u00f6tv\u00f6zet, fa|Jel\u00f6l\u0151 m\u00e9rete: 43,5 \u00d7 8,7 cm<\/p>\n","protected":false},"featured_media":46577,"template":"","meta":[],"product_cat":[2253,223,2386],"product_tag":[1496],"acf":[],"_links":{"self":[{"href":"https:\/\/smania.store\/hu\/wp-json\/wp\/v2\/product\/46587"}],"collection":[{"href":"https:\/\/smania.store\/hu\/wp-json\/wp\/v2\/product"}],"about":[{"href":"https:\/\/smania.store\/hu\/wp-json\/wp\/v2\/types\/product"}],"wp:featuredmedia":[{"embeddable":true,"href":"https:\/\/smania.store\/hu\/wp-json\/wp\/v2\/media\/46577"}],"wp:attachment":[{"href":"https:\/\/smania.store\/hu\/wp-json\/wp\/v2\/media?parent=46587"}],"wp:term":[{"taxonomy":"product_cat","embeddable":true,"href":"https:\/\/smania.store\/hu\/wp-json\/wp\/v2\/product_cat?post=46587"},{"taxonomy":"product_tag","embeddable":true,"href":"https:\/\/smania.store\/hu\/wp-json\/wp\/v2\/product_tag?post=46587"}],"curies":[{"name":"wp","href":"https:\/\/api.w.org\/{rel}","templated":true}]}}