{"id":36526,"date":"2022-11-25T13:49:59","date_gmt":"2022-11-25T12:49:59","guid":{"rendered":"https:\/\/smania.store\/hu\/termek\/jollytree-tancolo-karacsonyfa\/"},"modified":"2023-11-30T14:04:55","modified_gmt":"2023-11-30T13:04:55","slug":"jollytree-tancolo-karacsonyfa","status":"publish","type":"product","link":"https:\/\/smania.store\/hu\/termek\/jollytree-tancolo-karacsonyfa\/","title":{"rendered":"JollyTree t\u00e1ncol\u00f3 kar\u00e1csonyfa"},"content":{"rendered":"<div class=\"smania_landing_description_title\">\u00dcnnepies! JollyTree t\u00e1ncol\u00f3 kar\u00e1csonyfa<\/div>\n<div class=\"smania_landing_description_txt\">Vigye be otthon\u00e1ba az \u00fcnnepies hangulatot!<\/div>\n<div class=\"smania_landing_description_subtitle\">D\u00edsz\u00edtse fel otthon\u00e1t a hihetetlen JollyTree t\u00e1ncol\u00f3 kar\u00e1csonyf\u00e1val, \u00e9s id\u00e9zze el\u0151 a kar\u00e1csony szellem\u00e9t.<\/div>\n<div class=\"smania_landing_description_list\">\n<ul>\n<li>N\u00e9pszer\u0171 kar\u00e1csonyi dallamra t\u00e1ncol<\/li>\n<li>Kiv\u00e1l\u00f3 t\u00e1ncmozdulatok egy ilyen kis f\u00e1hoz k\u00e9pest<\/li>\n<li>T\u00f6k\u00e9letes kar\u00e1csonyi d\u00edsz<\/li>\n<li>Vicces arc \u00e9s aranyos mozg\u00f3 karok<\/li>\n<\/ul><\/div>\n","protected":false},"excerpt":{"rendered":"<p>&#8222;Jingle Bells&#8221;-t \u00e9nekel|Csod\u00e1latos t\u00e1ncmozdulatok|Nagyszer\u0171 aj\u00e1nd\u00e9k gyerekeknek \u00e9s csal\u00e1doknak|T\u00e1pell\u00e1t\u00e1s: 3 \u00d7 AA elem (nem mell\u00e9kelt)|Anyaga: m\u0171anyag, flanel|S m\u00e9ret: 7 \u00d7 16 cm|M m\u00e9ret: 8 \u00d7 20 cm|L m\u00e9ret: 10 \u00d7 24 cm<\/p>\n","protected":false},"featured_media":36748,"template":"","meta":[],"product_cat":[23,2162,2623],"product_tag":[2112],"acf":[],"_links":{"self":[{"href":"https:\/\/smania.store\/hu\/wp-json\/wp\/v2\/product\/36526"}],"collection":[{"href":"https:\/\/smania.store\/hu\/wp-json\/wp\/v2\/product"}],"about":[{"href":"https:\/\/smania.store\/hu\/wp-json\/wp\/v2\/types\/product"}],"wp:featuredmedia":[{"embeddable":true,"href":"https:\/\/smania.store\/hu\/wp-json\/wp\/v2\/media\/36748"}],"wp:attachment":[{"href":"https:\/\/smania.store\/hu\/wp-json\/wp\/v2\/media?parent=36526"}],"wp:term":[{"taxonomy":"product_cat","embeddable":true,"href":"https:\/\/smania.store\/hu\/wp-json\/wp\/v2\/product_cat?post=36526"},{"taxonomy":"product_tag","embeddable":true,"href":"https:\/\/smania.store\/hu\/wp-json\/wp\/v2\/product_tag?post=36526"}],"curies":[{"name":"wp","href":"https:\/\/api.w.org\/{rel}","templated":true}]}}