{"id":34571,"date":"2022-10-11T13:24:29","date_gmt":"2022-10-11T11:24:29","guid":{"rendered":"https:\/\/smania.store\/hu\/termek\/docsafe-irattaska\/"},"modified":"2026-04-03T18:11:35","modified_gmt":"2026-04-03T16:11:35","slug":"docsafe-irattaska","status":"publish","type":"product","link":"https:\/\/smania.store\/hu\/termek\/docsafe-irattaska\/","title":{"rendered":"DocSafe iratt\u00e1ska"},"content":{"rendered":"<div class=\"smania_landing_description_title\">\u00daJ! DocSafe iratt\u00e1ska<\/div>\n<div class=\"smania_landing_description_txt\">Tartsa biztons\u00e1gban a fontos pap\u00edrdokumentumait!<\/div>\n<div class=\"smania_landing_description_subtitle\">Egyes pap\u00edralap\u00fa dokumentumok tov\u00e1bbra is nagy szerepet j\u00e1tszanak az \u00d6n \u00fczleti \u00e9s mag\u00e1n\u00e9let\u00e9ben. A DocSafe v\u00e9d\u0151- \u00e9s t\u00e1rol\u00f3t\u00e1ska rendezetten tartja dokumentumait, mik\u00f6zben gondoskodik a biztons\u00e1gukr\u00f3l.<\/div>\n<div class=\"smania_landing_description_list\">\n<ul>\n<li>T\u00f6bb nem lev\u00e1laszthat\u00f3 r\u00e9teg<\/li>\n<li>A k\u00fcl\u00f6nb\u00f6z\u0151 rekeszek k\u00e9pesek t\u00e1rolni minden dokumentumot<\/li>\n<li>Kiv\u00e1l\u00f3 min\u0151s\u00e9g\u0171, tart\u00f3s \u00e9s v\u00edz\u00e1ll\u00f3 anyag<\/li>\n<li>3 sz\u00e1mjegy\u0171 biztons\u00e1gi z\u00e1r az extra v\u00e9delem\u00e9rt<\/li>\n<li>Ide\u00e1lis k\u00e1rty\u00e1khoz, \u00fatlevelekhez, A4-es pap\u00edrlapokhoz, f\u00e9nyk\u00e9pekhez \u00e9s egyebekhez<\/li>\n<li>Figyelem: a k\u00f6t\u0151dr\u00f3t nem tartoz\u00e9k \u00e9s a r\u00e9tegek nem lev\u00e1laszthat\u00f3k!<\/li>\n<\/ul><\/div>\n","protected":false},"excerpt":{"rendered":"<p>3 sz\u00e1mjegy\u0171 biztons\u00e1gi z\u00e1r|K\u00e9nyelmes b\u0151r\u00f6ndh\u00f6z r\u00f6gz\u00edt\u0151 p\u00e1nt|Praktikus foganty\u00fa a hordoz\u00e1shoz|Sim\u00e1n fut\u00f3 cipz\u00e1r|4 nem levehet\u0151 r\u00e9teg|V\u00e1lasszon k\u00fcl\u00f6nb\u00f6z\u0151 sz\u00ednek k\u00f6z\u00fcl|M\u00e9ret: 37 \u00d7 27 \u00d7 20 cm|Anyaga: oxford sz\u00f6vet<\/p>\n","protected":false},"featured_media":91833,"template":"","meta":[],"product_cat":[16],"product_tag":[1538],"acf":[],"_links":{"self":[{"href":"https:\/\/smania.store\/hu\/wp-json\/wp\/v2\/product\/34571"}],"collection":[{"href":"https:\/\/smania.store\/hu\/wp-json\/wp\/v2\/product"}],"about":[{"href":"https:\/\/smania.store\/hu\/wp-json\/wp\/v2\/types\/product"}],"wp:featuredmedia":[{"embeddable":true,"href":"https:\/\/smania.store\/hu\/wp-json\/wp\/v2\/media\/91833"}],"wp:attachment":[{"href":"https:\/\/smania.store\/hu\/wp-json\/wp\/v2\/media?parent=34571"}],"wp:term":[{"taxonomy":"product_cat","embeddable":true,"href":"https:\/\/smania.store\/hu\/wp-json\/wp\/v2\/product_cat?post=34571"},{"taxonomy":"product_tag","embeddable":true,"href":"https:\/\/smania.store\/hu\/wp-json\/wp\/v2\/product_tag?post=34571"}],"curies":[{"name":"wp","href":"https:\/\/api.w.org\/{rel}","templated":true}]}}