{"id":34418,"date":"2022-10-05T09:58:58","date_gmt":"2022-10-05T07:58:58","guid":{"rendered":"https:\/\/smania.store\/hu\/termek\/constructy-kotrogep-jatekkeszlet\/"},"modified":"2024-12-10T12:27:38","modified_gmt":"2024-12-10T11:27:38","slug":"constructy-kotrogep-jatekkeszlet","status":"publish","type":"product","link":"https:\/\/smania.store\/hu\/termek\/constructy-kotrogep-jatekkeszlet\/","title":{"rendered":"Constructy kotr\u00f3g\u00e9p j\u00e1t\u00e9kk\u00e9szlet"},"content":{"rendered":"<div class=\"smania_landing_description_title\">\u00daJ! Constructy kotr\u00f3g\u00e9p j\u00e1t\u00e9kk\u00e9szlet<\/div>\n<div class=\"smania_landing_description_txt\">Szerelje \u00f6ssze \u00e9s kezelje a legcsod\u00e1latosabb kotr\u00f3g\u00e9pet!<\/div>\n<div class=\"smania_landing_description_subtitle\">Ez a kotr\u00f3g\u00e9p j\u00e1t\u00e9kk\u00e9szlet nagyszer\u0171 eszk\u00f6z, amely seg\u00edt a gyerekeknek kor\u00e1n felfedezni a mechanika vil\u00e1g\u00e1t. Cser\u00e9lje ki a gumiabroncsokat, a kotr\u00f3g\u00e9p tartoz\u00e9kokat, adjon hozz\u00e1 r\u00e1mp\u00e1kat a j\u00e1rm\u0171vekhez, \u00e9s alkosson \u00fajra egy izgalmas \u00e9p\u00edtkez\u00e9st a Constructy j\u00e1t\u00e9kk\u00e9szlettel!<\/div>\n<div class=\"smania_landing_description_list\">\n<ul>\n<li>Vonz\u00f3 \u00e9s mag\u00e1val ragad\u00f3 kivitel k\u00fcl\u00f6nf\u00e9le mozgathat\u00f3 r\u00e9szekkel <\/li>\n<li>Haszn\u00e1lja a mell\u00e9kelt csavarh\u00faz\u00f3t vagy f\u00far\u00f3g\u00e9pet a gumiabroncsok cser\u00e9j\u00e9hez \u00e9s a kotr\u00f3g\u00e9p \u00e1talak\u00edt\u00e1s\u00e1hoz<\/li>\n<li>Vastag \u00e9s kiv\u00e1l\u00f3 min\u0151s\u00e9g\u0171 ABS anyagb\u00f3l k\u00e9sz\u00fclt<\/li>\n<li>Seg\u00edti a gyermek alapvet\u0151 finommotoros k\u00e9pess\u00e9geinek fejleszt\u00e9s\u00e9t<\/li>\n<li>A kib\u0151v\u00edtett k\u00e9szlet egy elektromos f\u00far\u00f3t \u00e9s 13 tov\u00e1bbi j\u00e1t\u00e9ktartoz\u00e9kot tartalmaz<\/li>\n<\/ul><\/div>\n","protected":false},"excerpt":{"rendered":"<p>Gyermeke k\u00f6nnyed\u00e9n cser\u00e9lheti a gumiabroncsokat \u00e9s a kotr\u00f3g\u00e9p tartoz\u00e9kait|Sok mozg\u00f3 alkatr\u00e9sz|4 tov\u00e1bbi j\u00e1rm\u0171 \u00e9s k\u00fcl\u00f6nf\u00e9le tartoz\u00e9kok|Nagyszer\u0171 aj\u00e1nd\u00e9k gyerekeknek|Alapk\u00e9szlet: 21 db|B\u0151v\u00edtett k\u00e9szlet: 35 db|Aj\u00e1nlott \u00e9letkor: 3 \u00e9ves kor felett|Anyag: ABS<\/p>\n","protected":false},"featured_media":34410,"template":"","meta":[],"product_cat":[17,2161,2162,2623,2427],"product_tag":[1535],"acf":[],"_links":{"self":[{"href":"https:\/\/smania.store\/hu\/wp-json\/wp\/v2\/product\/34418"}],"collection":[{"href":"https:\/\/smania.store\/hu\/wp-json\/wp\/v2\/product"}],"about":[{"href":"https:\/\/smania.store\/hu\/wp-json\/wp\/v2\/types\/product"}],"wp:featuredmedia":[{"embeddable":true,"href":"https:\/\/smania.store\/hu\/wp-json\/wp\/v2\/media\/34410"}],"wp:attachment":[{"href":"https:\/\/smania.store\/hu\/wp-json\/wp\/v2\/media?parent=34418"}],"wp:term":[{"taxonomy":"product_cat","embeddable":true,"href":"https:\/\/smania.store\/hu\/wp-json\/wp\/v2\/product_cat?post=34418"},{"taxonomy":"product_tag","embeddable":true,"href":"https:\/\/smania.store\/hu\/wp-json\/wp\/v2\/product_tag?post=34418"}],"curies":[{"name":"wp","href":"https:\/\/api.w.org\/{rel}","templated":true}]}}