{"id":33216,"date":"2022-08-05T12:50:48","date_gmt":"2022-08-05T10:50:48","guid":{"rendered":"https:\/\/smania.store\/hu\/termek\/cv-gumiharang-bilincs-fogo\/"},"modified":"2024-01-05T07:43:37","modified_gmt":"2024-01-05T06:43:37","slug":"cv-gumiharang-bilincs-fogo","status":"publish","type":"product","link":"https:\/\/smania.store\/hu\/termek\/cv-gumiharang-bilincs-fogo\/","title":{"rendered":"CV gumiharang-bilincs fog\u00f3"},"content":{"rendered":"<div class=\"smania_landing_description_title\">\u00daJ! CV gumiharang-bilincs fog\u00f3<\/div>\n<div class=\"smania_landing_description_txt\">N\u00e9lk\u00fcl\u00f6zhetetlen eszk\u00f6z minden gar\u00e1zsban!<\/div>\n<div class=\"smania_landing_description_subtitle\">N\u00e9h\u00e1ny perc alatt szerelje fel \u00e9s h\u00fazza meg a bilincseket az aut\u00f3ja r\u00e9szein. Ak\u00e1r professzion\u00e1lis szerel\u0151, ak\u00e1r csak aut\u00f3 kedvel\u0151, aki szereti szerelgetni az aut\u00f3kat, ez az eszk\u00f6z \u00e9rt\u00e9kes id\u0151t takar\u00edt meg, \u00e9s megk\u00f6nny\u00edti munk\u00e1j\u00e1t.<\/div>\n<div class=\"smania_landing_description_list\">\n<ul>\n<li>Be\u00e9p\u00edtett v\u00e1g\u00f3 \u2013 egyszer\u0171en ford\u00edtsa el\u0151re a kart a bilincs lev\u00e1g\u00e1s\u00e1hoz<\/li>\n<li>Hossz\u00fa \u00e9lettartam \u00e9s strapab\u00edr\u00f3 kivitel<\/li>\n<li>10 mm sz\u00e9less\u00e9g\u0171 hevederszer\u0171 bilincsekhez alkalmas<\/li>\n<li>Az ergon\u00f3mikus foganty\u00fa prec\u00edz haszn\u00e1latot tesz lehet\u0151v\u00e9, \u00e9s megakad\u00e1lyozza a cs\u00fasz\u00e1st<\/li>\n<li>T\u00f6k\u00e9letes f\u00e9m bilincsek megh\u00faz\u00e1s\u00e1ra k\u00fcl\u00f6nb\u00f6z\u0151 aut\u00f3alkatr\u00e9szeken<\/li>\n<\/ul><\/div>\n","protected":false},"excerpt":{"rendered":"<p>A bilincsek egyszer\u0171 megh\u00faz\u00e1sa|Be\u00e9p\u00edtett bilincsv\u00e1g\u00f3|Tart\u00f3s \u00e9s hat\u00e9kony|Minden aut\u00f3szerel\u0151 n\u00e9lk\u00fcl\u00f6zhetetlen eszk\u00f6ze|K\u00f6nny\u0171 \u00e9s hordozhat\u00f3|M\u00e9ret: 220 \u00d7 51 mm|Anyaga: sz\u00e9nac\u00e9l|100 % el\u00e9gedetts\u00e9gi garancia<\/p>\n","protected":false},"featured_media":33209,"template":"","meta":[],"product_cat":[18],"product_tag":[1774],"acf":[],"_links":{"self":[{"href":"https:\/\/smania.store\/hu\/wp-json\/wp\/v2\/product\/33216"}],"collection":[{"href":"https:\/\/smania.store\/hu\/wp-json\/wp\/v2\/product"}],"about":[{"href":"https:\/\/smania.store\/hu\/wp-json\/wp\/v2\/types\/product"}],"wp:featuredmedia":[{"embeddable":true,"href":"https:\/\/smania.store\/hu\/wp-json\/wp\/v2\/media\/33209"}],"wp:attachment":[{"href":"https:\/\/smania.store\/hu\/wp-json\/wp\/v2\/media?parent=33216"}],"wp:term":[{"taxonomy":"product_cat","embeddable":true,"href":"https:\/\/smania.store\/hu\/wp-json\/wp\/v2\/product_cat?post=33216"},{"taxonomy":"product_tag","embeddable":true,"href":"https:\/\/smania.store\/hu\/wp-json\/wp\/v2\/product_tag?post=33216"}],"curies":[{"name":"wp","href":"https:\/\/api.w.org\/{rel}","templated":true}]}}